{"id":23489,"date":"2018-06-05T10:08:39","date_gmt":"2018-06-05T08:08:39","guid":{"rendered":"https:\/\/expert-only.com\/?page_id=23489"},"modified":"2023-03-20T14:30:52","modified_gmt":"2023-03-20T13:30:52","slug":"quienes-somos","status":"publish","type":"page","link":"https:\/\/expert-only.com\/es\/quienes-somos\/","title":{"rendered":"\u00bfQui\u00e9nes somos? Ingenieros de datos."},"content":{"rendered":"\n<p>Soy experto en Microsoft Business Intelligence y he trabajado en integraci\u00f3n y an\u00e1lisis de datos desde 2009, en el campo de las TI desde 2004. He construido y mantenido literalmente decenas de proyectos exitosos.<\/p>\n\n\n\n<p>He trabajado en Francia, Suiza y M\u00f3naco con equipos internacionales, principalmente en entornos franc\u00f3fonos y angloparlantes, para PYMES y grandes empresas.<\/p>\n\n\n\n<h2 class=\"wp-block-heading\">Nuestra experiencia en TI<\/h2>\n\n\n\n<p>Entre mis proyectos se encuentran almacenes de datos para ventas, contabilidad, recursos humanos, informes regulatorios, existencias, compras, as\u00ed como soluciones de planificaci\u00f3n presupuestaria y financiera (presupuesto versus realizado).<\/p>\n\n\n\n<p>Mi experiencia con las tecnolog\u00edas de Microsoft SQL Server se centra en la suite completa, es decir, T-SQL, SSIS\/SSAS\/SSRS, dise\u00f1o de DWH, desarrollo de flujos ETL, construcci\u00f3n de cubos multidimensionales OLAP o modelos tabulares, y construcci\u00f3n de informes Power BI.<\/p>\n\n\n\n<p>Tambi\u00e9n tengo una s\u00f3lida experiencia en todas las etapas de un proyecto de ingenier\u00eda de datos, desde la recopilaci\u00f3n de requisitos empresariales hasta la implementaci\u00f3n de sistemas en producci\u00f3n con soporte de aplicaciones.<\/p>\n\n\n\n<h2 class=\"wp-block-heading\" id=\"h-tutoriales-y-soluciones-simples-para-problemas-de-ti-recurrentes\">Tutoriales y soluciones simples para problemas de TI recurrentes<\/h2>\n\n\n\n<p>Este blog tiene como objetivo ofrecer soluciones simples, pr\u00e1cticas y concisas a problemas t\u00e9cnicos de Microsoft SQL Server y, m\u00e1s ampliamente, de TI.<\/p>\n","protected":false},"excerpt":{"rendered":"<div class=\"mh-excerpt\"><p>Soy experto en Microsoft Business Intelligence y he trabajado en integraci\u00f3n y an\u00e1lisis de datos desde 2009, en el campo de las TI desde 2004. He construido y mantenido literalmente decenas de proyectos exitosos. He trabajado en Francia, Suiza <a class=\"mh-excerpt-more\" href=\"https:\/\/expert-only.com\/es\/quienes-somos\/\" title=\"\u00bfQui\u00e9nes somos? Ingenieros de datos.\">&#8230;<\/a><\/p>\n<\/div>","protected":false},"author":1,"featured_media":10361,"parent":0,"menu_order":0,"comment_status":"closed","ping_status":"closed","template":"","meta":{"footnotes":""},"class_list":["post-23489","page","type-page","status-publish","has-post-thumbnail"],"yoast_head":"<!-- This site is optimized with the Yoast SEO Premium plugin v21.7 (Yoast SEO v26.2) - https:\/\/yoast.com\/wordpress\/plugins\/seo\/ -->\n<title>\u00bfQui\u00e9nes somos? Ingenieros de datos. - Tutoriales de SQL y TI<\/title>\n<meta name=\"description\" content=\"Tenemos experiencia en la suite de Microsoft BI, incluyendo T-SQL, SSIS\/SSAS\/SSRS\/Power BI, dise\u00f1o de DWH y flujos de trabajo ETL.\" \/>\n<meta name=\"robots\" content=\"index, follow, max-snippet:-1, max-image-preview:large, max-video-preview:-1\" \/>\n<link rel=\"canonical\" href=\"https:\/\/expert-only.com\/es\/quienes-somos\/\" \/>\n<meta property=\"og:locale\" content=\"es_ES\" \/>\n<meta property=\"og:type\" content=\"article\" \/>\n<meta property=\"og:title\" content=\"\u00bfQui\u00e9nes somos? Ingenieros de datos.\" \/>\n<meta property=\"og:description\" content=\"Tenemos experiencia en la suite de Microsoft BI, incluyendo T-SQL, SSIS\/SSAS\/SSRS\/Power BI, dise\u00f1o de DWH y flujos de trabajo ETL.\" \/>\n<meta property=\"og:url\" content=\"https:\/\/expert-only.com\/es\/quienes-somos\/\" \/>\n<meta property=\"og:site_name\" content=\"Tutoriales de SQL y TI\" \/>\n<meta property=\"article:publisher\" content=\"https:\/\/www.facebook.com\/ExpertOnlyCom\/\" \/>\n<meta property=\"article:modified_time\" content=\"2023-03-20T13:30:52+00:00\" \/>\n<meta name=\"twitter:card\" content=\"summary_large_image\" \/>\n<meta name=\"twitter:site\" content=\"@expert_only\" \/>\n<meta name=\"twitter:label1\" content=\"Tiempo de lectura\" \/>\n\t<meta name=\"twitter:data1\" content=\"1 minuto\" \/>\n<script type=\"application\/ld+json\" class=\"yoast-schema-graph\">{\"@context\":\"https:\/\/schema.org\",\"@graph\":[{\"@type\":\"WebPage\",\"@id\":\"https:\/\/expert-only.com\/es\/quienes-somos\/\",\"url\":\"https:\/\/expert-only.com\/es\/quienes-somos\/\",\"name\":\"\u00bfQui\u00e9nes somos? Ingenieros de datos. - Tutoriales de SQL y TI\",\"isPartOf\":{\"@id\":\"https:\/\/expert-only.com\/es\/#website\"},\"primaryImageOfPage\":{\"@id\":\"https:\/\/expert-only.com\/es\/quienes-somos\/#primaryimage\"},\"image\":{\"@id\":\"https:\/\/expert-only.com\/es\/quienes-somos\/#primaryimage\"},\"thumbnailUrl\":\"https:\/\/expert-only.com\/wp-content\/uploads\/2022\/09\/buildings-1867726_1920x1080.jpg\",\"datePublished\":\"2018-06-05T08:08:39+00:00\",\"dateModified\":\"2023-03-20T13:30:52+00:00\",\"description\":\"Tenemos experiencia en la suite de Microsoft BI, incluyendo T-SQL, SSIS\/SSAS\/SSRS\/Power BI, dise\u00f1o de DWH y flujos de trabajo ETL.\",\"breadcrumb\":{\"@id\":\"https:\/\/expert-only.com\/es\/quienes-somos\/#breadcrumb\"},\"inLanguage\":\"es\",\"potentialAction\":[{\"@type\":\"ReadAction\",\"target\":[\"https:\/\/expert-only.com\/es\/quienes-somos\/\"]}]},{\"@type\":\"ImageObject\",\"inLanguage\":\"es\",\"@id\":\"https:\/\/expert-only.com\/es\/quienes-somos\/#primaryimage\",\"url\":\"https:\/\/expert-only.com\/wp-content\/uploads\/2022\/09\/buildings-1867726_1920x1080.jpg\",\"contentUrl\":\"https:\/\/expert-only.com\/wp-content\/uploads\/2022\/09\/buildings-1867726_1920x1080.jpg\",\"width\":1920,\"height\":1080},{\"@type\":\"BreadcrumbList\",\"@id\":\"https:\/\/expert-only.com\/es\/quienes-somos\/#breadcrumb\",\"itemListElement\":[{\"@type\":\"ListItem\",\"position\":1,\"name\":\"es\",\"item\":\"https:\/\/expert-only.com\/es\/\"},{\"@type\":\"ListItem\",\"position\":2,\"name\":\"\u00bfQui\u00e9nes somos? Ingenieros de datos.\"}]},{\"@type\":\"WebSite\",\"@id\":\"https:\/\/expert-only.com\/es\/#website\",\"url\":\"https:\/\/expert-only.com\/es\/\",\"name\":\"Tutoriales de SQL y TI\",\"description\":\"\",\"publisher\":{\"@id\":\"https:\/\/expert-only.com\/es\/#organization\"},\"potentialAction\":[{\"@type\":\"SearchAction\",\"target\":{\"@type\":\"EntryPoint\",\"urlTemplate\":\"https:\/\/expert-only.com\/es\/?s={search_term_string}\"},\"query-input\":{\"@type\":\"PropertyValueSpecification\",\"valueRequired\":true,\"valueName\":\"search_term_string\"}}],\"inLanguage\":\"es\"},{\"@type\":\"Organization\",\"@id\":\"https:\/\/expert-only.com\/es\/#organization\",\"name\":\"Expert-Only\",\"url\":\"https:\/\/expert-only.com\/es\/\",\"logo\":{\"@type\":\"ImageObject\",\"inLanguage\":\"es\",\"@id\":\"https:\/\/expert-only.com\/es\/#\/schema\/logo\/image\/\",\"url\":\"https:\/\/expert-only.com\/wp-content\/uploads\/2017\/09\/cropped-logo_Expert-Only.jpg\",\"contentUrl\":\"https:\/\/expert-only.com\/wp-content\/uploads\/2017\/09\/cropped-logo_Expert-Only.jpg\",\"width\":381,\"height\":174,\"caption\":\"Expert-Only\"},\"image\":{\"@id\":\"https:\/\/expert-only.com\/es\/#\/schema\/logo\/image\/\"},\"sameAs\":[\"https:\/\/www.facebook.com\/ExpertOnlyCom\/\",\"https:\/\/x.com\/expert_only\",\"https:\/\/www.youtube.com\/channel\/UCMS5sR_FwAetB0FmciNvUaA\"]}]}<\/script>\n<!-- \/ Yoast SEO Premium plugin. -->","yoast_head_json":{"title":"\u00bfQui\u00e9nes somos? Ingenieros de datos. - Tutoriales de SQL y TI","description":"Tenemos experiencia en la suite de Microsoft BI, incluyendo T-SQL, SSIS\/SSAS\/SSRS\/Power BI, dise\u00f1o de DWH y flujos de trabajo ETL.","robots":{"index":"index","follow":"follow","max-snippet":"max-snippet:-1","max-image-preview":"max-image-preview:large","max-video-preview":"max-video-preview:-1"},"canonical":"https:\/\/expert-only.com\/es\/quienes-somos\/","og_locale":"es_ES","og_type":"article","og_title":"\u00bfQui\u00e9nes somos? Ingenieros de datos.","og_description":"Tenemos experiencia en la suite de Microsoft BI, incluyendo T-SQL, SSIS\/SSAS\/SSRS\/Power BI, dise\u00f1o de DWH y flujos de trabajo ETL.","og_url":"https:\/\/expert-only.com\/es\/quienes-somos\/","og_site_name":"Tutoriales de SQL y TI","article_publisher":"https:\/\/www.facebook.com\/ExpertOnlyCom\/","article_modified_time":"2023-03-20T13:30:52+00:00","twitter_card":"summary_large_image","twitter_site":"@expert_only","twitter_misc":{"Tiempo de lectura":"1 minuto"},"schema":{"@context":"https:\/\/schema.org","@graph":[{"@type":"WebPage","@id":"https:\/\/expert-only.com\/es\/quienes-somos\/","url":"https:\/\/expert-only.com\/es\/quienes-somos\/","name":"\u00bfQui\u00e9nes somos? Ingenieros de datos. - Tutoriales de SQL y TI","isPartOf":{"@id":"https:\/\/expert-only.com\/es\/#website"},"primaryImageOfPage":{"@id":"https:\/\/expert-only.com\/es\/quienes-somos\/#primaryimage"},"image":{"@id":"https:\/\/expert-only.com\/es\/quienes-somos\/#primaryimage"},"thumbnailUrl":"https:\/\/expert-only.com\/wp-content\/uploads\/2022\/09\/buildings-1867726_1920x1080.jpg","datePublished":"2018-06-05T08:08:39+00:00","dateModified":"2023-03-20T13:30:52+00:00","description":"Tenemos experiencia en la suite de Microsoft BI, incluyendo T-SQL, SSIS\/SSAS\/SSRS\/Power BI, dise\u00f1o de DWH y flujos de trabajo ETL.","breadcrumb":{"@id":"https:\/\/expert-only.com\/es\/quienes-somos\/#breadcrumb"},"inLanguage":"es","potentialAction":[{"@type":"ReadAction","target":["https:\/\/expert-only.com\/es\/quienes-somos\/"]}]},{"@type":"ImageObject","inLanguage":"es","@id":"https:\/\/expert-only.com\/es\/quienes-somos\/#primaryimage","url":"https:\/\/expert-only.com\/wp-content\/uploads\/2022\/09\/buildings-1867726_1920x1080.jpg","contentUrl":"https:\/\/expert-only.com\/wp-content\/uploads\/2022\/09\/buildings-1867726_1920x1080.jpg","width":1920,"height":1080},{"@type":"BreadcrumbList","@id":"https:\/\/expert-only.com\/es\/quienes-somos\/#breadcrumb","itemListElement":[{"@type":"ListItem","position":1,"name":"es","item":"https:\/\/expert-only.com\/es\/"},{"@type":"ListItem","position":2,"name":"\u00bfQui\u00e9nes somos? Ingenieros de datos."}]},{"@type":"WebSite","@id":"https:\/\/expert-only.com\/es\/#website","url":"https:\/\/expert-only.com\/es\/","name":"Tutoriales de SQL y TI","description":"","publisher":{"@id":"https:\/\/expert-only.com\/es\/#organization"},"potentialAction":[{"@type":"SearchAction","target":{"@type":"EntryPoint","urlTemplate":"https:\/\/expert-only.com\/es\/?s={search_term_string}"},"query-input":{"@type":"PropertyValueSpecification","valueRequired":true,"valueName":"search_term_string"}}],"inLanguage":"es"},{"@type":"Organization","@id":"https:\/\/expert-only.com\/es\/#organization","name":"Expert-Only","url":"https:\/\/expert-only.com\/es\/","logo":{"@type":"ImageObject","inLanguage":"es","@id":"https:\/\/expert-only.com\/es\/#\/schema\/logo\/image\/","url":"https:\/\/expert-only.com\/wp-content\/uploads\/2017\/09\/cropped-logo_Expert-Only.jpg","contentUrl":"https:\/\/expert-only.com\/wp-content\/uploads\/2017\/09\/cropped-logo_Expert-Only.jpg","width":381,"height":174,"caption":"Expert-Only"},"image":{"@id":"https:\/\/expert-only.com\/es\/#\/schema\/logo\/image\/"},"sameAs":["https:\/\/www.facebook.com\/ExpertOnlyCom\/","https:\/\/x.com\/expert_only","https:\/\/www.youtube.com\/channel\/UCMS5sR_FwAetB0FmciNvUaA"]}]}},"_links":{"self":[{"href":"https:\/\/expert-only.com\/es\/wp-json\/wp\/v2\/pages\/23489","targetHints":{"allow":["GET"]}}],"collection":[{"href":"https:\/\/expert-only.com\/es\/wp-json\/wp\/v2\/pages"}],"about":[{"href":"https:\/\/expert-only.com\/es\/wp-json\/wp\/v2\/types\/page"}],"author":[{"embeddable":true,"href":"https:\/\/expert-only.com\/es\/wp-json\/wp\/v2\/users\/1"}],"replies":[{"embeddable":true,"href":"https:\/\/expert-only.com\/es\/wp-json\/wp\/v2\/comments?post=23489"}],"version-history":[{"count":0,"href":"https:\/\/expert-only.com\/es\/wp-json\/wp\/v2\/pages\/23489\/revisions"}],"wp:featuredmedia":[{"embeddable":true,"href":"https:\/\/expert-only.com\/es\/wp-json\/wp\/v2\/media\/10361"}],"wp:attachment":[{"href":"https:\/\/expert-only.com\/es\/wp-json\/wp\/v2\/media?parent=23489"}],"curies":[{"name":"wp","href":"https:\/\/api.w.org\/{rel}","templated":true}]}}