{"id":27577,"date":"2022-04-18T12:46:39","date_gmt":"2022-04-18T10:46:39","guid":{"rendered":"https:\/\/expert-only.com\/?page_id=27577"},"modified":"2023-10-20T14:56:52","modified_gmt":"2023-10-20T12:56:52","slug":"home-es","status":"publish","type":"page","link":"https:\/\/expert-only.com\/es\/","title":{"rendered":"Aprender a programar en SQL Server y T-SQL"},"content":{"rendered":"\n<div class=\"wp-block-uagb-container uagb-block-e724e705 alignfull uagb-is-root-container\"><div class=\"uagb-container-inner-blocks-wrap\">\n<h1 class=\"wp-block-heading\" id=\"h-aprender-sql-server-integration-services-y-programacion-t-sql\">Aprender SQL Server Integration Services y programaci\u00f3n T-SQL<\/h1>\n\n\n\n<p><strong><em>Inscr\u00edbase hoy mismo para aprender SSIS y Transact-SQL y ad\u00e9ntrese en el mundo de las herramientas de integraci\u00f3n y bases de datos de SQL Server con nuestras sesiones de formaci\u00f3n premium. Descubra nuestros tutoriales sobre bases de datos y secuencias de comandos de SQL Server.<\/em><\/strong><\/p>\n<\/div><\/div>\n\n\n\n<div class=\"wp-block-uagb-container uagb-block-d1a8cc07 alignfull uagb-is-root-container\"><div class=\"uagb-container-inner-blocks-wrap\">\n<h2 class=\"wp-block-heading\" id=\"h-nuestros-ultimos-tutoriales-de-informatica\">Nuestros \u00faltimos tutoriales de inform\u00e1tica<\/h2>\n\n\n<\/div><\/div>\n\n\n\n<div class=\"wp-block-uagb-container uagb-block-c2400e67 alignfull uagb-is-root-container\"><div class=\"uagb-container-inner-blocks-wrap\">\n<h2 class=\"wp-block-heading\" id=\"h-por-que-elegir-nuestra-formacion-sobre-microsoft\">\u00bfPor qu\u00e9 elegir nuestra formaci\u00f3n sobre Microsoft?<\/h2>\n\n\n\n<ol class=\"wp-block-list\">\n<li><strong>Dominio completo de SSIS<\/strong>: Descubra el arte de los procesos ETL, integraci\u00f3n de datos, transformaciones y migraciones con SSIS. Convi\u00e9rtase en un experto en el despliegue de paquetes, la gesti\u00f3n de flujos de datos y la creaci\u00f3n de pipelines robustos que gestionen eficazmente sus datos.<\/li>\n\n\n\n<li><strong>Potencia de programaci\u00f3n T-SQL:<\/strong> Conozca los entresijos de T-SQL, desde los conceptos b\u00e1sicos hasta los procedimientos almacenados avanzados, triggers y SQL din\u00e1mico. Aproveche todas las capacidades de SQL Server, optimice sus consultas y manipule datos como nunca antes.<\/li>\n\n\n\n<li><strong>Instructores expertos<\/strong>: Aprenda de los profesionales m\u00e1s experimentados del sector. A nuestros formadores les apasionan los datos y se dedican a transmitirle sus conocimientos.<\/li>\n\n\n\n<li><strong>Experiencia pr\u00e1ctica<\/strong>: Nuestras sesiones no son s\u00f3lo clases te\u00f3ricas. Participar en ejercicios pr\u00e1cticos, hacer frente a desaf\u00edos del mundo real, y construir una cartera que muestra sus habilidades.<\/li>\n\n\n\n<li><strong>Apoyo posterior a la formaci\u00f3n<\/strong>: Incluso una vez finalizada la formaci\u00f3n, estamos aqu\u00ed para ayudarle. Nuestros foros comunitarios, equipos de asistencia y amplias bibliotecas de recursos garantizan que nunca te quedes atascado.<\/li>\n<\/ol>\n\n\n\n<h2 class=\"wp-block-heading\" id=\"h-maximice-su-potencial-profesional-en-ti\">Maximice su potencial profesional en TI<\/h2>\n\n\n\n<p>Tanto si es un entusiasta de los datos con ganas de profundizar en ellos como si es un profesional de TI experimentado que busca avanzar en el \u00e1mbito de los datos, nuestra formaci\u00f3n le dota de las habilidades m\u00e1s buscadas en el sector. Ampl\u00ede sus perspectivas profesionales, participe en proyectos m\u00e1s complejos y convi\u00e9rtase en un activo indispensable para su organizaci\u00f3n.<\/p>\n\n\n\n<h2 class=\"wp-block-heading\" id=\"h-integracion-y-transformacion-de-datos-con-ssis-y-t-sql\">Integraci\u00f3n y transformaci\u00f3n de datos con SSIS y T-SQL<\/h2>\n\n\n\n<p>Las plazas son limitadas, lo que garantiza sesiones centradas y personalizadas. Reg\u00edstrese ahora y emb\u00e1rquese en un viaje transformador a los reinos de SSIS y T-SQL. No se limite a aprender: \u00a1aprenda con nuestra formaci\u00f3n especializada en SSIS y T-SQL!<\/p>\n<\/div><\/div>\n\n\n\n<div style=\"height:100px\" aria-hidden=\"true\" class=\"wp-block-spacer\"><\/div>\n\n\n\n<div class=\"wp-block-uagb-container uagb-block-16302683 alignfull uagb-is-root-container\"><div class=\"uagb-container-inner-blocks-wrap\">\n<h2 class=\"wp-block-heading has-text-align-center\" id=\"h-como-funciona\">\u00bfC\u00f3mo funciona?<\/h2>\n\n\n\n<p class=\"has-text-align-center\"><strong>Seleccione un tema y una suscripci\u00f3n y empiece a aprender integraci\u00f3n de datos en l\u00ednea.<\/strong><\/p>\n<\/div><\/div>\n\n\n\n<div class=\"wp-block-uagb-container uagb-block-aa430c50 alignfull uagb-is-root-container\"><div class=\"uagb-container-inner-blocks-wrap\">\n<div class=\"wp-block-uagb-container uagb-block-9077c56c\"><\/div>\n\n\n\n<div class=\"wp-block-uagb-container uagb-block-0ad96b5c\">\n<div class=\"wp-block-uagb-container uagb-block-0acbad7b\">\n<div class=\"wp-block-uagb-container uagb-block-3696837d\">\n<div class=\"wp-block-uagb-advanced-heading uagb-block-50aa2d55\"><h2 class=\"uagb-heading-text\">1<\/h2><\/div>\n<\/div>\n\n\n\n<div class=\"wp-block-uagb-container uagb-block-c350093b\">\n<div class=\"wp-block-uagb-advanced-heading uagb-block-9d6510c2\"><h4 class=\"uagb-heading-text\">Elija un curso<\/h4><p class=\"uagb-desc-text\">Tenemos ofertas especiales para suscriptores.<\/p><\/div>\n<\/div>\n<\/div>\n\n\n\n<div class=\"wp-block-uagb-container uagb-block-6c365f88\">\n<div class=\"wp-block-uagb-container uagb-block-d5abf043\">\n<div class=\"wp-block-uagb-advanced-heading uagb-block-6a521e2e\"><h2 class=\"uagb-heading-text\">2<\/h2><\/div>\n<\/div>\n\n\n\n<div class=\"wp-block-uagb-container uagb-block-9849b3a4\">\n<div class=\"wp-block-uagb-advanced-heading uagb-block-e366ae83\"><h4 class=\"uagb-heading-text\">Suscr\u00edbase a<\/h4><p class=\"uagb-desc-text\">Suscr\u00edbase al contenido Premium y acceda a todos los recursos y al foro.<\/p><\/div>\n<\/div>\n<\/div>\n\n\n\n<div class=\"wp-block-uagb-container uagb-block-1f0cd325\">\n<div class=\"wp-block-uagb-container uagb-block-fe0204ec\">\n<div class=\"wp-block-uagb-advanced-heading uagb-block-168f386e\"><h2 class=\"uagb-heading-text\">3<\/h2><\/div>\n<\/div>\n\n\n\n<div class=\"wp-block-uagb-container uagb-block-7b19e303\">\n<div class=\"wp-block-uagb-advanced-heading uagb-block-5ee9ddbe\"><h4 class=\"uagb-heading-text\">Aprenda<\/h4><p class=\"uagb-desc-text\">Empieza a aprender a tu ritmo.<\/p><\/div>\n<\/div>\n<\/div>\n<\/div>\n<\/div><\/div>\n\n\n\n<div class=\"wp-block-uagb-container uagb-block-ee8c93d0 alignfull uagb-is-root-container\"><div class=\"uagb-container-inner-blocks-wrap\">\n<div class=\"wp-block-uagb-container uagb-block-1ad7267e\">\n<div class=\"wp-block-uagb-container uagb-block-38d1b749\">\n<div class=\"wp-block-uagb-info-box uagb-block-a6dac149 uagb-infobox__content-wrap  uagb-infobox-icon-above-title uagb-infobox-image-valign-top\"><div class=\"uagb-ifb-content\"><div class=\"uagb-ifb-icon-wrap\"><div class=\"uagb-iconbox-icon-wrap uagb-infobox-shape-circle\"><svg xmlns=\"https:\/\/www.w3.org\/2000\/svg\" viewBox=\"0 0 640 512\"><path d=\"M623.1 136.9l-282.7-101.2c-13.73-4.91-28.7-4.91-42.43 0L16.05 136.9C6.438 140.4 0 149.6 0 160s6.438 19.65 16.05 23.09L76.07 204.6c-11.89 15.8-20.26 34.16-24.55 53.95C40.05 263.4 32 274.8 32 288c0 9.953 4.814 18.49 11.94 24.36l-24.83 149C17.48 471.1 25 480 34.89 480H93.11c9.887 0 17.41-8.879 15.78-18.63l-24.83-149C91.19 306.5 96 297.1 96 288c0-10.29-5.174-19.03-12.72-24.89c4.252-17.76 12.88-33.82 24.94-47.03l190.6 68.23c13.73 4.91 28.7 4.91 42.43 0l282.7-101.2C633.6 179.6 640 170.4 640 160S633.6 140.4 623.1 136.9zM351.1 314.4C341.7 318.1 330.9 320 320 320c-10.92 0-21.69-1.867-32-5.555L142.8 262.5L128 405.3C128 446.6 213.1 480 320 480c105.1 0 192-33.4 192-74.67l-14.78-142.9L351.1 314.4z\"><\/path><\/svg><\/div><\/div><div class=\"uagb-ifb-title-wrap\"><h4 class=\"uagb-ifb-title\">Experienced Tutors<\/h4><\/div><p class=\"uagb-ifb-desc\">We build courses based on real life experiences and use cases.<\/p><\/div><\/div>\n<\/div>\n\n\n\n<div class=\"wp-block-uagb-container uagb-block-2ec0b570\">\n<div class=\"wp-block-uagb-info-box uagb-block-f0ceec23 uagb-infobox__content-wrap  uagb-infobox-icon-above-title uagb-infobox-image-valign-top\"><div class=\"uagb-ifb-content\"><div class=\"uagb-ifb-icon-wrap\"><div class=\"uagb-iconbox-icon-wrap uagb-infobox-shape-circle\"><svg xmlns=\"https:\/\/www.w3.org\/2000\/svg\" viewBox=\"0 0 640 512\"><path d=\"M622.3 271.1l-115.1-45.01c-4.125-1.629-12.62-3.754-22.25 0L369.8 271.1C359 275.2 352 285.1 352 295.1c0 111.6 68.75 188.8 132.9 213.9c9.625 3.75 18 1.625 22.25 0C558.4 489.9 640 420.5 640 295.1C640 285.1 633 275.2 622.3 271.1zM496 462.4V273.2l95.5 37.38C585.9 397.8 530.6 446 496 462.4zM224 256c70.7 0 128-57.31 128-128S294.7 0 224 0C153.3 0 96 57.31 96 128S153.3 256 224 256zM320.6 310.3C305.9 306.3 290.6 304 274.7 304H173.3C77.61 304 0 381.7 0 477.4C0 496.5 15.52 512 34.66 512H413.3c3.143 0 5.967-1.004 8.861-1.789C369.7 469.8 324.1 400.3 320.6 310.3z\"><\/path><\/svg><\/div><\/div><div class=\"uagb-ifb-title-wrap\"><h4 class=\"uagb-ifb-title\">Support To Start<\/h4><\/div><p class=\"uagb-ifb-desc\">We provide a forum support for each course subscription.<\/p><\/div><\/div>\n<\/div>\n\n\n\n<div class=\"wp-block-uagb-container uagb-block-e0137181\">\n<div class=\"wp-block-uagb-info-box uagb-block-35229461 uagb-infobox__content-wrap  uagb-infobox-icon-above-title uagb-infobox-image-valign-top\"><div class=\"uagb-ifb-content\"><div class=\"uagb-ifb-icon-wrap\"><div class=\"uagb-iconbox-icon-wrap uagb-infobox-shape-circle\"><svg xmlns=\"https:\/\/www.w3.org\/2000\/svg\" viewBox=\"0 0 512 512\"><path d=\"M0 219.2v212.5c0 14.25 11.62 26.25 26.5 27C75.32 461.2 180.2 471.3 240 511.9V245.2C181.4 205.5 79.99 194.8 29.84 192C13.59 191.1 0 203.6 0 219.2zM482.2 192c-50.09 2.848-151.3 13.47-209.1 53.09C272.1 245.2 272 245.3 272 245.5v266.5c60.04-40.39 164.7-50.76 213.5-53.28C500.4 457.9 512 445.9 512 431.7V219.2C512 203.6 498.4 191.1 482.2 192zM352 96c0-53-43-96-96-96S160 43 160 96s43 96 96 96S352 149 352 96z\"><\/path><\/svg><\/div><\/div><div class=\"uagb-ifb-title-wrap\"><h4 class=\"uagb-ifb-title\">Increasing Expertise\u200b<\/h4><\/div><p class=\"uagb-ifb-desc\">The courses are evolving gradually in complexity.<\/p><\/div><\/div>\n<\/div>\n\n\n\n<div class=\"wp-block-uagb-container uagb-block-18b2cdd9\">\n<div class=\"wp-block-uagb-info-box uagb-block-080245fe uagb-infobox__content-wrap  uagb-infobox-icon-above-title uagb-infobox-image-valign-top\"><div class=\"uagb-ifb-content\"><div class=\"uagb-ifb-icon-wrap\"><div class=\"uagb-iconbox-icon-wrap uagb-infobox-shape-circle\"><svg xmlns=\"https:\/\/www.w3.org\/2000\/svg\" viewBox=\"0 0 320 512\"><path d=\"M160 0C177.7 0 192 14.33 192 32V67.68C193.6 67.89 195.1 68.12 196.7 68.35C207.3 69.93 238.9 75.02 251.9 78.31C268.1 82.65 279.4 100.1 275 117.2C270.7 134.3 253.3 144.7 236.1 140.4C226.8 137.1 198.5 133.3 187.3 131.7C155.2 126.9 127.7 129.3 108.8 136.5C90.52 143.5 82.93 153.4 80.92 164.5C78.98 175.2 80.45 181.3 82.21 185.1C84.1 189.1 87.79 193.6 95.14 198.5C111.4 209.2 136.2 216.4 168.4 225.1L171.2 225.9C199.6 233.6 234.4 243.1 260.2 260.2C274.3 269.6 287.6 282.3 295.8 299.9C304.1 317.7 305.9 337.7 302.1 358.1C295.1 397 268.1 422.4 236.4 435.6C222.8 441.2 207.8 444.8 192 446.6V480C192 497.7 177.7 512 160 512C142.3 512 128 497.7 128 480V445.1C127.6 445.1 127.1 444.1 126.7 444.9L126.5 444.9C102.2 441.1 62.07 430.6 35 418.6C18.85 411.4 11.58 392.5 18.76 376.3C25.94 360.2 44.85 352.9 60.1 360.1C81.9 369.4 116.3 378.5 136.2 381.6C168.2 386.4 194.5 383.6 212.3 376.4C229.2 369.5 236.9 359.5 239.1 347.5C241 336.8 239.6 330.7 237.8 326.9C235.9 322.9 232.2 318.4 224.9 313.5C208.6 302.8 183.8 295.6 151.6 286.9L148.8 286.1C120.4 278.4 85.58 268.9 59.76 251.8C45.65 242.4 32.43 229.7 24.22 212.1C15.89 194.3 14.08 174.3 17.95 153C25.03 114.1 53.05 89.29 85.96 76.73C98.98 71.76 113.1 68.49 128 66.73V32C128 14.33 142.3 0 160 0V0z\"><\/path><\/svg><\/div><\/div><div class=\"uagb-ifb-title-wrap\"><h4 class=\"uagb-ifb-title\">Flexible Payment<\/h4><\/div><p class=\"uagb-ifb-desc\">You can pay per course or a yearly subscription.<\/p><\/div><\/div>\n<\/div>\n<\/div>\n\n\n\n<div class=\"wp-block-uagb-container uagb-block-5d9fb824\">\n<div class=\"wp-block-uagb-container uagb-block-16e3c2eb\">\n<div class=\"wp-block-uagb-advanced-heading uagb-block-56901238\"><h3 class=\"uagb-heading-text\">Aprenda una nueva destreza inform\u00e1tica en l\u00ednea en cualquier momento y lugar<\/h3><p class=\"uagb-desc-text\">Aprenda una nueva habilidad de TI en l\u00ednea en cualquier lugar y en cualquier momentodesbloquee su potencial con nuestra diversa gama de cursos en l\u00ednea impartidos por expertos, que cubren Microsoft SSIS y T-SQL, dise\u00f1ados para capacitarle con habilidades de TI en demanda desde la comodidad de su propia casa, \u00a1a su propio ritmo!<\/p><\/div>\n\n\n\n<div class=\"wp-block-uagb-info-box uagb-block-6e493191 uagb-infobox__content-wrap  uagb-infobox-icon-left uagb-infobox-left uagb-infobox-image-valign-top\"><div class=\"uagb-ifb-icon-wrap\"><svg xmlns=\"https:\/\/www.w3.org\/2000\/svg\" viewBox=\"0 0 384 512\"><path d=\"M374.6 310.6l-160 160C208.4 476.9 200.2 480 192 480s-16.38-3.125-22.62-9.375l-160-160c-12.5-12.5-12.5-32.75 0-45.25s32.75-12.5 45.25 0L160 370.8V64c0-17.69 14.33-31.1 31.1-31.1S224 46.31 224 64v306.8l105.4-105.4c12.5-12.5 32.75-12.5 45.25 0S387.1 298.1 374.6 310.6z\"><\/path><\/svg><\/div><div class=\"uagb-ifb-content\"><div class=\"uagb-ifb-title-wrap\"><h3 class=\"uagb-ifb-title\">Aprendizaje personalizado<\/h3><\/div><p class=\"uagb-ifb-desc\">Experimente un crecimiento personalizado con nuestros cursos en l\u00ednea, centrados en Microsoft y en herramientas de integraci\u00f3n de datos, que le permitir\u00e1n desarrollar competencias inform\u00e1ticas esenciales seg\u00fan sus propias necesidades y horarios.<\/p><\/div><\/div>\n\n\n\n<div class=\"wp-block-uagb-info-box uagb-block-9146f131 uagb-infobox__content-wrap  uagb-infobox-icon-left uagb-infobox-left uagb-infobox-image-valign-top\"><div class=\"uagb-ifb-icon-wrap\"><svg xmlns=\"https:\/\/www.w3.org\/2000\/svg\" viewBox=\"0 0 384 512\"><path d=\"M374.6 310.6l-160 160C208.4 476.9 200.2 480 192 480s-16.38-3.125-22.62-9.375l-160-160c-12.5-12.5-12.5-32.75 0-45.25s32.75-12.5 45.25 0L160 370.8V64c0-17.69 14.33-31.1 31.1-31.1S224 46.31 224 64v306.8l105.4-105.4c12.5-12.5 32.75-12.5 45.25 0S387.1 298.1 374.6 310.6z\"><\/path><\/svg><\/div><div class=\"uagb-ifb-content\"><div class=\"uagb-ifb-title-wrap\"><h3 class=\"uagb-ifb-title\">Ayuda de expertos<\/h3><\/div><p class=\"uagb-ifb-desc\">Acceda a nuestro equipo especializado de profesionales para obtener asistencia a petici\u00f3n durante todo el proceso de aprendizaje, lo que le garantizar\u00e1 el apoyo que necesita para dominar las herramientas de Microsoft y de integraci\u00f3n de datos con confianza.<\/p><\/div><\/div>\n\n\n\n<div class=\"wp-block-uagb-info-box uagb-block-aa17cb82 uagb-infobox__content-wrap  uagb-infobox-icon-left uagb-infobox-left uagb-infobox-image-valign-top\"><div class=\"uagb-ifb-icon-wrap\"><svg xmlns=\"https:\/\/www.w3.org\/2000\/svg\" viewBox=\"0 0 384 512\"><path d=\"M374.6 310.6l-160 160C208.4 476.9 200.2 480 192 480s-16.38-3.125-22.62-9.375l-160-160c-12.5-12.5-12.5-32.75 0-45.25s32.75-12.5 45.25 0L160 370.8V64c0-17.69 14.33-31.1 31.1-31.1S224 46.31 224 64v306.8l105.4-105.4c12.5-12.5 32.75-12.5 45.25 0S387.1 298.1 374.6 310.6z\"><\/path><\/svg><\/div><div class=\"uagb-ifb-content\"><div class=\"uagb-ifb-title-wrap\"><h3 class=\"uagb-ifb-title\">Aprenda en cualquier momento y lugar<\/h3><\/div><p class=\"uagb-ifb-desc\">Descubra la libertad de aprender SQL Server y programaci\u00f3n de bases de datos a su propio ritmo, con nuestros cursos en l\u00ednea flexibles accesibles desde cualquier lugar, lo que le permite desarrollar habilidades esenciales de TI cuando y donde m\u00e1s le convenga.<\/p><\/div><\/div>\n<\/div>\n\n\n\n<div class=\"wp-block-uagb-container uagb-block-92ecb25b\">\n<div class=\"wp-block-uagb-advanced-heading uagb-block-9f6c0cb7\"><h2 class=\"uagb-heading-text\">Le preparamos para dominar SSIS y T-SQL paso a paso.<\/h2><\/div>\n\n\n\n<div class=\"wp-block-uagb-info-box uagb-block-ffa4c936 uagb-infobox__content-wrap  uagb-infobox-icon-above-title uagb-infobox-image-valign-top\"><div class=\"uagb-ifb-content\"><div class=\"uagb-ifb-title-wrap\"><p class=\"uagb-ifb-title\">Emb\u00e1rcate en un viaje de aprendizaje guiado a trav\u00e9s de nuestros cursos paso a paso meticulosamente elaborados, dise\u00f1ados para dotarte de los conocimientos y habilidades necesarios para sobresalir en Microsoft y en las herramientas de integraci\u00f3n de datos, ayud\u00e1ndote en \u00faltima instancia a alcanzar tus aspiraciones profesionales en TI.<\/p><\/div><\/div><\/div>\n<\/div>\n<\/div>\n<\/div><\/div>\n\n\n\n<div class=\"wp-block-uagb-container uagb-block-46ae8906 alignfull uagb-is-root-container\"><div class=\"uagb-container-inner-blocks-wrap\">\n<p><strong>En el din\u00e1mico mundo de los datos y las TI, dominar herramientas como SSIS y T-SQL puede marcar la diferencia.<\/strong><\/p>\n\n\n\n<p>Nuestros tutoriales sobre bases de datos y secuencias de comandos de SQL Server no s\u00f3lo mejora su competencia t\u00e9cnica, sino que tambi\u00e9n le capacita para impulsar procesos de toma de decisiones basados en datos. Y tambi\u00e9n agilizar las operaciones y contribuir significativamente al crecimiento empresarial.<\/p>\n\n\n\n<p>Dado que los datos siguen siendo el activo m\u00e1s valioso de una organizaci\u00f3n, los expertos en su gesti\u00f3n y manipulaci\u00f3n siguen estando muy solicitados. No pierda esta oportunidad de elevar su carrera y convertirse en un experto reconocido en el campo, para ello, simplemente comience y aprenda SQL Server y programaci\u00f3n T-SQL. Y convi\u00e9rtete en un experto.<\/p>\n<\/div><\/div>\n","protected":false},"excerpt":{"rendered":"<div class=\"mh-excerpt\"><\/div>","protected":false},"author":1,"featured_media":0,"parent":0,"menu_order":0,"comment_status":"closed","ping_status":"closed","template":"template-homepage.php","meta":{"footnotes":""},"class_list":["post-27577","page","type-page","status-publish"],"yoast_head":"<!-- This site is optimized with the Yoast SEO Premium plugin v21.7 (Yoast SEO v26.2) - https:\/\/yoast.com\/wordpress\/plugins\/seo\/ -->\n<title>Aprender a programar en SQL Server y T-SQL - Tutoriales de SQL y TI<\/title>\n<meta name=\"description\" content=\"Aprende a programar en SQL Server y MS Database con nuestros tutoriales sobre SSIS, T-SQL, MS-DOS, PowerShell, Power BI, Python y mucho m\u00e1s.\" \/>\n<meta name=\"robots\" content=\"index, follow, max-snippet:-1, max-image-preview:large, max-video-preview:-1\" \/>\n<link rel=\"canonical\" href=\"https:\/\/expert-only.com\/es\/\" \/>\n<meta property=\"og:locale\" content=\"es_ES\" \/>\n<meta property=\"og:type\" content=\"article\" \/>\n<meta property=\"og:title\" content=\"Aprender a programar en SQL Server y T-SQL\" \/>\n<meta property=\"og:description\" content=\"Aprende a programar en SQL Server y MS Database con nuestros tutoriales sobre SSIS, T-SQL, MS-DOS, PowerShell, Power BI, Python y mucho m\u00e1s.\" \/>\n<meta property=\"og:url\" content=\"https:\/\/expert-only.com\/es\/\" \/>\n<meta property=\"og:site_name\" content=\"Tutoriales de SQL y TI\" \/>\n<meta property=\"article:publisher\" content=\"https:\/\/www.facebook.com\/ExpertOnlyCom\/\" \/>\n<meta property=\"article:modified_time\" content=\"2023-10-20T12:56:52+00:00\" \/>\n<meta name=\"twitter:card\" content=\"summary_large_image\" \/>\n<meta name=\"twitter:site\" content=\"@expert_only\" \/>\n<meta name=\"twitter:label1\" content=\"Tiempo de lectura\" \/>\n\t<meta name=\"twitter:data1\" content=\"4 minutos\" \/>\n<script type=\"application\/ld+json\" class=\"yoast-schema-graph\">{\"@context\":\"https:\/\/schema.org\",\"@graph\":[{\"@type\":\"WebPage\",\"@id\":\"https:\/\/expert-only.com\/es\/\",\"url\":\"https:\/\/expert-only.com\/es\/\",\"name\":\"Aprender a programar en SQL Server y T-SQL - Tutoriales de SQL y TI\",\"isPartOf\":{\"@id\":\"https:\/\/expert-only.com\/es\/#website\"},\"datePublished\":\"2022-04-18T10:46:39+00:00\",\"dateModified\":\"2023-10-20T12:56:52+00:00\",\"description\":\"Aprende a programar en SQL Server y MS Database con nuestros tutoriales sobre SSIS, T-SQL, MS-DOS, PowerShell, Power BI, Python y mucho m\u00e1s.\",\"breadcrumb\":{\"@id\":\"https:\/\/expert-only.com\/es\/#breadcrumb\"},\"inLanguage\":\"es\",\"potentialAction\":[{\"@type\":\"ReadAction\",\"target\":[\"https:\/\/expert-only.com\/es\/\"]}]},{\"@type\":\"BreadcrumbList\",\"@id\":\"https:\/\/expert-only.com\/es\/#breadcrumb\",\"itemListElement\":[{\"@type\":\"ListItem\",\"position\":1,\"name\":\"es\",\"item\":\"https:\/\/expert-only.com\/es\/\"},{\"@type\":\"ListItem\",\"position\":2,\"name\":\"Aprender a programar en SQL Server y T-SQL\"}]},{\"@type\":\"WebSite\",\"@id\":\"https:\/\/expert-only.com\/es\/#website\",\"url\":\"https:\/\/expert-only.com\/es\/\",\"name\":\"Tutoriales de SQL y TI\",\"description\":\"\",\"publisher\":{\"@id\":\"https:\/\/expert-only.com\/es\/#organization\"},\"potentialAction\":[{\"@type\":\"SearchAction\",\"target\":{\"@type\":\"EntryPoint\",\"urlTemplate\":\"https:\/\/expert-only.com\/es\/?s={search_term_string}\"},\"query-input\":{\"@type\":\"PropertyValueSpecification\",\"valueRequired\":true,\"valueName\":\"search_term_string\"}}],\"inLanguage\":\"es\"},{\"@type\":\"Organization\",\"@id\":\"https:\/\/expert-only.com\/es\/#organization\",\"name\":\"Expert-Only\",\"url\":\"https:\/\/expert-only.com\/es\/\",\"logo\":{\"@type\":\"ImageObject\",\"inLanguage\":\"es\",\"@id\":\"https:\/\/expert-only.com\/es\/#\/schema\/logo\/image\/\",\"url\":\"https:\/\/expert-only.com\/wp-content\/uploads\/2017\/09\/cropped-logo_Expert-Only.jpg\",\"contentUrl\":\"https:\/\/expert-only.com\/wp-content\/uploads\/2017\/09\/cropped-logo_Expert-Only.jpg\",\"width\":381,\"height\":174,\"caption\":\"Expert-Only\"},\"image\":{\"@id\":\"https:\/\/expert-only.com\/es\/#\/schema\/logo\/image\/\"},\"sameAs\":[\"https:\/\/www.facebook.com\/ExpertOnlyCom\/\",\"https:\/\/x.com\/expert_only\",\"https:\/\/www.youtube.com\/channel\/UCMS5sR_FwAetB0FmciNvUaA\"]}]}<\/script>\n<!-- \/ Yoast SEO Premium plugin. -->","yoast_head_json":{"title":"Aprender a programar en SQL Server y T-SQL - Tutoriales de SQL y TI","description":"Aprende a programar en SQL Server y MS Database con nuestros tutoriales sobre SSIS, T-SQL, MS-DOS, PowerShell, Power BI, Python y mucho m\u00e1s.","robots":{"index":"index","follow":"follow","max-snippet":"max-snippet:-1","max-image-preview":"max-image-preview:large","max-video-preview":"max-video-preview:-1"},"canonical":"https:\/\/expert-only.com\/es\/","og_locale":"es_ES","og_type":"article","og_title":"Aprender a programar en SQL Server y T-SQL","og_description":"Aprende a programar en SQL Server y MS Database con nuestros tutoriales sobre SSIS, T-SQL, MS-DOS, PowerShell, Power BI, Python y mucho m\u00e1s.","og_url":"https:\/\/expert-only.com\/es\/","og_site_name":"Tutoriales de SQL y TI","article_publisher":"https:\/\/www.facebook.com\/ExpertOnlyCom\/","article_modified_time":"2023-10-20T12:56:52+00:00","twitter_card":"summary_large_image","twitter_site":"@expert_only","twitter_misc":{"Tiempo de lectura":"4 minutos"},"schema":{"@context":"https:\/\/schema.org","@graph":[{"@type":"WebPage","@id":"https:\/\/expert-only.com\/es\/","url":"https:\/\/expert-only.com\/es\/","name":"Aprender a programar en SQL Server y T-SQL - Tutoriales de SQL y TI","isPartOf":{"@id":"https:\/\/expert-only.com\/es\/#website"},"datePublished":"2022-04-18T10:46:39+00:00","dateModified":"2023-10-20T12:56:52+00:00","description":"Aprende a programar en SQL Server y MS Database con nuestros tutoriales sobre SSIS, T-SQL, MS-DOS, PowerShell, Power BI, Python y mucho m\u00e1s.","breadcrumb":{"@id":"https:\/\/expert-only.com\/es\/#breadcrumb"},"inLanguage":"es","potentialAction":[{"@type":"ReadAction","target":["https:\/\/expert-only.com\/es\/"]}]},{"@type":"BreadcrumbList","@id":"https:\/\/expert-only.com\/es\/#breadcrumb","itemListElement":[{"@type":"ListItem","position":1,"name":"es","item":"https:\/\/expert-only.com\/es\/"},{"@type":"ListItem","position":2,"name":"Aprender a programar en SQL Server y T-SQL"}]},{"@type":"WebSite","@id":"https:\/\/expert-only.com\/es\/#website","url":"https:\/\/expert-only.com\/es\/","name":"Tutoriales de SQL y TI","description":"","publisher":{"@id":"https:\/\/expert-only.com\/es\/#organization"},"potentialAction":[{"@type":"SearchAction","target":{"@type":"EntryPoint","urlTemplate":"https:\/\/expert-only.com\/es\/?s={search_term_string}"},"query-input":{"@type":"PropertyValueSpecification","valueRequired":true,"valueName":"search_term_string"}}],"inLanguage":"es"},{"@type":"Organization","@id":"https:\/\/expert-only.com\/es\/#organization","name":"Expert-Only","url":"https:\/\/expert-only.com\/es\/","logo":{"@type":"ImageObject","inLanguage":"es","@id":"https:\/\/expert-only.com\/es\/#\/schema\/logo\/image\/","url":"https:\/\/expert-only.com\/wp-content\/uploads\/2017\/09\/cropped-logo_Expert-Only.jpg","contentUrl":"https:\/\/expert-only.com\/wp-content\/uploads\/2017\/09\/cropped-logo_Expert-Only.jpg","width":381,"height":174,"caption":"Expert-Only"},"image":{"@id":"https:\/\/expert-only.com\/es\/#\/schema\/logo\/image\/"},"sameAs":["https:\/\/www.facebook.com\/ExpertOnlyCom\/","https:\/\/x.com\/expert_only","https:\/\/www.youtube.com\/channel\/UCMS5sR_FwAetB0FmciNvUaA"]}]}},"_links":{"self":[{"href":"https:\/\/expert-only.com\/es\/wp-json\/wp\/v2\/pages\/27577","targetHints":{"allow":["GET"]}}],"collection":[{"href":"https:\/\/expert-only.com\/es\/wp-json\/wp\/v2\/pages"}],"about":[{"href":"https:\/\/expert-only.com\/es\/wp-json\/wp\/v2\/types\/page"}],"author":[{"embeddable":true,"href":"https:\/\/expert-only.com\/es\/wp-json\/wp\/v2\/users\/1"}],"replies":[{"embeddable":true,"href":"https:\/\/expert-only.com\/es\/wp-json\/wp\/v2\/comments?post=27577"}],"version-history":[{"count":2,"href":"https:\/\/expert-only.com\/es\/wp-json\/wp\/v2\/pages\/27577\/revisions"}],"predecessor-version":[{"id":27581,"href":"https:\/\/expert-only.com\/es\/wp-json\/wp\/v2\/pages\/27577\/revisions\/27581"}],"wp:attachment":[{"href":"https:\/\/expert-only.com\/es\/wp-json\/wp\/v2\/media?parent=27577"}],"curies":[{"name":"wp","href":"https:\/\/api.w.org\/{rel}","templated":true}]}}