{"id":1365,"date":"2017-08-16T22:00:51","date_gmt":"2017-08-16T20:00:51","guid":{"rendered":"https:\/\/expert-only.com\/prep\/?page_id=1365"},"modified":"2025-10-17T09:59:08","modified_gmt":"2025-10-17T07:59:08","slug":"cours-et-tutoriels-sql-server-gratuits","status":"publish","type":"page","link":"https:\/\/expert-only.com\/fr\/cours-et-tutoriels-sql-server-gratuits\/","title":{"rendered":"Cours SQL Server en ligne"},"content":{"rendered":"\n<p>Bienvenue sur notre pour apprendre avec les cours SQL Server ! Nous proposons des cours en ligne pour vous aider \u00e0 ma\u00eetriser le langage SQL. Soit en commen\u00e7ant par les bases du langage SQL mais aussi le T-SQL. <\/p>\n\n\n\n<p>Nos cours couvrent diff\u00e9rentes op\u00e9rations, comme l&rsquo;insertion de donn\u00e9es dans une table avec INSERT ou INSERT INTO. L&rsquo;affichage de donn\u00e9es avec une requ\u00eate SELECT, et la cr\u00e9ation de proc\u00e9dures stock\u00e9es et de fonctions.<\/p>\n\n\n\n<p>Ces cours, accessibles en ligne \u00e0 tout moment, vous permettent de progresser \u00e0 votre rythme sur le Syst\u00e8me de Gestion de Bases de Donn\u00e9es de Microsoft.<\/p>\n\n\n\n<p class=\"has-text-align-center\"><strong>Le T-SQL ou Transact-SQL est le langage de programmation SQL de Microsoft.<\/strong><\/p>\n\n\n\n<p>Il est important de noter que dans nos exemples, la version du serveur SQL n&rsquo;est pas mentionn\u00e9e. Le langage SQL \u00e9tant standardis\u00e9, ces fonctions ne changent pas entre les versions. Sauf certaines nouvelles fonctions introduites dans les derni\u00e8res versions.<\/p>\n\n\n\n<p>Nos exemples sont donc fonctionnels sur <a href=\"https:\/\/expert-only.com\/fr\/dba\/afficher-la-version-exacte-sql-server\/\">les versions les plus anciennes de SQL Server<\/a>, telles que SQL Server 2008, 2008 R2 et 2012, ainsi que sur les versions les plus r\u00e9centes telles que 2016, 2017, 2019 et 2022. Vous pouvez \u00e9galement appliquer ces op\u00e9rations directement sur les bases de donn\u00e9es <a href=\"https:\/\/azure.microsoft.com\/en-us\/products\/azure-sql\/database\/#overview\" target=\"_blank\" rel=\"noreferrer noopener nofollow\">Microsoft Azure<\/a>. <\/p>\n\n\n\n<h2 class=\"wp-block-heading\" id=\"h-apprendre-sql-server-en-ligne-avec-des-exemples-pratiques\">Apprendre SQL Server en ligne avec des exemples pratiques<\/h2>\n\n\n\n<p>Tout d&rsquo;abord, qu&rsquo;est ce qu&rsquo;un <a href=\"https:\/\/expert-only.com\/fr\/concepts\/sgbd-systeme-gestion-de-base-de-donnees\/\">Syst\u00e8me de Gestion de Bases de Donn\u00e9es ou SGBD<\/a> ? Egalement appel\u00e9 Data Base Management System en Anglais (DBMS).<\/p>\n\n\n\n<p>C&rsquo;est un logiciel con\u00e7u pour g\u00e9rer, manipuler et stocker des donn\u00e9es, sous forme de bases de donn\u00e9es contenant des tables, elles m\u00eames compos\u00e9es de colonnes.<\/p>\n\n\n\n<p>En effet, un SGBD utilise le langage SQL, abr\u00e9viation de Structured Query Langage. C&rsquo;est un langage qui permet d&rsquo;ex\u00e9cuter des requ\u00eates pour manipuler ou afficher des donn\u00e9es stock\u00e9es dans une base de donn\u00e9es.<\/p>\n\n\n\n<h2 class=\"wp-block-heading\" id=\"h-les-cours-sql-server-ont-une-complexite-croissante\">Les cours SQL Server ont une complexit\u00e9 croissante<\/h2>\n\n\n\n<p>Si vous cherchez \u00e0 apprendre SQL Server et le <a href=\"https:\/\/fr.wikipedia.org\/wiki\/Transact-SQL\">T-SQL<\/a>, il existe de nombreuses ressources en ligne pour vous aider \u00e0 acqu\u00e9rir les connaissances et les comp\u00e9tences dont vous avez besoin.<\/p>\n\n\n\n<p class=\"has-text-align-center\"><strong>L&rsquo;un des meilleurs moyens d&rsquo;apprendre le SQL est par l&rsquo;exemple et la pratique.<\/strong><\/p>\n\n\n\n<p>Ces cours SQL Server permettent d&rsquo;apprendre en commencant par les bases de SQL Server, puis des techniques plus avanc\u00e9es pour travailler avec des formats de donn\u00e9es et des requ\u00eates complexes. Ici vous pourrez : apprendre \u00e0 cr\u00e9er des tables, ins\u00e9rer des donn\u00e9es, interroger des donn\u00e9es, filtrer et trier des donn\u00e9es. Puis \u00e0 utiliser des fonctions d&rsquo;agr\u00e9gation pour regrouper des donn\u00e9es, et enfin cr\u00e9er des fonctions et proc\u00e9dures pour structurer et r\u00e9utiliser le code.<\/p>\n\n\n<div class=\"wp-block-image\">\n<figure class=\"aligncenter size-large\"><img loading=\"lazy\" decoding=\"async\" width=\"1024\" height=\"576\" src=\"https:\/\/expert-only.com\/wp-content\/uploads\/2022\/09\/planning-4897792_1920x1080-1024x576.jpg\" alt=\"Cours et tutoriels SQL Server gratuits pour apprendre par l'exemple et par it\u00e9rations\" class=\"wp-image-10817\" srcset=\"https:\/\/expert-only.com\/wp-content\/uploads\/2022\/09\/planning-4897792_1920x1080-1024x576.jpg 1024w, https:\/\/expert-only.com\/wp-content\/uploads\/2022\/09\/planning-4897792_1920x1080-300x169.jpg 300w, https:\/\/expert-only.com\/wp-content\/uploads\/2022\/09\/planning-4897792_1920x1080-768x432.jpg 768w, https:\/\/expert-only.com\/wp-content\/uploads\/2022\/09\/planning-4897792_1920x1080-1536x864.jpg 1536w, https:\/\/expert-only.com\/wp-content\/uploads\/2022\/09\/planning-4897792_1920x1080-678x381.jpg 678w, https:\/\/expert-only.com\/wp-content\/uploads\/2022\/09\/planning-4897792_1920x1080.jpg 1920w\" sizes=\"auto, (max-width: 1024px) 100vw, 1024px\" \/><figcaption class=\"wp-element-caption\"><strong><em>Cours et tutoriels SQL Server pour apprendre par l&rsquo;exemple et par it\u00e9rations<\/em><\/strong><\/figcaption><\/figure><\/div>\n\n\n<h2 class=\"wp-block-heading\" id=\"pid01\">Syntaxes des requ\u00eates SELECT de base avec SQL Server<\/h2>\n\n\n\n<p>Tout d&rsquo;abord, trois exemples simples de requ\u00eates de s\u00e9lection avec la clause SELECT. Commencer au pr\u00e9alable par cr\u00e9er les tables d&rsquo;exemples utilis\u00e9es dans les articles ci-dessous :<\/p>\n\n\n\n<ol class=\"wp-block-list\">\n<li><a href=\"https:\/\/expert-only.com\/fr\/t-sql\/creer-table-sql-server\/\"><strong>Cr\u00e9er la table d&rsquo;exemple des ventes<\/strong><\/a><\/li>\n\n\n\n<li><b><a href=\"https:\/\/expert-only.com\/fr\/t-sql\/requetes-select-sql-server\/\">Requ\u00eate SELECT simple avec SQL Server<\/a><\/b><\/li>\n\n\n\n<li><b><a href=\"https:\/\/expert-only.com\/fr\/t-sql\/requetes-select-sql-server\/\">Filtrer et trier le r\u00e9sultat d&rsquo;une requ\u00eate avec une clause WHERE<\/a><\/b><\/li>\n<\/ol>\n\n\n\n<h2 class=\"wp-block-heading\" id=\"h-inserer-des-donnees-avec-la-requete-insert-sql-server\">Ins\u00e9rer des donn\u00e9es avec la requ\u00eate INSERT SQL Server<\/h2>\n\n\n\n<p>Ensuite, les cours SQL Server continuent avec une section sur l&rsquo;insertion des donn\u00e9es avec la clause INSERT.<\/p>\n\n\n\n<ol class=\"wp-block-list\">\n<li><b><a href=\"https:\/\/expert-only.com\/fr\/t-sql\/requete-sql-server-insert-into-depuis-select\/\">Exemple Simple d&rsquo;une requ\u00eate INSERT avec SQL server <\/a><\/b><\/li>\n\n\n\n<li><b><a href=\"https:\/\/expert-only.com\/fr\/t-sql\/requetes-select-sql-server\/\">V\u00e9rifier le succ\u00e8s d&rsquo;une requ\u00eate INSERT avec la requ\u00eate SELECT<\/a><\/b><\/li>\n\n\n\n<li><b><a href=\"https:\/\/expert-only.com\/fr\/t-sql\/requete-sql-server-insert-into-depuis-select\/\">Ins\u00e9rer des donn\u00e9es dans une table avec une requ\u00eate SELECT INTO<\/a><\/b><\/li>\n\n\n\n<li><b><a href=\"https:\/\/expert-only.com\/fr\/ssms\/generer-requete-insert-into-ssms\/\">G\u00e9n\u00e9rer une requ\u00eate INSERT avec SSMS<\/a><\/b><\/li>\n\n\n\n<li><b><a href=\"https:\/\/expert-only.com\/fr\/t-sql\/sql-server-insert-into-avec-des-variables\/\">Cr\u00e9er une requ\u00eate INSERT INTO avec des variables SQL Server<\/a><\/b><\/li>\n<\/ol>\n\n\n\n<figure class=\"wp-block-embed is-type-wp-embed is-provider-tutoriels-sql-et-it wp-block-embed-tutoriels-sql-et-it\"><div class=\"wp-block-embed__wrapper\">\n<blockquote class=\"wp-embedded-content\" data-secret=\"aeJUyBn8zM\"><a href=\"https:\/\/expert-only.com\/fr\/t-sql\/sql-server-insert-into-avec-des-variables\/\">SQL Server INSERT INTO avec des variables<\/a><\/blockquote><iframe loading=\"lazy\" class=\"wp-embedded-content\" sandbox=\"allow-scripts\" security=\"restricted\" style=\"position: absolute; visibility: hidden;\" title=\"&#8220;SQL Server INSERT INTO avec des variables&#8221; &#8212; Tutoriels SQL et IT\" src=\"https:\/\/expert-only.com\/fr\/t-sql\/sql-server-insert-into-avec-des-variables\/embed\/#?secret=iM4nuNOt1o#?secret=aeJUyBn8zM\" data-secret=\"aeJUyBn8zM\" width=\"500\" height=\"282\" frameborder=\"0\" marginwidth=\"0\" marginheight=\"0\" scrolling=\"no\"><\/iframe>\n<\/div><\/figure>\n\n\n\n<h2 class=\"wp-block-heading\" id=\"h-operateurs-pivot-et-unpivot-pour-transformer-les-lignes-en-colonnes-et-vice-versa\">Op\u00e9rateurs PIVOT et UNPIVOT pour transformer les lignes en colonnes et vice versa<\/h2>\n\n\n\n<p>Dans le monde des bases de donn\u00e9es relationnelles, les donn\u00e9es sont stock\u00e9es sous forme de lignes. Cependant, il est parfois pratique de faire pivoter ces lignes pour les transformer et les basculer en colonnes. Voici donc la suite des cours avec 2 requ\u00eates tr\u00e8s pratiques.<\/p>\n\n\n\n<p>Les op\u00e9rateurs PIVOT et UNPIVOT de SQL Server sont des outils pratiques pour effectuer cette transformation. Ils permettent de convertir les donn\u00e9es d&rsquo;une table d&rsquo;une disposition en lignes \u00e0 une disposition en colonnes, ou inversement.<\/p>\n\n\n\n<ol class=\"wp-block-list\">\n<li><b><a href=\"https:\/\/expert-only.com\/fr\/t-sql\/pivot-sql-server\/\">Comment utiliser la requ\u00eate PIVOT en SQL Server<\/a><\/b><\/li>\n\n\n\n<li>Et utiliser la requ\u00eate inverse pour <a href=\"https:\/\/expert-only.com\/fr\/t-sql\/requete-sql-server-unpivot\/\"><strong>transformer des colonnes en lignes avec la requ\u00eate UNPIVOT<\/strong><\/a>.<\/li>\n<\/ol>\n\n\n\n<figure class=\"wp-block-embed is-type-wp-embed is-provider-tutoriels-sql-et-it wp-block-embed-tutoriels-sql-et-it\"><div class=\"wp-block-embed__wrapper\">\n<blockquote class=\"wp-embedded-content\" data-secret=\"fO9WBX4a1a\"><a href=\"https:\/\/expert-only.com\/fr\/t-sql\/requete-sql-server-unpivot\/\">Exemple de Requ\u00eate SQL Server UNPIVOT<\/a><\/blockquote><iframe loading=\"lazy\" class=\"wp-embedded-content\" sandbox=\"allow-scripts\" security=\"restricted\" style=\"position: absolute; visibility: hidden;\" title=\"&#8220;Exemple de Requ\u00eate SQL Server UNPIVOT&#8221; &#8212; Tutoriels SQL et IT\" src=\"https:\/\/expert-only.com\/fr\/t-sql\/requete-sql-server-unpivot\/embed\/#?secret=ad91EOV4xN#?secret=fO9WBX4a1a\" data-secret=\"fO9WBX4a1a\" width=\"500\" height=\"282\" frameborder=\"0\" marginwidth=\"0\" marginheight=\"0\" scrolling=\"no\"><\/iframe>\n<\/div><\/figure>\n\n\n\n<h2 class=\"wp-block-heading\" id=\"pid03\">Les proc\u00e9dures stock\u00e9es SQL Server<\/h2>\n\n\n\n<p>Dans cette section, voici comment cr\u00e9er des proc\u00e9dures stock\u00e9es simples, ou encore avec des param\u00e8tres en entr\u00e9e et en sortie.<\/p>\n\n\n\n<p class=\"has-text-align-center\"><strong>Les proc\u00e9dures stock\u00e9es sont des blocs de code T-SQL qui sont enregistr\u00e9s sur le serveur SQL Server.<\/strong><\/p>\n\n\n\n<p>Elles peuvent \u00eatre appel\u00e9es \u00e0 partir de n&rsquo;importe quelle application ou programme qui se connecte \u00e0 la base de donn\u00e9es, ce qui facilite leur r\u00e9utilisation et leur partage entre les diff\u00e9rents utilisateurs.<\/p>\n\n\n\n<p>Nous allons \u00e9galement voir les bonnes pratiques pour \u00e9crire des proc\u00e9dures SQL efficaces et \u00e9viter les erreurs courantes. Ces cours permettent d&rsquo;apprendre \u00e0 cr\u00e9er et g\u00e9rer des proc\u00e9dures stock\u00e9es dans SQL Server avec facilit\u00e9.<\/p>\n\n\n\n<ol class=\"wp-block-list\">\n<li>Premi\u00e8rement, c<b><a href=\"https:\/\/expert-only.com\/fr\/t-sql\/creer-une-procedure-stockee-sql-server\/\">omment cr\u00e9er une proc\u00e9dure stock\u00e9e SQL Server ?<\/a><\/b><\/li>\n\n\n\n<li><b><a href=\"https:\/\/expert-only.com\/fr\/t-sql\/retourner-des-variables-procedure-sql-server\/\">Cr\u00e9er une proc\u00e9dure stock\u00e9e simple qui retourne des valeurs avec OUTPUT ?<\/a><\/b><\/li>\n\n\n\n<li><b><a href=\"https:\/\/expert-only.com\/fr\/t-sql\/procedure-stockee-sql-server-avec-parametres\/\">Comment cr\u00e9er une proc\u00e9dure stock\u00e9e avec des param\u00e8tres sous SQL Server ?<\/a><\/b><\/li>\n\n\n\n<li>Quatri\u00e8mement, <b><a href=\"https:\/\/expert-only.com\/fr\/t-sql\/inserer-donnees-depuis-procedure-stockee\/\">ins\u00e9rer des donn\u00e9es dans une table avec une proc\u00e9dure stock\u00e9e SQL Server<\/a><\/b>.<\/li>\n<\/ol>\n\n\n\n<figure class=\"wp-block-embed is-type-wp-embed is-provider-tutoriels-sql-et-it wp-block-embed-tutoriels-sql-et-it\"><div class=\"wp-block-embed__wrapper\">\n<blockquote class=\"wp-embedded-content\" data-secret=\"KmZp5eINoP\"><a href=\"https:\/\/expert-only.com\/fr\/t-sql\/inserer-donnees-depuis-procedure-stockee\/\">Ins\u00e9rer des donn\u00e9es depuis une proc\u00e9dure stock\u00e9e SQL Server<\/a><\/blockquote><iframe loading=\"lazy\" class=\"wp-embedded-content\" sandbox=\"allow-scripts\" security=\"restricted\" style=\"position: absolute; visibility: hidden;\" title=\"&#8220;Ins\u00e9rer des donn\u00e9es depuis une proc\u00e9dure stock\u00e9e SQL Server&#8221; &#8212; Tutoriels SQL et IT\" src=\"https:\/\/expert-only.com\/fr\/t-sql\/inserer-donnees-depuis-procedure-stockee\/embed\/#?secret=yudprSR4dj#?secret=KmZp5eINoP\" data-secret=\"KmZp5eINoP\" width=\"500\" height=\"282\" frameborder=\"0\" marginwidth=\"0\" marginheight=\"0\" scrolling=\"no\"><\/iframe>\n<\/div><\/figure>\n\n\n\n<h2 class=\"wp-block-heading\" id=\"h-conclusion\">Conclusion<\/h2>\n\n\n\n<p>En conclusion, ces cours SQL Server offrent une opportunit\u00e9 pour tous ceux qui souhaitent acqu\u00e9rir des comp\u00e9tences dans la manipulation et la gestion des bases de donn\u00e9es.<\/p>\n\n\n\n<p>Nos cours en ligne couvrent les bases du langage T-SQL, et vous permettent d&rsquo;apprendre \u00e0 cr\u00e9er des tables, \u00e0 ins\u00e9rer des donn\u00e9es, \u00e0 interroger des donn\u00e9es \u00e0 l&rsquo;aide de la syntaxe SQL de Microsoft.<\/p>\n\n\n\n<p>Et aussi filtrer, trier des donn\u00e9es, puis utiliser des fonctions d&rsquo;agr\u00e9gation pour regrouper des donn\u00e9es et faiure des calculs, ainsi que la cr\u00e9ation de proc\u00e9dures stock\u00e9es et de fonctions.<\/p>\n\n\n\n<p>Pour finir, j&rsquo;esp\u00e8re que ces cours SQL Server vous sont utiles pour apprendre plus vite. N&rsquo;h\u00e9sitez pas \u00e0 nous contacter pour nous faire part de vos remarques et de vos suggestions en suivant ce formulaire.<\/p>\n\n\n\n<figure class=\"wp-block-embed is-type-wp-embed is-provider-tutoriels-sql-et-it wp-block-embed-tutoriels-sql-et-it\"><div class=\"wp-block-embed__wrapper\">\n<blockquote class=\"wp-embedded-content\" data-secret=\"4JqOjES4KL\"><a href=\"https:\/\/expert-only.com\/en\/contact\/\">Contact expert-only.com<\/a><\/blockquote><iframe loading=\"lazy\" class=\"wp-embedded-content\" sandbox=\"allow-scripts\" security=\"restricted\" style=\"position: absolute; visibility: hidden;\" title=\"&#8220;Contact expert-only.com&#8221; &#8212; Tutoriels SQL et IT\" src=\"https:\/\/expert-only.com\/en\/contact\/embed\/#?secret=5fPtcrqTiE#?secret=4JqOjES4KL\" data-secret=\"4JqOjES4KL\" width=\"500\" height=\"282\" frameborder=\"0\" marginwidth=\"0\" marginheight=\"0\" scrolling=\"no\"><\/iframe>\n<\/div><\/figure>\n\n\n\n<p class=\"has-text-align-center\"><\/p>\n","protected":false},"excerpt":{"rendered":"<div class=\"mh-excerpt\"><p>Bienvenue sur notre pour apprendre avec les cours SQL Server ! Nous proposons des cours en ligne pour vous aider \u00e0 ma\u00eetriser le langage SQL. Soit en commen\u00e7ant par les bases du langage SQL mais aussi le T-SQL. Nos <a class=\"mh-excerpt-more\" href=\"https:\/\/expert-only.com\/fr\/cours-et-tutoriels-sql-server-gratuits\/\" title=\"Cours SQL Server en ligne\">&#8230;<\/a><\/p>\n<\/div>","protected":false},"author":1,"featured_media":10617,"parent":0,"menu_order":0,"comment_status":"closed","ping_status":"closed","template":"","meta":{"footnotes":""},"class_list":["post-1365","page","type-page","status-publish","has-post-thumbnail"],"yoast_head":"<!-- This site is optimized with the Yoast SEO Premium plugin v21.7 (Yoast SEO v26.2) - https:\/\/yoast.com\/wordpress\/plugins\/seo\/ -->\n<title>Cours SQL Server - Tutoriels gratuits- Expert-Only<\/title>\n<meta name=\"description\" content=\"Cours et tutoriels gratuits sur SQL Server pour apprendre le langage T-SQL avec des examples pratiques et manipuler des donn\u00e9es.\" \/>\n<meta name=\"robots\" content=\"index, follow, max-snippet:-1, max-image-preview:large, max-video-preview:-1\" \/>\n<link rel=\"canonical\" href=\"https:\/\/expert-only.com\/fr\/cours-et-tutoriels-sql-server-gratuits\/\" \/>\n<meta property=\"og:locale\" content=\"fr_FR\" \/>\n<meta property=\"og:type\" content=\"article\" \/>\n<meta property=\"og:title\" content=\"Cours SQL Server en ligne\" \/>\n<meta property=\"og:description\" content=\"Cours et tutoriels gratuits sur SQL Server pour apprendre le langage T-SQL avec des examples pratiques et manipuler des donn\u00e9es.\" \/>\n<meta property=\"og:url\" content=\"https:\/\/expert-only.com\/fr\/cours-et-tutoriels-sql-server-gratuits\/\" \/>\n<meta property=\"og:site_name\" content=\"Tutoriels SQL et IT\" \/>\n<meta property=\"article:publisher\" content=\"https:\/\/www.facebook.com\/ExpertOnlyCom\/\" \/>\n<meta property=\"article:modified_time\" content=\"2025-10-17T07:59:08+00:00\" \/>\n<meta property=\"og:image\" content=\"https:\/\/expert-only.com\/wp-content\/uploads\/2022\/09\/digitization-FD44BBF7CF9_1920x1080.jpg\" \/>\n\t<meta property=\"og:image:width\" content=\"1920\" \/>\n\t<meta property=\"og:image:height\" content=\"1080\" \/>\n\t<meta property=\"og:image:type\" content=\"image\/jpeg\" \/>\n<meta name=\"twitter:card\" content=\"summary_large_image\" \/>\n<meta name=\"twitter:site\" content=\"@expert_only\" \/>\n<meta name=\"twitter:label1\" content=\"Dur\u00e9e de lecture estim\u00e9e\" \/>\n\t<meta name=\"twitter:data1\" content=\"5 minutes\" \/>\n<script type=\"application\/ld+json\" class=\"yoast-schema-graph\">{\"@context\":\"https:\/\/schema.org\",\"@graph\":[{\"@type\":\"WebPage\",\"@id\":\"https:\/\/expert-only.com\/fr\/cours-et-tutoriels-sql-server-gratuits\/\",\"url\":\"https:\/\/expert-only.com\/fr\/cours-et-tutoriels-sql-server-gratuits\/\",\"name\":\"Cours SQL Server - Tutoriels gratuits- Expert-Only\",\"isPartOf\":{\"@id\":\"https:\/\/expert-only.com\/fr\/#website\"},\"primaryImageOfPage\":{\"@id\":\"https:\/\/expert-only.com\/fr\/cours-et-tutoriels-sql-server-gratuits\/#primaryimage\"},\"image\":{\"@id\":\"https:\/\/expert-only.com\/fr\/cours-et-tutoriels-sql-server-gratuits\/#primaryimage\"},\"thumbnailUrl\":\"https:\/\/expert-only.com\/wp-content\/uploads\/2022\/09\/digitization-FD44BBF7CF9_1920x1080.jpg\",\"datePublished\":\"2017-08-16T20:00:51+00:00\",\"dateModified\":\"2025-10-17T07:59:08+00:00\",\"description\":\"Cours et tutoriels gratuits sur SQL Server pour apprendre le langage T-SQL avec des examples pratiques et manipuler des donn\u00e9es.\",\"breadcrumb\":{\"@id\":\"https:\/\/expert-only.com\/fr\/cours-et-tutoriels-sql-server-gratuits\/#breadcrumb\"},\"inLanguage\":\"fr-FR\",\"potentialAction\":[{\"@type\":\"ReadAction\",\"target\":[\"https:\/\/expert-only.com\/fr\/cours-et-tutoriels-sql-server-gratuits\/\"]}]},{\"@type\":\"ImageObject\",\"inLanguage\":\"fr-FR\",\"@id\":\"https:\/\/expert-only.com\/fr\/cours-et-tutoriels-sql-server-gratuits\/#primaryimage\",\"url\":\"https:\/\/expert-only.com\/wp-content\/uploads\/2022\/09\/digitization-FD44BBF7CF9_1920x1080.jpg\",\"contentUrl\":\"https:\/\/expert-only.com\/wp-content\/uploads\/2022\/09\/digitization-FD44BBF7CF9_1920x1080.jpg\",\"width\":1920,\"height\":1080},{\"@type\":\"BreadcrumbList\",\"@id\":\"https:\/\/expert-only.com\/fr\/cours-et-tutoriels-sql-server-gratuits\/#breadcrumb\",\"itemListElement\":[{\"@type\":\"ListItem\",\"position\":1,\"name\":\"Accueil\",\"item\":\"https:\/\/expert-only.com\/fr\/\"},{\"@type\":\"ListItem\",\"position\":2,\"name\":\"Cours SQL Server en ligne\"}]},{\"@type\":\"WebSite\",\"@id\":\"https:\/\/expert-only.com\/fr\/#website\",\"url\":\"https:\/\/expert-only.com\/fr\/\",\"name\":\"Tutoriels SQL et IT\",\"description\":\"\",\"publisher\":{\"@id\":\"https:\/\/expert-only.com\/fr\/#organization\"},\"potentialAction\":[{\"@type\":\"SearchAction\",\"target\":{\"@type\":\"EntryPoint\",\"urlTemplate\":\"https:\/\/expert-only.com\/fr\/?s={search_term_string}\"},\"query-input\":{\"@type\":\"PropertyValueSpecification\",\"valueRequired\":true,\"valueName\":\"search_term_string\"}}],\"inLanguage\":\"fr-FR\"},{\"@type\":\"Organization\",\"@id\":\"https:\/\/expert-only.com\/fr\/#organization\",\"name\":\"Expert-Only\",\"url\":\"https:\/\/expert-only.com\/fr\/\",\"logo\":{\"@type\":\"ImageObject\",\"inLanguage\":\"fr-FR\",\"@id\":\"https:\/\/expert-only.com\/fr\/#\/schema\/logo\/image\/\",\"url\":\"https:\/\/expert-only.com\/wp-content\/uploads\/2017\/09\/cropped-logo_Expert-Only.jpg\",\"contentUrl\":\"https:\/\/expert-only.com\/wp-content\/uploads\/2017\/09\/cropped-logo_Expert-Only.jpg\",\"width\":381,\"height\":174,\"caption\":\"Expert-Only\"},\"image\":{\"@id\":\"https:\/\/expert-only.com\/fr\/#\/schema\/logo\/image\/\"},\"sameAs\":[\"https:\/\/www.facebook.com\/ExpertOnlyCom\/\",\"https:\/\/x.com\/expert_only\",\"https:\/\/www.youtube.com\/channel\/UCMS5sR_FwAetB0FmciNvUaA\"]}]}<\/script>\n<!-- \/ Yoast SEO Premium plugin. -->","yoast_head_json":{"title":"Cours SQL Server - Tutoriels gratuits- Expert-Only","description":"Cours et tutoriels gratuits sur SQL Server pour apprendre le langage T-SQL avec des examples pratiques et manipuler des donn\u00e9es.","robots":{"index":"index","follow":"follow","max-snippet":"max-snippet:-1","max-image-preview":"max-image-preview:large","max-video-preview":"max-video-preview:-1"},"canonical":"https:\/\/expert-only.com\/fr\/cours-et-tutoriels-sql-server-gratuits\/","og_locale":"fr_FR","og_type":"article","og_title":"Cours SQL Server en ligne","og_description":"Cours et tutoriels gratuits sur SQL Server pour apprendre le langage T-SQL avec des examples pratiques et manipuler des donn\u00e9es.","og_url":"https:\/\/expert-only.com\/fr\/cours-et-tutoriels-sql-server-gratuits\/","og_site_name":"Tutoriels SQL et IT","article_publisher":"https:\/\/www.facebook.com\/ExpertOnlyCom\/","article_modified_time":"2025-10-17T07:59:08+00:00","og_image":[{"width":1920,"height":1080,"url":"https:\/\/expert-only.com\/wp-content\/uploads\/2022\/09\/digitization-FD44BBF7CF9_1920x1080.jpg","type":"image\/jpeg"}],"twitter_card":"summary_large_image","twitter_site":"@expert_only","twitter_misc":{"Dur\u00e9e de lecture estim\u00e9e":"5 minutes"},"schema":{"@context":"https:\/\/schema.org","@graph":[{"@type":"WebPage","@id":"https:\/\/expert-only.com\/fr\/cours-et-tutoriels-sql-server-gratuits\/","url":"https:\/\/expert-only.com\/fr\/cours-et-tutoriels-sql-server-gratuits\/","name":"Cours SQL Server - Tutoriels gratuits- Expert-Only","isPartOf":{"@id":"https:\/\/expert-only.com\/fr\/#website"},"primaryImageOfPage":{"@id":"https:\/\/expert-only.com\/fr\/cours-et-tutoriels-sql-server-gratuits\/#primaryimage"},"image":{"@id":"https:\/\/expert-only.com\/fr\/cours-et-tutoriels-sql-server-gratuits\/#primaryimage"},"thumbnailUrl":"https:\/\/expert-only.com\/wp-content\/uploads\/2022\/09\/digitization-FD44BBF7CF9_1920x1080.jpg","datePublished":"2017-08-16T20:00:51+00:00","dateModified":"2025-10-17T07:59:08+00:00","description":"Cours et tutoriels gratuits sur SQL Server pour apprendre le langage T-SQL avec des examples pratiques et manipuler des donn\u00e9es.","breadcrumb":{"@id":"https:\/\/expert-only.com\/fr\/cours-et-tutoriels-sql-server-gratuits\/#breadcrumb"},"inLanguage":"fr-FR","potentialAction":[{"@type":"ReadAction","target":["https:\/\/expert-only.com\/fr\/cours-et-tutoriels-sql-server-gratuits\/"]}]},{"@type":"ImageObject","inLanguage":"fr-FR","@id":"https:\/\/expert-only.com\/fr\/cours-et-tutoriels-sql-server-gratuits\/#primaryimage","url":"https:\/\/expert-only.com\/wp-content\/uploads\/2022\/09\/digitization-FD44BBF7CF9_1920x1080.jpg","contentUrl":"https:\/\/expert-only.com\/wp-content\/uploads\/2022\/09\/digitization-FD44BBF7CF9_1920x1080.jpg","width":1920,"height":1080},{"@type":"BreadcrumbList","@id":"https:\/\/expert-only.com\/fr\/cours-et-tutoriels-sql-server-gratuits\/#breadcrumb","itemListElement":[{"@type":"ListItem","position":1,"name":"Accueil","item":"https:\/\/expert-only.com\/fr\/"},{"@type":"ListItem","position":2,"name":"Cours SQL Server en ligne"}]},{"@type":"WebSite","@id":"https:\/\/expert-only.com\/fr\/#website","url":"https:\/\/expert-only.com\/fr\/","name":"Tutoriels SQL et IT","description":"","publisher":{"@id":"https:\/\/expert-only.com\/fr\/#organization"},"potentialAction":[{"@type":"SearchAction","target":{"@type":"EntryPoint","urlTemplate":"https:\/\/expert-only.com\/fr\/?s={search_term_string}"},"query-input":{"@type":"PropertyValueSpecification","valueRequired":true,"valueName":"search_term_string"}}],"inLanguage":"fr-FR"},{"@type":"Organization","@id":"https:\/\/expert-only.com\/fr\/#organization","name":"Expert-Only","url":"https:\/\/expert-only.com\/fr\/","logo":{"@type":"ImageObject","inLanguage":"fr-FR","@id":"https:\/\/expert-only.com\/fr\/#\/schema\/logo\/image\/","url":"https:\/\/expert-only.com\/wp-content\/uploads\/2017\/09\/cropped-logo_Expert-Only.jpg","contentUrl":"https:\/\/expert-only.com\/wp-content\/uploads\/2017\/09\/cropped-logo_Expert-Only.jpg","width":381,"height":174,"caption":"Expert-Only"},"image":{"@id":"https:\/\/expert-only.com\/fr\/#\/schema\/logo\/image\/"},"sameAs":["https:\/\/www.facebook.com\/ExpertOnlyCom\/","https:\/\/x.com\/expert_only","https:\/\/www.youtube.com\/channel\/UCMS5sR_FwAetB0FmciNvUaA"]}]}},"_links":{"self":[{"href":"https:\/\/expert-only.com\/fr\/wp-json\/wp\/v2\/pages\/1365","targetHints":{"allow":["GET"]}}],"collection":[{"href":"https:\/\/expert-only.com\/fr\/wp-json\/wp\/v2\/pages"}],"about":[{"href":"https:\/\/expert-only.com\/fr\/wp-json\/wp\/v2\/types\/page"}],"author":[{"embeddable":true,"href":"https:\/\/expert-only.com\/fr\/wp-json\/wp\/v2\/users\/1"}],"replies":[{"embeddable":true,"href":"https:\/\/expert-only.com\/fr\/wp-json\/wp\/v2\/comments?post=1365"}],"version-history":[{"count":1,"href":"https:\/\/expert-only.com\/fr\/wp-json\/wp\/v2\/pages\/1365\/revisions"}],"predecessor-version":[{"id":31053,"href":"https:\/\/expert-only.com\/fr\/wp-json\/wp\/v2\/pages\/1365\/revisions\/31053"}],"wp:featuredmedia":[{"embeddable":true,"href":"https:\/\/expert-only.com\/fr\/wp-json\/wp\/v2\/media\/10617"}],"wp:attachment":[{"href":"https:\/\/expert-only.com\/fr\/wp-json\/wp\/v2\/media?parent=1365"}],"curies":[{"name":"wp","href":"https:\/\/api.w.org\/{rel}","templated":true}]}}