{"id":1887,"date":"2018-06-05T10:08:39","date_gmt":"2018-06-05T08:08:39","guid":{"rendered":"https:\/\/expert-only.com\/?page_id=1887"},"modified":"2023-03-20T14:34:44","modified_gmt":"2023-03-20T13:34:44","slug":"qui-sommes-nous","status":"publish","type":"page","link":"https:\/\/expert-only.com\/fr\/qui-sommes-nous\/","title":{"rendered":"Qui sommes nous ? Des ing\u00e9nieurs de la donn\u00e9e"},"content":{"rendered":"\n<p>Je suis un expert sur Microsoft Business Intelligence et je travaille dans le domaine de l&rsquo;int\u00e9graiton et l&rsquo;analyse de donn\u00e9es depuis 2009, et je travaille dans le domaine de l&rsquo;IT depuis 2004. J&rsquo;ai litt\u00e9ralement construit ou maintenu des dizaines de projets r\u00e9ussis.<\/p>\n\n\n\n<h2 class=\"wp-block-heading\">Petite pr\u00e9sentation de notre exp\u00e9rience IT<\/h2>\n\n\n\n<p>J&rsquo;ai travaill\u00e9 en France, en Suisse et \u00e0 Monaco, avec des \u00e9quipes internationales, principalement dans des environnements francophones et anglophones, pour des PME et des grandes entreprises. Mes projets impliquent entre autres, les entrep\u00f4ts de donn\u00e9es pour les ventes, la comptabilit\u00e9, les RH, les rapports r\u00e9glementaires, les stocks, les achats. Mais aussi des solutions de planification budg\u00e9taire et financi\u00e8re (budget versus r\u00e9alis\u00e9).<\/p>\n\n\n\n<p>Mon expertise avec les technologies Microsoft SQL Server tourne autour de la suite compl\u00e8te, soit , T-SQL, SSIS\/SSAS\/SSRS, la conception de DWH, le d\u00e9veloppement de flux ETL, la construction de cube multidimensionnel OLAP ou de mod\u00e8les tabulaires, et la construction de rapports Power BI. J&rsquo;ai \u00e9galement une solide exp\u00e9rience de toutes les \u00e9tapes d&rsquo;un projet d&rsquo;ing\u00e9nierie des donn\u00e9es, de la collecte des exigences du m\u00e9tier jusqu&rsquo;au d\u00e9ploiement des syst\u00e8mes en production avec le support applicatif.<\/p>\n\n\n\n<h2 class=\"wp-block-heading\" id=\"h-des-solutions-simples-a-des-problemes-it-recurrents\">Des solutions simples \u00e0 des probl\u00e8mes IT r\u00e9currents<\/h2>\n\n\n\n<p class=\"has-text-align-left\">Ce blog a donc pour vocation de proposer des solutions simples, pratiques et concises \u00e0 des probl\u00e8mes techniques Microsoft SQL Server et plus largement IT.<\/p>\n\n\n\n<p class=\"has-text-align-center\"><strong>N&rsquo;h\u00e9sitez pas \u00e0 nous contacter pour nous faire part de votre avis.<\/strong><\/p>\n","protected":false},"excerpt":{"rendered":"<div class=\"mh-excerpt\"><p>Je suis un expert sur Microsoft Business Intelligence et je travaille dans le domaine de l&rsquo;int\u00e9graiton et l&rsquo;analyse de donn\u00e9es depuis 2009, et je travaille dans le domaine de l&rsquo;IT depuis 2004. J&rsquo;ai litt\u00e9ralement construit ou maintenu des dizaines <a class=\"mh-excerpt-more\" href=\"https:\/\/expert-only.com\/fr\/qui-sommes-nous\/\" title=\"Qui sommes nous ? Des ing\u00e9nieurs de la donn\u00e9e\">&#8230;<\/a><\/p>\n<\/div>","protected":false},"author":1,"featured_media":10357,"parent":0,"menu_order":0,"comment_status":"closed","ping_status":"closed","template":"","meta":{"footnotes":""},"class_list":["post-1887","page","type-page","status-publish","has-post-thumbnail"],"yoast_head":"<!-- This site is optimized with the Yoast SEO Premium plugin v21.7 (Yoast SEO v26.2) - https:\/\/yoast.com\/wordpress\/plugins\/seo\/ -->\n<title>Qui sommes nous ? Des ing\u00e9nieurs de la donn\u00e9e - Tutoriels IT<\/title>\n<meta name=\"description\" content=\"Nous avons une expertise dans la suite Microsoft BI avec le T-SQL, SSIS, SSAS, SSRS, Power BI, la conception de DWH et les workflows ETL.\" \/>\n<meta name=\"robots\" content=\"index, follow, max-snippet:-1, max-image-preview:large, max-video-preview:-1\" \/>\n<link rel=\"canonical\" href=\"https:\/\/expert-only.com\/fr\/qui-sommes-nous\/\" \/>\n<meta property=\"og:locale\" content=\"fr_FR\" \/>\n<meta property=\"og:type\" content=\"article\" \/>\n<meta property=\"og:title\" content=\"Qui sommes nous ? Des ing\u00e9nieurs de la donn\u00e9e\" \/>\n<meta property=\"og:description\" content=\"Nous avons une expertise dans la suite Microsoft BI avec le T-SQL, SSIS, SSAS, SSRS, Power BI, la conception de DWH et les workflows ETL.\" \/>\n<meta property=\"og:url\" content=\"https:\/\/expert-only.com\/fr\/qui-sommes-nous\/\" \/>\n<meta property=\"og:site_name\" content=\"Tutoriels SQL et IT\" \/>\n<meta property=\"article:publisher\" content=\"https:\/\/www.facebook.com\/ExpertOnlyCom\/\" \/>\n<meta property=\"article:modified_time\" content=\"2023-03-20T13:34:44+00:00\" \/>\n<meta property=\"og:image\" content=\"https:\/\/expert-only.com\/wp-content\/uploads\/2022\/09\/buildings-1867726_1920x1080.jpg\" \/>\n\t<meta property=\"og:image:width\" content=\"1920\" \/>\n\t<meta property=\"og:image:height\" content=\"1080\" \/>\n\t<meta property=\"og:image:type\" content=\"image\/jpeg\" \/>\n<meta name=\"twitter:card\" content=\"summary_large_image\" \/>\n<meta name=\"twitter:site\" content=\"@expert_only\" \/>\n<meta name=\"twitter:label1\" content=\"Dur\u00e9e de lecture estim\u00e9e\" \/>\n\t<meta name=\"twitter:data1\" content=\"2 minutes\" \/>\n<script type=\"application\/ld+json\" class=\"yoast-schema-graph\">{\"@context\":\"https:\/\/schema.org\",\"@graph\":[{\"@type\":\"WebPage\",\"@id\":\"https:\/\/expert-only.com\/fr\/qui-sommes-nous\/\",\"url\":\"https:\/\/expert-only.com\/fr\/qui-sommes-nous\/\",\"name\":\"Qui sommes nous ? Des ing\u00e9nieurs de la donn\u00e9e - Tutoriels IT\",\"isPartOf\":{\"@id\":\"https:\/\/expert-only.com\/fr\/#website\"},\"primaryImageOfPage\":{\"@id\":\"https:\/\/expert-only.com\/fr\/qui-sommes-nous\/#primaryimage\"},\"image\":{\"@id\":\"https:\/\/expert-only.com\/fr\/qui-sommes-nous\/#primaryimage\"},\"thumbnailUrl\":\"https:\/\/expert-only.com\/wp-content\/uploads\/2022\/09\/buildings-1867726_1920x1080.jpg\",\"datePublished\":\"2018-06-05T08:08:39+00:00\",\"dateModified\":\"2023-03-20T13:34:44+00:00\",\"description\":\"Nous avons une expertise dans la suite Microsoft BI avec le T-SQL, SSIS, SSAS, SSRS, Power BI, la conception de DWH et les workflows ETL.\",\"breadcrumb\":{\"@id\":\"https:\/\/expert-only.com\/fr\/qui-sommes-nous\/#breadcrumb\"},\"inLanguage\":\"fr-FR\",\"potentialAction\":[{\"@type\":\"ReadAction\",\"target\":[\"https:\/\/expert-only.com\/fr\/qui-sommes-nous\/\"]}]},{\"@type\":\"ImageObject\",\"inLanguage\":\"fr-FR\",\"@id\":\"https:\/\/expert-only.com\/fr\/qui-sommes-nous\/#primaryimage\",\"url\":\"https:\/\/expert-only.com\/wp-content\/uploads\/2022\/09\/buildings-1867726_1920x1080.jpg\",\"contentUrl\":\"https:\/\/expert-only.com\/wp-content\/uploads\/2022\/09\/buildings-1867726_1920x1080.jpg\",\"width\":1920,\"height\":1080},{\"@type\":\"BreadcrumbList\",\"@id\":\"https:\/\/expert-only.com\/fr\/qui-sommes-nous\/#breadcrumb\",\"itemListElement\":[{\"@type\":\"ListItem\",\"position\":1,\"name\":\"Accueil\",\"item\":\"https:\/\/expert-only.com\/fr\/\"},{\"@type\":\"ListItem\",\"position\":2,\"name\":\"Qui sommes nous ? Des ing\u00e9nieurs de la donn\u00e9e\"}]},{\"@type\":\"WebSite\",\"@id\":\"https:\/\/expert-only.com\/fr\/#website\",\"url\":\"https:\/\/expert-only.com\/fr\/\",\"name\":\"Tutoriels SQL et IT\",\"description\":\"\",\"publisher\":{\"@id\":\"https:\/\/expert-only.com\/fr\/#organization\"},\"potentialAction\":[{\"@type\":\"SearchAction\",\"target\":{\"@type\":\"EntryPoint\",\"urlTemplate\":\"https:\/\/expert-only.com\/fr\/?s={search_term_string}\"},\"query-input\":{\"@type\":\"PropertyValueSpecification\",\"valueRequired\":true,\"valueName\":\"search_term_string\"}}],\"inLanguage\":\"fr-FR\"},{\"@type\":\"Organization\",\"@id\":\"https:\/\/expert-only.com\/fr\/#organization\",\"name\":\"Expert-Only\",\"url\":\"https:\/\/expert-only.com\/fr\/\",\"logo\":{\"@type\":\"ImageObject\",\"inLanguage\":\"fr-FR\",\"@id\":\"https:\/\/expert-only.com\/fr\/#\/schema\/logo\/image\/\",\"url\":\"https:\/\/expert-only.com\/wp-content\/uploads\/2017\/09\/cropped-logo_Expert-Only.jpg\",\"contentUrl\":\"https:\/\/expert-only.com\/wp-content\/uploads\/2017\/09\/cropped-logo_Expert-Only.jpg\",\"width\":381,\"height\":174,\"caption\":\"Expert-Only\"},\"image\":{\"@id\":\"https:\/\/expert-only.com\/fr\/#\/schema\/logo\/image\/\"},\"sameAs\":[\"https:\/\/www.facebook.com\/ExpertOnlyCom\/\",\"https:\/\/x.com\/expert_only\",\"https:\/\/www.youtube.com\/channel\/UCMS5sR_FwAetB0FmciNvUaA\"]}]}<\/script>\n<!-- \/ Yoast SEO Premium plugin. -->","yoast_head_json":{"title":"Qui sommes nous ? Des ing\u00e9nieurs de la donn\u00e9e - Tutoriels IT","description":"Nous avons une expertise dans la suite Microsoft BI avec le T-SQL, SSIS, SSAS, SSRS, Power BI, la conception de DWH et les workflows ETL.","robots":{"index":"index","follow":"follow","max-snippet":"max-snippet:-1","max-image-preview":"max-image-preview:large","max-video-preview":"max-video-preview:-1"},"canonical":"https:\/\/expert-only.com\/fr\/qui-sommes-nous\/","og_locale":"fr_FR","og_type":"article","og_title":"Qui sommes nous ? Des ing\u00e9nieurs de la donn\u00e9e","og_description":"Nous avons une expertise dans la suite Microsoft BI avec le T-SQL, SSIS, SSAS, SSRS, Power BI, la conception de DWH et les workflows ETL.","og_url":"https:\/\/expert-only.com\/fr\/qui-sommes-nous\/","og_site_name":"Tutoriels SQL et IT","article_publisher":"https:\/\/www.facebook.com\/ExpertOnlyCom\/","article_modified_time":"2023-03-20T13:34:44+00:00","og_image":[{"width":1920,"height":1080,"url":"https:\/\/expert-only.com\/wp-content\/uploads\/2022\/09\/buildings-1867726_1920x1080.jpg","type":"image\/jpeg"}],"twitter_card":"summary_large_image","twitter_site":"@expert_only","twitter_misc":{"Dur\u00e9e de lecture estim\u00e9e":"2 minutes"},"schema":{"@context":"https:\/\/schema.org","@graph":[{"@type":"WebPage","@id":"https:\/\/expert-only.com\/fr\/qui-sommes-nous\/","url":"https:\/\/expert-only.com\/fr\/qui-sommes-nous\/","name":"Qui sommes nous ? Des ing\u00e9nieurs de la donn\u00e9e - Tutoriels IT","isPartOf":{"@id":"https:\/\/expert-only.com\/fr\/#website"},"primaryImageOfPage":{"@id":"https:\/\/expert-only.com\/fr\/qui-sommes-nous\/#primaryimage"},"image":{"@id":"https:\/\/expert-only.com\/fr\/qui-sommes-nous\/#primaryimage"},"thumbnailUrl":"https:\/\/expert-only.com\/wp-content\/uploads\/2022\/09\/buildings-1867726_1920x1080.jpg","datePublished":"2018-06-05T08:08:39+00:00","dateModified":"2023-03-20T13:34:44+00:00","description":"Nous avons une expertise dans la suite Microsoft BI avec le T-SQL, SSIS, SSAS, SSRS, Power BI, la conception de DWH et les workflows ETL.","breadcrumb":{"@id":"https:\/\/expert-only.com\/fr\/qui-sommes-nous\/#breadcrumb"},"inLanguage":"fr-FR","potentialAction":[{"@type":"ReadAction","target":["https:\/\/expert-only.com\/fr\/qui-sommes-nous\/"]}]},{"@type":"ImageObject","inLanguage":"fr-FR","@id":"https:\/\/expert-only.com\/fr\/qui-sommes-nous\/#primaryimage","url":"https:\/\/expert-only.com\/wp-content\/uploads\/2022\/09\/buildings-1867726_1920x1080.jpg","contentUrl":"https:\/\/expert-only.com\/wp-content\/uploads\/2022\/09\/buildings-1867726_1920x1080.jpg","width":1920,"height":1080},{"@type":"BreadcrumbList","@id":"https:\/\/expert-only.com\/fr\/qui-sommes-nous\/#breadcrumb","itemListElement":[{"@type":"ListItem","position":1,"name":"Accueil","item":"https:\/\/expert-only.com\/fr\/"},{"@type":"ListItem","position":2,"name":"Qui sommes nous ? Des ing\u00e9nieurs de la donn\u00e9e"}]},{"@type":"WebSite","@id":"https:\/\/expert-only.com\/fr\/#website","url":"https:\/\/expert-only.com\/fr\/","name":"Tutoriels SQL et IT","description":"","publisher":{"@id":"https:\/\/expert-only.com\/fr\/#organization"},"potentialAction":[{"@type":"SearchAction","target":{"@type":"EntryPoint","urlTemplate":"https:\/\/expert-only.com\/fr\/?s={search_term_string}"},"query-input":{"@type":"PropertyValueSpecification","valueRequired":true,"valueName":"search_term_string"}}],"inLanguage":"fr-FR"},{"@type":"Organization","@id":"https:\/\/expert-only.com\/fr\/#organization","name":"Expert-Only","url":"https:\/\/expert-only.com\/fr\/","logo":{"@type":"ImageObject","inLanguage":"fr-FR","@id":"https:\/\/expert-only.com\/fr\/#\/schema\/logo\/image\/","url":"https:\/\/expert-only.com\/wp-content\/uploads\/2017\/09\/cropped-logo_Expert-Only.jpg","contentUrl":"https:\/\/expert-only.com\/wp-content\/uploads\/2017\/09\/cropped-logo_Expert-Only.jpg","width":381,"height":174,"caption":"Expert-Only"},"image":{"@id":"https:\/\/expert-only.com\/fr\/#\/schema\/logo\/image\/"},"sameAs":["https:\/\/www.facebook.com\/ExpertOnlyCom\/","https:\/\/x.com\/expert_only","https:\/\/www.youtube.com\/channel\/UCMS5sR_FwAetB0FmciNvUaA"]}]}},"_links":{"self":[{"href":"https:\/\/expert-only.com\/fr\/wp-json\/wp\/v2\/pages\/1887","targetHints":{"allow":["GET"]}}],"collection":[{"href":"https:\/\/expert-only.com\/fr\/wp-json\/wp\/v2\/pages"}],"about":[{"href":"https:\/\/expert-only.com\/fr\/wp-json\/wp\/v2\/types\/page"}],"author":[{"embeddable":true,"href":"https:\/\/expert-only.com\/fr\/wp-json\/wp\/v2\/users\/1"}],"replies":[{"embeddable":true,"href":"https:\/\/expert-only.com\/fr\/wp-json\/wp\/v2\/comments?post=1887"}],"version-history":[{"count":0,"href":"https:\/\/expert-only.com\/fr\/wp-json\/wp\/v2\/pages\/1887\/revisions"}],"wp:featuredmedia":[{"embeddable":true,"href":"https:\/\/expert-only.com\/fr\/wp-json\/wp\/v2\/media\/10357"}],"wp:attachment":[{"href":"https:\/\/expert-only.com\/fr\/wp-json\/wp\/v2\/media?parent=1887"}],"curies":[{"name":"wp","href":"https:\/\/api.w.org\/{rel}","templated":true}]}}