{"id":24324,"date":"2022-04-18T12:46:39","date_gmt":"2022-04-18T10:46:39","guid":{"rendered":"https:\/\/expert-only.com\/?page_id=24324"},"modified":"2024-03-07T12:31:54","modified_gmt":"2024-03-07T11:31:54","slug":"24324-2","status":"publish","type":"page","link":"https:\/\/expert-only.com\/fr\/","title":{"rendered":"Cours MS BI en ligne"},"content":{"rendered":"\n<div class=\"wp-block-uagb-container uagb-block-b332f1c7 alignfull uagb-is-root-container\"><div class=\"uagb-container-inner-blocks-wrap\">\n<div style=\"height:100px\" aria-hidden=\"true\" class=\"wp-block-spacer\"><\/div>\n\n\n\n<div class=\"wp-block-uagb-container uagb-block-82ac7dd5\">\n<div class=\"wp-block-uagb-info-box uagb-block-ab2dcdbe uagb-infobox__content-wrap  uagb-infobox-icon-below-title uagb-infobox-image-valign-top\"><div class=\"uagb-ifb-content\"><div class=\"uagb-ifb-title-wrap\"><h1 class=\"uagb-ifb-title\"><span style=\"text-decoration: underline;\">Apprendre<\/span> l&rsquo;IT et l&rsquo;int\u00e9gration de donn\u00e9es <span style=\"text-decoration: underline;\">en ligne<\/span> d\u00e8s <span style=\"text-decoration: underline;\">aujourd&rsquo;hui<\/span>.<\/h1><\/div><div class=\"uagb-ifb-icon-wrap\"><svg xmlns=\"https:\/\/www.w3.org\/2000\/svg\" viewBox=\"0 0 512 512\"><path d=\"M256 0C114.6 0 0 114.6 0 256c0 141.4 114.6 256 256 256s256-114.6 256-256C512 114.6 397.4 0 256 0zM382.6 302.6l-103.1 103.1C270.7 414.6 260.9 416 256 416c-4.881 0-14.65-1.391-22.65-9.398L129.4 302.6c-12.5-12.5-12.5-32.75 0-45.25s32.75-12.5 45.25 0L224 306.8V128c0-17.69 14.33-32 32-32s32 14.31 32 32v178.8l49.38-49.38c12.5-12.5 32.75-12.5 45.25 0S395.1 290.1 382.6 302.6z\"><\/path><\/svg><\/div><\/div><\/div>\n<\/div>\n<\/div><\/div>\n\n\n\n<div class=\"wp-block-uagb-container uagb-block-2ed26df7 alignfull uagb-is-root-container\"><div class=\"uagb-container-inner-blocks-wrap\"><\/div><\/div>\n\n\n\n\n\n<div class=\"wp-block-uagb-container uagb-block-a0775ece alignfull uagb-is-root-container\"><div class=\"uagb-container-inner-blocks-wrap\">\n<h2 class=\"wp-block-heading has-text-align-center\" id=\"h-decouvrir-notre-formation-ssis-complete\"><a href=\"https:\/\/www.udemy.com\/course\/data-integration-with-ssis-sql-server-integration-services\/?referralCode=00C42EE09B35CC84BF93\">D\u00e9couvrir Notre formation SSIS compl\u00e8te<\/a><\/h2>\n\n\n\n<p class=\"has-text-align-center\"><strong><a href=\"https:\/\/www.udemy.com\/course\/data-integration-with-ssis-sql-server-integration-services\/?referralCode=00C42EE09B35CC84BF93\">Notre formation SSIS compl\u00e8te est disponible en vid\u00e9o sur la plateforme Udemy.<\/a><\/strong><\/p>\n\n\n\n<div style=\"height:100px\" aria-hidden=\"true\" class=\"wp-block-spacer\"><\/div>\n<\/div><\/div>\n\n\n\n<div class=\"wp-block-uagb-container uagb-block-9f5227a8 alignwide uagb-is-root-container\"><\/div>\n\n\n\n<div class=\"wp-block-uagb-container uagb-block-a1c38d1a alignfull uagb-is-root-container\"><div class=\"uagb-container-inner-blocks-wrap\">\n<div class=\"wp-block-uagb-container uagb-block-94d68a98\">\n<h2 class=\"wp-block-heading has-text-align-center\" id=\"h-comment-ca-marche\">Comment \u00e7a marche ?<\/h2>\n<\/div>\n<\/div><\/div>\n\n\n\n<div class=\"wp-block-uagb-container uagb-block-dfee3e98 alignfull uagb-is-root-container\"><div class=\"uagb-container-inner-blocks-wrap\">\n<div class=\"wp-block-uagb-container uagb-block-27ae8e73\"><\/div>\n\n\n\n<div class=\"wp-block-uagb-container uagb-block-3cc1c0f5\">\n<div class=\"wp-block-uagb-container uagb-block-8572bee4\">\n<div class=\"wp-block-uagb-container uagb-block-b9261df1\">\n<div class=\"wp-block-uagb-advanced-heading uagb-block-ff5ce28d\"><h2 class=\"uagb-heading-text\">1<\/h2><\/div>\n<\/div>\n\n\n\n<div class=\"wp-block-uagb-container uagb-block-bfdb9ee5\">\n<div class=\"wp-block-uagb-advanced-heading uagb-block-621b6708\"><h4 class=\"uagb-heading-text\">Choisis un cours<\/h4><p class=\"uagb-desc-text\">S\u00e9lectionne les comp\u00e9tences IT que tu souhaites d\u00e9velopper.<\/p><\/div>\n<\/div>\n<\/div>\n\n\n\n<div class=\"wp-block-uagb-container uagb-block-7b1cc835\">\n<div class=\"wp-block-uagb-container uagb-block-896ce9ec\">\n<div class=\"wp-block-uagb-advanced-heading uagb-block-1c4d4bdd\"><h2 class=\"uagb-heading-text\">2<\/h2><\/div>\n<\/div>\n\n\n\n<div class=\"wp-block-uagb-container uagb-block-355731e5\">\n<div class=\"wp-block-uagb-advanced-heading uagb-block-7c1b4eef\"><h4 class=\"uagb-heading-text\">Inscris toi<\/h4><p class=\"uagb-desc-text\">Inscris toi pour acc\u00e9der au contenu complet du cours, y compris les ressources et le support.<\/p><\/div>\n<\/div>\n<\/div>\n\n\n\n<div class=\"wp-block-uagb-container uagb-block-faf886bd\">\n<div class=\"wp-block-uagb-container uagb-block-2ae04f9c\">\n<div class=\"wp-block-uagb-advanced-heading uagb-block-972883d8\"><h2 class=\"uagb-heading-text\">3<\/h2><\/div>\n<\/div>\n\n\n\n<div class=\"wp-block-uagb-container uagb-block-c9e8f72e\">\n<div class=\"wp-block-uagb-advanced-heading uagb-block-e8417177\"><h4 class=\"uagb-heading-text\">Commence \u00e0 apprendre<\/h4><p class=\"uagb-desc-text\">Commence \u00e0 apprendre avec des exemples concrets.<\/p><\/div>\n<\/div>\n<\/div>\n<\/div>\n<\/div><\/div>\n\n\n\n<div class=\"wp-block-uagb-container uagb-block-56292919 alignfull uagb-is-root-container\"><div class=\"uagb-container-inner-blocks-wrap\">\n<div class=\"wp-block-uagb-container uagb-block-f4cca5b2\">\n<div class=\"wp-block-uagb-container uagb-block-a3818cc9\">\n<div class=\"wp-block-uagb-info-box uagb-block-c3a3d18c uagb-infobox__content-wrap  uagb-infobox-icon-above-title uagb-infobox-image-valign-top\"><div class=\"uagb-ifb-content\"><div class=\"uagb-ifb-icon-wrap\"><div class=\"uagb-iconbox-icon-wrap uagb-infobox-shape-circle\"><svg xmlns=\"https:\/\/www.w3.org\/2000\/svg\" viewBox=\"0 0 640 512\"><path d=\"M623.1 136.9l-282.7-101.2c-13.73-4.91-28.7-4.91-42.43 0L16.05 136.9C6.438 140.4 0 149.6 0 160s6.438 19.65 16.05 23.09L76.07 204.6c-11.89 15.8-20.26 34.16-24.55 53.95C40.05 263.4 32 274.8 32 288c0 9.953 4.814 18.49 11.94 24.36l-24.83 149C17.48 471.1 25 480 34.89 480H93.11c9.887 0 17.41-8.879 15.78-18.63l-24.83-149C91.19 306.5 96 297.1 96 288c0-10.29-5.174-19.03-12.72-24.89c4.252-17.76 12.88-33.82 24.94-47.03l190.6 68.23c13.73 4.91 28.7 4.91 42.43 0l282.7-101.2C633.6 179.6 640 170.4 640 160S633.6 140.4 623.1 136.9zM351.1 314.4C341.7 318.1 330.9 320 320 320c-10.92 0-21.69-1.867-32-5.555L142.8 262.5L128 405.3C128 446.6 213.1 480 320 480c105.1 0 192-33.4 192-74.67l-14.78-142.9L351.1 314.4z\"><\/path><\/svg><\/div><\/div><div class=\"uagb-ifb-title-wrap\"><h4 class=\"uagb-ifb-title\">Tuteurs exp\u00e9riment\u00e9s<\/h4><\/div><p class=\"uagb-ifb-desc\">Nos cours sont bas\u00e9s sur des exp\u00e9riences r\u00e9elles et de vrais cas d&rsquo;utilisation.<\/p><\/div><\/div>\n<\/div>\n\n\n\n<div class=\"wp-block-uagb-container uagb-block-3dd1b81a\">\n<div class=\"wp-block-uagb-info-box uagb-block-2d36342f uagb-infobox__content-wrap  uagb-infobox-icon-above-title uagb-infobox-image-valign-top\"><div class=\"uagb-ifb-content\"><div class=\"uagb-ifb-icon-wrap\"><div class=\"uagb-iconbox-icon-wrap uagb-infobox-shape-circle\"><svg xmlns=\"https:\/\/www.w3.org\/2000\/svg\" viewBox=\"0 0 640 512\"><path d=\"M622.3 271.1l-115.1-45.01c-4.125-1.629-12.62-3.754-22.25 0L369.8 271.1C359 275.2 352 285.1 352 295.1c0 111.6 68.75 188.8 132.9 213.9c9.625 3.75 18 1.625 22.25 0C558.4 489.9 640 420.5 640 295.1C640 285.1 633 275.2 622.3 271.1zM496 462.4V273.2l95.5 37.38C585.9 397.8 530.6 446 496 462.4zM224 256c70.7 0 128-57.31 128-128S294.7 0 224 0C153.3 0 96 57.31 96 128S153.3 256 224 256zM320.6 310.3C305.9 306.3 290.6 304 274.7 304H173.3C77.61 304 0 381.7 0 477.4C0 496.5 15.52 512 34.66 512H413.3c3.143 0 5.967-1.004 8.861-1.789C369.7 469.8 324.1 400.3 320.6 310.3z\"><\/path><\/svg><\/div><\/div><div class=\"uagb-ifb-title-wrap\"><h4 class=\"uagb-ifb-title\">Un support inclus<\/h4><\/div><p class=\"uagb-ifb-desc\">Nous fournissons un acc\u00e8s \u00e0 notre forum de support pour chaque inscription.<\/p><\/div><\/div>\n<\/div>\n\n\n\n<div class=\"wp-block-uagb-container uagb-block-cee3c057\">\n<div class=\"wp-block-uagb-info-box uagb-block-18633bf1 uagb-infobox__content-wrap  uagb-infobox-icon-above-title uagb-infobox-image-valign-top\"><div class=\"uagb-ifb-content\"><div class=\"uagb-ifb-icon-wrap\"><div class=\"uagb-iconbox-icon-wrap uagb-infobox-shape-circle\"><svg xmlns=\"https:\/\/www.w3.org\/2000\/svg\" viewBox=\"0 0 512 512\"><path d=\"M0 219.2v212.5c0 14.25 11.62 26.25 26.5 27C75.32 461.2 180.2 471.3 240 511.9V245.2C181.4 205.5 79.99 194.8 29.84 192C13.59 191.1 0 203.6 0 219.2zM482.2 192c-50.09 2.848-151.3 13.47-209.1 53.09C272.1 245.2 272 245.3 272 245.5v266.5c60.04-40.39 164.7-50.76 213.5-53.28C500.4 457.9 512 445.9 512 431.7V219.2C512 203.6 498.4 191.1 482.2 192zM352 96c0-53-43-96-96-96S160 43 160 96s43 96 96 96S352 149 352 96z\"><\/path><\/svg><\/div><\/div><div class=\"uagb-ifb-title-wrap\"><h4 class=\"uagb-ifb-title\">Paiement flexible<\/h4><\/div><p class=\"uagb-ifb-desc\">Vous pouvez payer pour un cours cours sp\u00e9cifique ou par abonnement annuel.<\/p><\/div><\/div>\n<\/div>\n\n\n\n<div class=\"wp-block-uagb-container uagb-block-e89e9854\">\n<div class=\"wp-block-uagb-info-box uagb-block-19f20443 uagb-infobox__content-wrap  uagb-infobox-icon-above-title uagb-infobox-image-valign-top\"><div class=\"uagb-ifb-content\"><div class=\"uagb-ifb-icon-wrap\"><div class=\"uagb-iconbox-icon-wrap uagb-infobox-shape-circle\"><svg xmlns=\"https:\/\/www.w3.org\/2000\/svg\" viewBox=\"0 0 320 512\"><path d=\"M160 0C177.7 0 192 14.33 192 32V67.68C193.6 67.89 195.1 68.12 196.7 68.35C207.3 69.93 238.9 75.02 251.9 78.31C268.1 82.65 279.4 100.1 275 117.2C270.7 134.3 253.3 144.7 236.1 140.4C226.8 137.1 198.5 133.3 187.3 131.7C155.2 126.9 127.7 129.3 108.8 136.5C90.52 143.5 82.93 153.4 80.92 164.5C78.98 175.2 80.45 181.3 82.21 185.1C84.1 189.1 87.79 193.6 95.14 198.5C111.4 209.2 136.2 216.4 168.4 225.1L171.2 225.9C199.6 233.6 234.4 243.1 260.2 260.2C274.3 269.6 287.6 282.3 295.8 299.9C304.1 317.7 305.9 337.7 302.1 358.1C295.1 397 268.1 422.4 236.4 435.6C222.8 441.2 207.8 444.8 192 446.6V480C192 497.7 177.7 512 160 512C142.3 512 128 497.7 128 480V445.1C127.6 445.1 127.1 444.1 126.7 444.9L126.5 444.9C102.2 441.1 62.07 430.6 35 418.6C18.85 411.4 11.58 392.5 18.76 376.3C25.94 360.2 44.85 352.9 60.1 360.1C81.9 369.4 116.3 378.5 136.2 381.6C168.2 386.4 194.5 383.6 212.3 376.4C229.2 369.5 236.9 359.5 239.1 347.5C241 336.8 239.6 330.7 237.8 326.9C235.9 322.9 232.2 318.4 224.9 313.5C208.6 302.8 183.8 295.6 151.6 286.9L148.8 286.1C120.4 278.4 85.58 268.9 59.76 251.8C45.65 242.4 32.43 229.7 24.22 212.1C15.89 194.3 14.08 174.3 17.95 153C25.03 114.1 53.05 89.29 85.96 76.73C98.98 71.76 113.1 68.49 128 66.73V32C128 14.33 142.3 0 160 0V0z\"><\/path><\/svg><\/div><\/div><div class=\"uagb-ifb-title-wrap\"><h4 class=\"uagb-ifb-title\">Des prix justes<\/h4><\/div><p class=\"uagb-ifb-desc\">Nous avons \u00e0 c\u0153ur de proposer des cours de grande qualit\u00e9 \u00e0 un prix juste.<\/p><\/div><\/div>\n<\/div>\n<\/div>\n\n\n\n<div class=\"wp-block-uagb-container uagb-block-937005dd\">\n<div class=\"wp-block-uagb-container uagb-block-6fdfe48b\">\n<div class=\"wp-block-uagb-advanced-heading uagb-block-1b514174\"><h3 class=\"uagb-heading-text\">Apprenez de nouvelles comp\u00e9tences IT en ligne, n&rsquo;importe o\u00f9 et n&rsquo;importe quand !<\/h3><p class=\"uagb-desc-text\">Lib\u00e9rez votre potentiel gr\u00e2ce \u00e0 notre gamme de cours en ligne cr\u00e9\u00e9s par des experts, couvrant les outils Microsoft et sp\u00e9cialement l&rsquo;int\u00e9gration et le traitement de donn\u00e9es. Nos cours sont con\u00e7us pour vous permettre d&rsquo;acqu\u00e9rir des comp\u00e9tences informatiques demand\u00e9es, depuis votre domicile, et \u00e0 votre propre rythme !<\/p><\/div>\n\n\n\n<div class=\"wp-block-uagb-info-box uagb-block-983c8768 uagb-infobox__content-wrap  uagb-infobox-icon-left uagb-infobox-left uagb-infobox-image-valign-top\"><div class=\"uagb-ifb-icon-wrap\"><svg xmlns=\"https:\/\/www.w3.org\/2000\/svg\" viewBox=\"0 0 384 512\"><path d=\"M374.6 310.6l-160 160C208.4 476.9 200.2 480 192 480s-16.38-3.125-22.62-9.375l-160-160c-12.5-12.5-12.5-32.75 0-45.25s32.75-12.5 45.25 0L160 370.8V64c0-17.69 14.33-31.1 31.1-31.1S224 46.31 224 64v306.8l105.4-105.4c12.5-12.5 32.75-12.5 45.25 0S387.1 298.1 374.6 310.6z\"><\/path><\/svg><\/div><div class=\"uagb-ifb-content\"><div class=\"uagb-ifb-title-wrap\"><h4 class=\"uagb-ifb-title\">Apprentissage personnalis\u00e9<\/h4><\/div><p class=\"uagb-ifb-desc\">Faites l&rsquo;exp\u00e9rience d&rsquo;un d\u00e9veloppement technique gr\u00e2ce \u00e0 nos cours en ligne, ax\u00e9s sur Microsoft et les outils d&rsquo;int\u00e9gration. Et d\u00e9velopper des comp\u00e9tences informatiques essentielles en fonction de vos propres besoins et de votre emploi du temps.<\/p><\/div><\/div>\n\n\n\n<div class=\"wp-block-uagb-info-box uagb-block-fcf70308 uagb-infobox__content-wrap  uagb-infobox-icon-left uagb-infobox-left uagb-infobox-image-valign-top\"><div class=\"uagb-ifb-icon-wrap\"><svg xmlns=\"https:\/\/www.w3.org\/2000\/svg\" viewBox=\"0 0 384 512\"><path d=\"M374.6 310.6l-160 160C208.4 476.9 200.2 480 192 480s-16.38-3.125-22.62-9.375l-160-160c-12.5-12.5-12.5-32.75 0-45.25s32.75-12.5 45.25 0L160 370.8V64c0-17.69 14.33-31.1 31.1-31.1S224 46.31 224 64v306.8l105.4-105.4c12.5-12.5 32.75-12.5 45.25 0S387.1 298.1 374.6 310.6z\"><\/path><\/svg><\/div><div class=\"uagb-ifb-content\"><div class=\"uagb-ifb-title-wrap\"><h4 class=\"uagb-ifb-title\">Support d&rsquo;Experts<\/h4><\/div><p class=\"uagb-ifb-desc\">Acc\u00e9dez \u00e0 notre \u00e9quipe de professionnels d\u00e9di\u00e9e pour un support \u00e0 la demande tout au long de votre parcours d&rsquo;apprentissage. Un soutien assur\u00e9 pour d\u00e9marrer puis ma\u00eetriser la suite MS BI en toute confiance.<\/p><\/div><\/div>\n\n\n\n<div class=\"wp-block-uagb-info-box uagb-block-b4ac9d0a uagb-infobox__content-wrap  uagb-infobox-icon-left uagb-infobox-left uagb-infobox-image-valign-top\"><div class=\"uagb-ifb-icon-wrap\"><svg xmlns=\"https:\/\/www.w3.org\/2000\/svg\" viewBox=\"0 0 384 512\"><path d=\"M374.6 310.6l-160 160C208.4 476.9 200.2 480 192 480s-16.38-3.125-22.62-9.375l-160-160c-12.5-12.5-12.5-32.75 0-45.25s32.75-12.5 45.25 0L160 370.8V64c0-17.69 14.33-31.1 31.1-31.1S224 46.31 224 64v306.8l105.4-105.4c12.5-12.5 32.75-12.5 45.25 0S387.1 298.1 374.6 310.6z\"><\/path><\/svg><\/div><div class=\"uagb-ifb-content\"><div class=\"uagb-ifb-title-wrap\"><h4 class=\"uagb-ifb-title\">Apprenez par la pratique<\/h4><\/div><p class=\"uagb-ifb-desc\">D\u00e9couvrez la libert\u00e9 d&rsquo;apprendre Microsoft, leader sur le march\u00e9 et la puissance de ses outils de gestion et d&rsquo;analyse de donn\u00e9es. A votre rythme mais sur des sujets concrets et des cas pratiques.<\/p><\/div><\/div>\n<\/div>\n\n\n\n<div class=\"wp-block-uagb-container uagb-block-8aa8ff60\">\n<div class=\"wp-block-uagb-advanced-heading uagb-block-bd05777f\"><h2 class=\"uagb-heading-text\">Atteignez vos objectifs techniques avec des cours progressifs.<\/h2><\/div>\n\n\n\n<div class=\"wp-block-uagb-info-box uagb-block-f50884b5 uagb-infobox__content-wrap  uagb-infobox-icon-above-title uagb-infobox-image-valign-top\"><div class=\"uagb-ifb-content\"><div class=\"uagb-ifb-title-wrap\"><h6 class=\"uagb-ifb-title\">Embarquez pour un voyage d&rsquo;apprentissage guid\u00e9 \u00e0 travers nos cours m\u00e9ticuleusement \u00e9labor\u00e9s \u00e9tape par \u00e9tape. Ils sont con\u00e7us pour vous fournir des connaissances et des comp\u00e9tences n\u00e9cessaires pour exceller dans les outils Microsoft et l&rsquo;int\u00e9gration de donn\u00e9es. Vous aidant ainsi \u00e0 atteindre vos aspirations de carri\u00e8re en IT.<\/h6><\/div><div class=\"uagb-ifb-button-wrapper wp-block-button\"><a href=\"#\" class=\"uagb-infobox-cta-link wp-block-button__link\" target=\"_self\" rel=\"noopener noreferrer\" onclick=\"return false;\" alt=\"\"><span class=\"uagb-inline-editing\">Lire plus<\/span><\/a><\/div><\/div><\/div>\n<\/div>\n<\/div>\n<\/div><\/div>\n\n\n\n<div class=\"wp-block-uagb-container uagb-block-3d9a1cd2 alignfull uagb-is-root-container\"><div class=\"uagb-container-inner-blocks-wrap\"><\/div><\/div>\n\n\n\n<div class=\"wp-block-uagb-container uagb-block-99c53cad alignfull uagb-is-root-container\"><div class=\"uagb-container-inner-blocks-wrap\">\n<div class=\"wp-block-uagb-container uagb-block-1dc3241a\">\n<div class=\"wp-block-uagb-info-box uagb-block-1daeb93f uagb-infobox__content-wrap  uagb-infobox-icon-above-title uagb-infobox-image-valign-top\"><div class=\"uagb-ifb-content\"><div class=\"uagb-ifb-title-wrap\"><h1 class=\"uagb-ifb-title\"><strong>Apprendre une nouvelle comp\u00e9tence IT d\u00e8s aujourd&rsquo;hui !<\/strong><\/h1><\/div><div class=\"uagb-ifb-button-wrapper wp-block-button\"><a href=\"#\" class=\"uagb-infobox-cta-link wp-block-button__link\" target=\"_self\" rel=\"noopener noreferrer\" onclick=\"return false;\" alt=\"\"><span class=\"uagb-inline-editing\">Lire plus<\/span><\/a><\/div><\/div><\/div>\n<\/div>\n<\/div><\/div>\n","protected":false},"excerpt":{"rendered":"<div class=\"mh-excerpt\"><\/div>","protected":false},"author":1,"featured_media":0,"parent":0,"menu_order":0,"comment_status":"closed","ping_status":"closed","template":"template-homepage.php","meta":{"footnotes":""},"class_list":["post-24324","page","type-page","status-publish"],"yoast_head":"<!-- This site is optimized with the Yoast SEO Premium plugin v21.7 (Yoast SEO v26.2) - https:\/\/yoast.com\/wordpress\/plugins\/seo\/ -->\n<title>Cours MS BI en ligne - Tutoriels SQL et IT<\/title>\n<meta name=\"robots\" content=\"index, follow, max-snippet:-1, max-image-preview:large, max-video-preview:-1\" \/>\n<link rel=\"canonical\" href=\"https:\/\/expert-only.com\/fr\/\" \/>\n<meta property=\"og:locale\" content=\"fr_FR\" \/>\n<meta property=\"og:type\" content=\"article\" \/>\n<meta property=\"og:title\" content=\"Cours MS BI en ligne\" \/>\n<meta property=\"og:url\" content=\"https:\/\/expert-only.com\/fr\/\" \/>\n<meta property=\"og:site_name\" content=\"Tutoriels SQL et IT\" \/>\n<meta property=\"article:publisher\" content=\"https:\/\/www.facebook.com\/ExpertOnlyCom\/\" \/>\n<meta property=\"article:modified_time\" content=\"2024-03-07T11:31:54+00:00\" \/>\n<meta name=\"twitter:card\" content=\"summary_large_image\" \/>\n<meta name=\"twitter:site\" content=\"@expert_only\" \/>\n<meta name=\"twitter:label1\" content=\"Dur\u00e9e de lecture estim\u00e9e\" \/>\n\t<meta name=\"twitter:data1\" content=\"2 minutes\" \/>\n<script type=\"application\/ld+json\" class=\"yoast-schema-graph\">{\"@context\":\"https:\/\/schema.org\",\"@graph\":[{\"@type\":\"WebPage\",\"@id\":\"https:\/\/expert-only.com\/fr\/\",\"url\":\"https:\/\/expert-only.com\/fr\/\",\"name\":\"Cours MS BI en ligne - Tutoriels SQL et IT\",\"isPartOf\":{\"@id\":\"https:\/\/expert-only.com\/fr\/#website\"},\"datePublished\":\"2022-04-18T10:46:39+00:00\",\"dateModified\":\"2024-03-07T11:31:54+00:00\",\"breadcrumb\":{\"@id\":\"https:\/\/expert-only.com\/fr\/#breadcrumb\"},\"inLanguage\":\"fr-FR\",\"potentialAction\":[{\"@type\":\"ReadAction\",\"target\":[\"https:\/\/expert-only.com\/fr\/\"]}]},{\"@type\":\"BreadcrumbList\",\"@id\":\"https:\/\/expert-only.com\/fr\/#breadcrumb\",\"itemListElement\":[{\"@type\":\"ListItem\",\"position\":1,\"name\":\"Accueil\",\"item\":\"https:\/\/expert-only.com\/fr\/\"},{\"@type\":\"ListItem\",\"position\":2,\"name\":\"Cours MS BI en ligne\"}]},{\"@type\":\"WebSite\",\"@id\":\"https:\/\/expert-only.com\/fr\/#website\",\"url\":\"https:\/\/expert-only.com\/fr\/\",\"name\":\"Tutoriels SQL et IT\",\"description\":\"\",\"publisher\":{\"@id\":\"https:\/\/expert-only.com\/fr\/#organization\"},\"potentialAction\":[{\"@type\":\"SearchAction\",\"target\":{\"@type\":\"EntryPoint\",\"urlTemplate\":\"https:\/\/expert-only.com\/fr\/?s={search_term_string}\"},\"query-input\":{\"@type\":\"PropertyValueSpecification\",\"valueRequired\":true,\"valueName\":\"search_term_string\"}}],\"inLanguage\":\"fr-FR\"},{\"@type\":\"Organization\",\"@id\":\"https:\/\/expert-only.com\/fr\/#organization\",\"name\":\"Expert-Only\",\"url\":\"https:\/\/expert-only.com\/fr\/\",\"logo\":{\"@type\":\"ImageObject\",\"inLanguage\":\"fr-FR\",\"@id\":\"https:\/\/expert-only.com\/fr\/#\/schema\/logo\/image\/\",\"url\":\"https:\/\/expert-only.com\/wp-content\/uploads\/2017\/09\/cropped-logo_Expert-Only.jpg\",\"contentUrl\":\"https:\/\/expert-only.com\/wp-content\/uploads\/2017\/09\/cropped-logo_Expert-Only.jpg\",\"width\":381,\"height\":174,\"caption\":\"Expert-Only\"},\"image\":{\"@id\":\"https:\/\/expert-only.com\/fr\/#\/schema\/logo\/image\/\"},\"sameAs\":[\"https:\/\/www.facebook.com\/ExpertOnlyCom\/\",\"https:\/\/x.com\/expert_only\",\"https:\/\/www.youtube.com\/channel\/UCMS5sR_FwAetB0FmciNvUaA\"]}]}<\/script>\n<!-- \/ Yoast SEO Premium plugin. -->","yoast_head_json":{"title":"Cours MS BI en ligne - Tutoriels SQL et IT","robots":{"index":"index","follow":"follow","max-snippet":"max-snippet:-1","max-image-preview":"max-image-preview:large","max-video-preview":"max-video-preview:-1"},"canonical":"https:\/\/expert-only.com\/fr\/","og_locale":"fr_FR","og_type":"article","og_title":"Cours MS BI en ligne","og_url":"https:\/\/expert-only.com\/fr\/","og_site_name":"Tutoriels SQL et IT","article_publisher":"https:\/\/www.facebook.com\/ExpertOnlyCom\/","article_modified_time":"2024-03-07T11:31:54+00:00","twitter_card":"summary_large_image","twitter_site":"@expert_only","twitter_misc":{"Dur\u00e9e de lecture estim\u00e9e":"2 minutes"},"schema":{"@context":"https:\/\/schema.org","@graph":[{"@type":"WebPage","@id":"https:\/\/expert-only.com\/fr\/","url":"https:\/\/expert-only.com\/fr\/","name":"Cours MS BI en ligne - Tutoriels SQL et IT","isPartOf":{"@id":"https:\/\/expert-only.com\/fr\/#website"},"datePublished":"2022-04-18T10:46:39+00:00","dateModified":"2024-03-07T11:31:54+00:00","breadcrumb":{"@id":"https:\/\/expert-only.com\/fr\/#breadcrumb"},"inLanguage":"fr-FR","potentialAction":[{"@type":"ReadAction","target":["https:\/\/expert-only.com\/fr\/"]}]},{"@type":"BreadcrumbList","@id":"https:\/\/expert-only.com\/fr\/#breadcrumb","itemListElement":[{"@type":"ListItem","position":1,"name":"Accueil","item":"https:\/\/expert-only.com\/fr\/"},{"@type":"ListItem","position":2,"name":"Cours MS BI en ligne"}]},{"@type":"WebSite","@id":"https:\/\/expert-only.com\/fr\/#website","url":"https:\/\/expert-only.com\/fr\/","name":"Tutoriels SQL et IT","description":"","publisher":{"@id":"https:\/\/expert-only.com\/fr\/#organization"},"potentialAction":[{"@type":"SearchAction","target":{"@type":"EntryPoint","urlTemplate":"https:\/\/expert-only.com\/fr\/?s={search_term_string}"},"query-input":{"@type":"PropertyValueSpecification","valueRequired":true,"valueName":"search_term_string"}}],"inLanguage":"fr-FR"},{"@type":"Organization","@id":"https:\/\/expert-only.com\/fr\/#organization","name":"Expert-Only","url":"https:\/\/expert-only.com\/fr\/","logo":{"@type":"ImageObject","inLanguage":"fr-FR","@id":"https:\/\/expert-only.com\/fr\/#\/schema\/logo\/image\/","url":"https:\/\/expert-only.com\/wp-content\/uploads\/2017\/09\/cropped-logo_Expert-Only.jpg","contentUrl":"https:\/\/expert-only.com\/wp-content\/uploads\/2017\/09\/cropped-logo_Expert-Only.jpg","width":381,"height":174,"caption":"Expert-Only"},"image":{"@id":"https:\/\/expert-only.com\/fr\/#\/schema\/logo\/image\/"},"sameAs":["https:\/\/www.facebook.com\/ExpertOnlyCom\/","https:\/\/x.com\/expert_only","https:\/\/www.youtube.com\/channel\/UCMS5sR_FwAetB0FmciNvUaA"]}]}},"_links":{"self":[{"href":"https:\/\/expert-only.com\/fr\/wp-json\/wp\/v2\/pages\/24324","targetHints":{"allow":["GET"]}}],"collection":[{"href":"https:\/\/expert-only.com\/fr\/wp-json\/wp\/v2\/pages"}],"about":[{"href":"https:\/\/expert-only.com\/fr\/wp-json\/wp\/v2\/types\/page"}],"author":[{"embeddable":true,"href":"https:\/\/expert-only.com\/fr\/wp-json\/wp\/v2\/users\/1"}],"replies":[{"embeddable":true,"href":"https:\/\/expert-only.com\/fr\/wp-json\/wp\/v2\/comments?post=24324"}],"version-history":[{"count":5,"href":"https:\/\/expert-only.com\/fr\/wp-json\/wp\/v2\/pages\/24324\/revisions"}],"predecessor-version":[{"id":30581,"href":"https:\/\/expert-only.com\/fr\/wp-json\/wp\/v2\/pages\/24324\/revisions\/30581"}],"wp:attachment":[{"href":"https:\/\/expert-only.com\/fr\/wp-json\/wp\/v2\/media?parent=24324"}],"curies":[{"name":"wp","href":"https:\/\/api.w.org\/{rel}","templated":true}]}}