{"id":24466,"date":"2023-01-16T15:04:46","date_gmt":"2023-01-16T14:04:46","guid":{"rendered":"https:\/\/expert-only.com\/?page_id=24466"},"modified":"2023-04-25T17:51:16","modified_gmt":"2023-04-25T15:51:16","slug":"cours-python","status":"publish","type":"page","link":"https:\/\/expert-only.com\/fr\/cours-python\/","title":{"rendered":"Cours pour apprendre \u00e0 programmer en Python de A \u00e0 Z et en ligne"},"content":{"rendered":"\n<h4 class=\"wp-block-heading has-text-align-center\" id=\"h-bienvenue-dans-le-cours-pour-apprendre-la-programmation-en-language-python\"><strong><em>Bienvenue dans le cours pour apprendre la programmation en language Python !<\/em><\/strong><\/h4>\n\n\n\n<p>Cours complet pour apprendre \u00e0 programmer en langage Python. Le Python est un langage puissant et polyvalent pouvant \u00eatre utilis\u00e9 pour un large \u00e9ventail de t\u00e2ches, allant du <strong>d\u00e9veloppement web<\/strong> et de l<strong>&lsquo;analyse de donn\u00e9es<\/strong> \u00e0 l&rsquo;<strong>apprentissage machine<\/strong> (machine learning), sous domaine de l&rsquo;intelligence artificielle. Ce cours Python est donc con\u00e7u pour vous offrir une compr\u00e9hension compl\u00e8te du langage de programmation Python et de ses nombreuses capacit\u00e9s.<\/p>\n\n\n\n<h2 class=\"wp-block-heading\">Apprenez les bases du langage Python<\/h2>\n\n\n\n<p>Dans cette section du cours, vous apprendrez les concepts fondamentaux de la programmation Python, y compris les variables, les types de donn\u00e9es et les structures de contr\u00f4le comme les boucles. Ces sections expliquent les bases de Python.<\/p>\n\n\n\n<ul class=\"wp-block-list\">\n<li><a href=\"https:\/\/expert-only.com\/fr\/python\/introduction-au-langage-python\/\">Introduction au langage de programmation Python<\/a><\/li>\n\n\n\n<li><a href=\"https:\/\/expert-only.com\/fr\/python\/syntaxe-de-base-du-langage-python\/\">Syntaxe de base de Python avec des exemples de scripts<\/a><\/li>\n\n\n\n<li><a href=\"https:\/\/expert-only.com\/fr\/python\/se-connecter-a-sql-server-avec-python\/\">Comment g\u00e9rer des tables SQL Server avec Python ?<\/a><\/li>\n\n\n\n<li><a href=\"https:\/\/expert-only.com\/fr\/python\/exporter-table-sql-server-en-csv-python\/\">Exporter une table SQL Server vers un fichier CSV en Python<\/a><\/li>\n<\/ul>\n\n\n\n<p class=\"has-text-align-center\"><strong><em>Section en cours de construction<\/em><\/strong>&#8230;<\/p>\n","protected":false},"excerpt":{"rendered":"<div class=\"mh-excerpt\"><p>Bienvenue dans le cours pour apprendre la programmation en language Python ! Cours complet pour apprendre \u00e0 programmer en langage Python. Le Python est un langage puissant et polyvalent pouvant \u00eatre utilis\u00e9 pour un large \u00e9ventail de t\u00e2ches, allant <a class=\"mh-excerpt-more\" href=\"https:\/\/expert-only.com\/fr\/cours-python\/\" title=\"Cours pour apprendre \u00e0 programmer en Python de A \u00e0 Z et en ligne\">&#8230;<\/a><\/p>\n<\/div>","protected":false},"author":1,"featured_media":10269,"parent":0,"menu_order":0,"comment_status":"closed","ping_status":"closed","template":"","meta":{"footnotes":""},"class_list":["post-24466","page","type-page","status-publish","has-post-thumbnail"],"yoast_head":"<!-- This site is optimized with the Yoast SEO Premium plugin v21.7 (Yoast SEO v26.2) - https:\/\/yoast.com\/wordpress\/plugins\/seo\/ -->\n<title>Cours pour apprendre \u00e0 programmer en Python de A \u00e0 Z et en ligne<\/title>\n<meta name=\"description\" content=\"Apprendre \u00e0 programmer en Python avec ce cours complet pour d\u00e9couvrir les bases du langage et ma\u00eetriser ses nombreuses capacit\u00e9s.\" \/>\n<meta name=\"robots\" content=\"index, follow, max-snippet:-1, max-image-preview:large, max-video-preview:-1\" \/>\n<link rel=\"canonical\" href=\"https:\/\/expert-only.com\/fr\/cours-python\/\" \/>\n<meta property=\"og:locale\" content=\"fr_FR\" \/>\n<meta property=\"og:type\" content=\"article\" \/>\n<meta property=\"og:title\" content=\"Cours pour apprendre \u00e0 programmer en Python de A \u00e0 Z et en ligne\" \/>\n<meta property=\"og:description\" content=\"Apprendre \u00e0 programmer en Python avec ce cours complet pour d\u00e9couvrir les bases du langage et ma\u00eetriser ses nombreuses capacit\u00e9s.\" \/>\n<meta property=\"og:url\" content=\"https:\/\/expert-only.com\/fr\/cours-python\/\" \/>\n<meta property=\"og:site_name\" content=\"Tutoriels SQL et IT\" \/>\n<meta property=\"article:publisher\" content=\"https:\/\/www.facebook.com\/ExpertOnlyCom\/\" \/>\n<meta property=\"article:modified_time\" content=\"2023-04-25T15:51:16+00:00\" \/>\n<meta property=\"og:image\" content=\"https:\/\/expert-only.com\/wp-content\/uploads\/2022\/09\/matrix-69E193580C5_1920x1080.jpg\" \/>\n\t<meta property=\"og:image:width\" content=\"1920\" \/>\n\t<meta property=\"og:image:height\" content=\"1080\" \/>\n\t<meta property=\"og:image:type\" content=\"image\/jpeg\" \/>\n<meta name=\"twitter:card\" content=\"summary_large_image\" \/>\n<meta name=\"twitter:site\" content=\"@expert_only\" \/>\n<meta name=\"twitter:label1\" content=\"Dur\u00e9e de lecture estim\u00e9e\" \/>\n\t<meta name=\"twitter:data1\" content=\"1 minute\" \/>\n<script type=\"application\/ld+json\" class=\"yoast-schema-graph\">{\"@context\":\"https:\/\/schema.org\",\"@graph\":[{\"@type\":\"WebPage\",\"@id\":\"https:\/\/expert-only.com\/fr\/cours-python\/\",\"url\":\"https:\/\/expert-only.com\/fr\/cours-python\/\",\"name\":\"Cours pour apprendre \u00e0 programmer en Python de A \u00e0 Z et en ligne\",\"isPartOf\":{\"@id\":\"https:\/\/expert-only.com\/fr\/#website\"},\"primaryImageOfPage\":{\"@id\":\"https:\/\/expert-only.com\/fr\/cours-python\/#primaryimage\"},\"image\":{\"@id\":\"https:\/\/expert-only.com\/fr\/cours-python\/#primaryimage\"},\"thumbnailUrl\":\"https:\/\/expert-only.com\/wp-content\/uploads\/2022\/09\/matrix-69E193580C5_1920x1080.jpg\",\"datePublished\":\"2023-01-16T14:04:46+00:00\",\"dateModified\":\"2023-04-25T15:51:16+00:00\",\"description\":\"Apprendre \u00e0 programmer en Python avec ce cours complet pour d\u00e9couvrir les bases du langage et ma\u00eetriser ses nombreuses capacit\u00e9s.\",\"breadcrumb\":{\"@id\":\"https:\/\/expert-only.com\/fr\/cours-python\/#breadcrumb\"},\"inLanguage\":\"fr-FR\",\"potentialAction\":[{\"@type\":\"ReadAction\",\"target\":[\"https:\/\/expert-only.com\/fr\/cours-python\/\"]}]},{\"@type\":\"ImageObject\",\"inLanguage\":\"fr-FR\",\"@id\":\"https:\/\/expert-only.com\/fr\/cours-python\/#primaryimage\",\"url\":\"https:\/\/expert-only.com\/wp-content\/uploads\/2022\/09\/matrix-69E193580C5_1920x1080.jpg\",\"contentUrl\":\"https:\/\/expert-only.com\/wp-content\/uploads\/2022\/09\/matrix-69E193580C5_1920x1080.jpg\",\"width\":1920,\"height\":1080},{\"@type\":\"BreadcrumbList\",\"@id\":\"https:\/\/expert-only.com\/fr\/cours-python\/#breadcrumb\",\"itemListElement\":[{\"@type\":\"ListItem\",\"position\":1,\"name\":\"Accueil\",\"item\":\"https:\/\/expert-only.com\/fr\/\"},{\"@type\":\"ListItem\",\"position\":2,\"name\":\"Cours pour apprendre \u00e0 programmer en Python de A \u00e0 Z et en ligne\"}]},{\"@type\":\"WebSite\",\"@id\":\"https:\/\/expert-only.com\/fr\/#website\",\"url\":\"https:\/\/expert-only.com\/fr\/\",\"name\":\"Tutoriels SQL et IT\",\"description\":\"\",\"publisher\":{\"@id\":\"https:\/\/expert-only.com\/fr\/#organization\"},\"potentialAction\":[{\"@type\":\"SearchAction\",\"target\":{\"@type\":\"EntryPoint\",\"urlTemplate\":\"https:\/\/expert-only.com\/fr\/?s={search_term_string}\"},\"query-input\":{\"@type\":\"PropertyValueSpecification\",\"valueRequired\":true,\"valueName\":\"search_term_string\"}}],\"inLanguage\":\"fr-FR\"},{\"@type\":\"Organization\",\"@id\":\"https:\/\/expert-only.com\/fr\/#organization\",\"name\":\"Expert-Only\",\"url\":\"https:\/\/expert-only.com\/fr\/\",\"logo\":{\"@type\":\"ImageObject\",\"inLanguage\":\"fr-FR\",\"@id\":\"https:\/\/expert-only.com\/fr\/#\/schema\/logo\/image\/\",\"url\":\"https:\/\/expert-only.com\/wp-content\/uploads\/2017\/09\/cropped-logo_Expert-Only.jpg\",\"contentUrl\":\"https:\/\/expert-only.com\/wp-content\/uploads\/2017\/09\/cropped-logo_Expert-Only.jpg\",\"width\":381,\"height\":174,\"caption\":\"Expert-Only\"},\"image\":{\"@id\":\"https:\/\/expert-only.com\/fr\/#\/schema\/logo\/image\/\"},\"sameAs\":[\"https:\/\/www.facebook.com\/ExpertOnlyCom\/\",\"https:\/\/x.com\/expert_only\",\"https:\/\/www.youtube.com\/channel\/UCMS5sR_FwAetB0FmciNvUaA\"]}]}<\/script>\n<!-- \/ Yoast SEO Premium plugin. -->","yoast_head_json":{"title":"Cours pour apprendre \u00e0 programmer en Python de A \u00e0 Z et en ligne","description":"Apprendre \u00e0 programmer en Python avec ce cours complet pour d\u00e9couvrir les bases du langage et ma\u00eetriser ses nombreuses capacit\u00e9s.","robots":{"index":"index","follow":"follow","max-snippet":"max-snippet:-1","max-image-preview":"max-image-preview:large","max-video-preview":"max-video-preview:-1"},"canonical":"https:\/\/expert-only.com\/fr\/cours-python\/","og_locale":"fr_FR","og_type":"article","og_title":"Cours pour apprendre \u00e0 programmer en Python de A \u00e0 Z et en ligne","og_description":"Apprendre \u00e0 programmer en Python avec ce cours complet pour d\u00e9couvrir les bases du langage et ma\u00eetriser ses nombreuses capacit\u00e9s.","og_url":"https:\/\/expert-only.com\/fr\/cours-python\/","og_site_name":"Tutoriels SQL et IT","article_publisher":"https:\/\/www.facebook.com\/ExpertOnlyCom\/","article_modified_time":"2023-04-25T15:51:16+00:00","og_image":[{"width":1920,"height":1080,"url":"https:\/\/expert-only.com\/wp-content\/uploads\/2022\/09\/matrix-69E193580C5_1920x1080.jpg","type":"image\/jpeg"}],"twitter_card":"summary_large_image","twitter_site":"@expert_only","twitter_misc":{"Dur\u00e9e de lecture estim\u00e9e":"1 minute"},"schema":{"@context":"https:\/\/schema.org","@graph":[{"@type":"WebPage","@id":"https:\/\/expert-only.com\/fr\/cours-python\/","url":"https:\/\/expert-only.com\/fr\/cours-python\/","name":"Cours pour apprendre \u00e0 programmer en Python de A \u00e0 Z et en ligne","isPartOf":{"@id":"https:\/\/expert-only.com\/fr\/#website"},"primaryImageOfPage":{"@id":"https:\/\/expert-only.com\/fr\/cours-python\/#primaryimage"},"image":{"@id":"https:\/\/expert-only.com\/fr\/cours-python\/#primaryimage"},"thumbnailUrl":"https:\/\/expert-only.com\/wp-content\/uploads\/2022\/09\/matrix-69E193580C5_1920x1080.jpg","datePublished":"2023-01-16T14:04:46+00:00","dateModified":"2023-04-25T15:51:16+00:00","description":"Apprendre \u00e0 programmer en Python avec ce cours complet pour d\u00e9couvrir les bases du langage et ma\u00eetriser ses nombreuses capacit\u00e9s.","breadcrumb":{"@id":"https:\/\/expert-only.com\/fr\/cours-python\/#breadcrumb"},"inLanguage":"fr-FR","potentialAction":[{"@type":"ReadAction","target":["https:\/\/expert-only.com\/fr\/cours-python\/"]}]},{"@type":"ImageObject","inLanguage":"fr-FR","@id":"https:\/\/expert-only.com\/fr\/cours-python\/#primaryimage","url":"https:\/\/expert-only.com\/wp-content\/uploads\/2022\/09\/matrix-69E193580C5_1920x1080.jpg","contentUrl":"https:\/\/expert-only.com\/wp-content\/uploads\/2022\/09\/matrix-69E193580C5_1920x1080.jpg","width":1920,"height":1080},{"@type":"BreadcrumbList","@id":"https:\/\/expert-only.com\/fr\/cours-python\/#breadcrumb","itemListElement":[{"@type":"ListItem","position":1,"name":"Accueil","item":"https:\/\/expert-only.com\/fr\/"},{"@type":"ListItem","position":2,"name":"Cours pour apprendre \u00e0 programmer en Python de A \u00e0 Z et en ligne"}]},{"@type":"WebSite","@id":"https:\/\/expert-only.com\/fr\/#website","url":"https:\/\/expert-only.com\/fr\/","name":"Tutoriels SQL et IT","description":"","publisher":{"@id":"https:\/\/expert-only.com\/fr\/#organization"},"potentialAction":[{"@type":"SearchAction","target":{"@type":"EntryPoint","urlTemplate":"https:\/\/expert-only.com\/fr\/?s={search_term_string}"},"query-input":{"@type":"PropertyValueSpecification","valueRequired":true,"valueName":"search_term_string"}}],"inLanguage":"fr-FR"},{"@type":"Organization","@id":"https:\/\/expert-only.com\/fr\/#organization","name":"Expert-Only","url":"https:\/\/expert-only.com\/fr\/","logo":{"@type":"ImageObject","inLanguage":"fr-FR","@id":"https:\/\/expert-only.com\/fr\/#\/schema\/logo\/image\/","url":"https:\/\/expert-only.com\/wp-content\/uploads\/2017\/09\/cropped-logo_Expert-Only.jpg","contentUrl":"https:\/\/expert-only.com\/wp-content\/uploads\/2017\/09\/cropped-logo_Expert-Only.jpg","width":381,"height":174,"caption":"Expert-Only"},"image":{"@id":"https:\/\/expert-only.com\/fr\/#\/schema\/logo\/image\/"},"sameAs":["https:\/\/www.facebook.com\/ExpertOnlyCom\/","https:\/\/x.com\/expert_only","https:\/\/www.youtube.com\/channel\/UCMS5sR_FwAetB0FmciNvUaA"]}]}},"_links":{"self":[{"href":"https:\/\/expert-only.com\/fr\/wp-json\/wp\/v2\/pages\/24466","targetHints":{"allow":["GET"]}}],"collection":[{"href":"https:\/\/expert-only.com\/fr\/wp-json\/wp\/v2\/pages"}],"about":[{"href":"https:\/\/expert-only.com\/fr\/wp-json\/wp\/v2\/types\/page"}],"author":[{"embeddable":true,"href":"https:\/\/expert-only.com\/fr\/wp-json\/wp\/v2\/users\/1"}],"replies":[{"embeddable":true,"href":"https:\/\/expert-only.com\/fr\/wp-json\/wp\/v2\/comments?post=24466"}],"version-history":[{"count":0,"href":"https:\/\/expert-only.com\/fr\/wp-json\/wp\/v2\/pages\/24466\/revisions"}],"wp:featuredmedia":[{"embeddable":true,"href":"https:\/\/expert-only.com\/fr\/wp-json\/wp\/v2\/media\/10269"}],"wp:attachment":[{"href":"https:\/\/expert-only.com\/fr\/wp-json\/wp\/v2\/media?parent=24466"}],"curies":[{"name":"wp","href":"https:\/\/api.w.org\/{rel}","templated":true}]}}