{"id":9596,"date":"2022-08-16T13:03:02","date_gmt":"2022-08-16T11:03:02","guid":{"rendered":"https:\/\/expert-only.com\/?page_id=9596"},"modified":"2022-12-01T07:42:01","modified_gmt":"2022-12-01T06:42:01","slug":"gerer-les-vues-sql-server","status":"publish","type":"page","link":"https:\/\/expert-only.com\/fr\/gerer-les-vues-sql-server\/","title":{"rendered":"G\u00e9rer les vues SQL Server"},"content":{"rendered":"\n<h4 class=\"has-text-align-center wp-block-heading\"><strong><em>Scripts pour g\u00e9rer les vues SQL Server : cr\u00e9er, appeler, modifier ou supprimer les vues.<\/em><\/strong><\/h4>\n\n\n\n<p>Les vues sont un outil puissant pour structurer et afficher les donn\u00e9es, mais comment g\u00e9rer les vues SQL Server avec des scripts ? Ici cr\u00e9\u00e9e avec des scripts Transact-SQL, elles offrent un certain nombre d&rsquo;avantages. Les vues permettent par exemple une abstraction sur les donn\u00e9es d&rsquo;une base MS SQL. En d&rsquo;autres termes, cr\u00e9er diff\u00e9rentes vues permet d&rsquo;afficher diff\u00e9rents ensembles de donn\u00e9es sans modifier la structure des tables sous-jacentes. <\/p>\n\n\n\n<p>Les vues peuvent \u00eatre cr\u00e9\u00e9es en lecture seule et mises \u00e0 jour, et elles peuvent \u00e9galement \u00eatre utilis\u00e9es pour filtrer ou agr\u00e9ger des donn\u00e9es dans une base de donn\u00e9es. Les vues sont utiles pour cr\u00e9er des rapports \u00e0 un niveau agr\u00e9g\u00e9s. Par exemple, pour voir le revenu total de tous les clients ou le total des commandes des clients d&rsquo;une entreprise. <\/p>\n\n\n\n<div id=\"ez-toc-container\" class=\"ez-toc-v2_0_82_2 ez-toc-wrap-center counter-hierarchy ez-toc-counter ez-toc-grey ez-toc-container-direction\">\n<div class=\"ez-toc-title-container\">\n<p class=\"ez-toc-title\" style=\"cursor:inherit\">Table of Contents<\/p>\n<span class=\"ez-toc-title-toggle\"><\/span><\/div>\n<nav><ul class='ez-toc-list ez-toc-list-level-1 ' ><li class='ez-toc-page-1 ez-toc-heading-level-2'><a class=\"ez-toc-link ez-toc-heading-1\" href=\"https:\/\/expert-only.com\/fr\/gerer-les-vues-sql-server\/#1-definition-des-vues-sql-server\" >1. D\u00e9finition des vues SQL Server<\/a><\/li><li class='ez-toc-page-1 ez-toc-heading-level-2'><a class=\"ez-toc-link ez-toc-heading-2\" href=\"https:\/\/expert-only.com\/fr\/gerer-les-vues-sql-server\/#2-creer-la-table-source-pour-les-vues\" >2. Cr\u00e9er la table source pour les vues<\/a><\/li><li class='ez-toc-page-1 ez-toc-heading-level-2'><a class=\"ez-toc-link ez-toc-heading-3\" href=\"https:\/\/expert-only.com\/fr\/gerer-les-vues-sql-server\/#3-creer-une-vue-sql-server-en-t-sql\" >3. Cr\u00e9er une vue SQL Server en T-SQL<\/a><\/li><li class='ez-toc-page-1 ez-toc-heading-level-2'><a class=\"ez-toc-link ez-toc-heading-4\" href=\"https:\/\/expert-only.com\/fr\/gerer-les-vues-sql-server\/#4-modifier-une-vue-avec-du-code-t-sql\" >4. Modifier une vue avec du code T-SQL<\/a><\/li><li class='ez-toc-page-1 ez-toc-heading-level-2'><a class=\"ez-toc-link ez-toc-heading-5\" href=\"https:\/\/expert-only.com\/fr\/gerer-les-vues-sql-server\/#5-supprimer-une-vue-sql-server\" >5. Supprimer une vue SQL Server<\/a><\/li><li class='ez-toc-page-1 ez-toc-heading-level-2'><a class=\"ez-toc-link ez-toc-heading-6\" href=\"https:\/\/expert-only.com\/fr\/gerer-les-vues-sql-server\/#6-tester-si-une-vue-sql-existe-pour-la-supprimer-sans-erreur\" >6. Tester si une vue SQL existe pour la supprimer sans erreur<\/a><\/li><li class='ez-toc-page-1 ez-toc-heading-level-2'><a class=\"ez-toc-link ez-toc-heading-7\" href=\"https:\/\/expert-only.com\/fr\/gerer-les-vues-sql-server\/#7-creer-une-vue-partitionnee-avec-union-all\" >7. Cr\u00e9er une vue partitionn\u00e9e avec UNION ALL<\/a><\/li><li class='ez-toc-page-1 ez-toc-heading-level-2'><a class=\"ez-toc-link ez-toc-heading-8\" href=\"https:\/\/expert-only.com\/fr\/gerer-les-vues-sql-server\/#8-creer-une-vue-sql-avec-loption-dencryptage\" >8. Cr\u00e9er une vue SQL avec l&rsquo;option d&rsquo;encryptage<\/a><\/li><\/ul><\/nav><\/div>\n<h2 class=\"wp-block-heading\" id=\"h-1-definition-des-vues-sql-server\"><span class=\"ez-toc-section\" id=\"1-definition-des-vues-sql-server\"><\/span>1. D\u00e9finition des vues SQL Server<span class=\"ez-toc-section-end\"><\/span><\/h2>\n\n\n\n<p>Avec le langage SQL (Structured Query Language), ou langage de requ\u00eate structur\u00e9 en Fran\u00e7ais, une vue est un objet qui permet de s\u00e9lectionner un ensemble de donn\u00e9es. Cet ensemble provient d&rsquo;autres tables ou d&rsquo;autres vues, elles-m\u00eames bas\u00e9es sur des tables. La s\u00e9lection se fait sur les colonnes et les lignes. C&rsquo;est \u00e0 dire qu&rsquo;il est possible de : <\/p>\n\n\n\n<ol class=\"wp-block-list\">\n<li>Filtrer les lignes de mani\u00e8re verticale avec une clause <strong><em>WHERE<\/em><\/strong>.<\/li>\n\n\n\n<li>Et de choisir les colonnes horizontalement ou de les g\u00e9n\u00e9rer dans la clause <strong><em>SELECT<\/em><\/strong>.<\/li>\n<\/ol>\n\n\n\n<p><a href=\"https:\/\/fr.wikipedia.org\/wiki\/Vue_(base_de_donn\u00e9es)\" target=\"_blank\" rel=\"noreferrer noopener\">Les vues SQL<\/a> permettent de visualiser tout ou une partie des donn\u00e9es contenues dans des tables sans acc\u00e9der directement au contenu et \u00e0 la structure de la table. Elles permettent aussi d&rsquo;agr\u00e9ger les donn\u00e9es de plusieurs tables, en s\u00e9lectionnant des colonnes avec les m\u00eames structures. Voici des exemples de code pour cr\u00e9er, modifier, appeler ou encore supprimer des vues simples ou encore des vues partitionn\u00e9es.<\/p>\n\n\n\n<h2 class=\"wp-block-heading\"><span class=\"ez-toc-section\" id=\"2-creer-la-table-source-pour-les-vues\"><\/span>2. Cr\u00e9er la table source pour les vues<span class=\"ez-toc-section-end\"><\/span><\/h2>\n\n\n\n<p>Tous les exemples de scripts ci-dessous sont bas\u00e9s sur cette <a href=\"https:\/\/expert-only.com\/t-sql\/creer-table-sql-server\/\">table des ventes<\/a>:<\/p>\n\n\n\n<pre class=\"EnlighterJSRAW\" data-enlighter-language=\"mssql\" data-enlighter-theme=\"\" data-enlighter-highlight=\"\" data-enlighter-linenumbers=\"\" data-enlighter-lineoffset=\"\" data-enlighter-title=\"\" data-enlighter-group=\"\">CREATE TABLE [dbo].[VENTES] \n(\n [MoisNom] NVARCHAR(50), -- alphanum\u00e9rique\n [MoisCourant]  BIT, -- bool\u00e9en, 0 ou 1 , false \/ true\n [NumeroMois] TINYINT, -- tr\u00e8s petit entier, de 0 \u00e0 255\n [NumeroEmploye] SMALLINT, -- petit entier, minimum -2^15, maximum 2^15\n [NombreClients] INTEGER, -- entier, minimum -2^31, maximum 2^31\n [NombreVentes] BIGINT, -- grand entier, minimum: -2^63, maximum 2^63\n [Montant_HT] NUMERIC(15,5), -- num\u00e9rique, 15 chiffres, dont 5 apr\u00e8s la virgule\n [Montant_TTC] DECIMAL(15,5) -- d\u00e9cimal, 15 chiffres, dont 5 apr\u00e8s la virgule\n);\n<\/pre>\n\n\n\n<h2 class=\"wp-block-heading\"><span class=\"ez-toc-section\" id=\"3-creer-une-vue-sql-server-en-t-sql\"><\/span>3. Cr\u00e9er une vue SQL Server en T-SQL<span class=\"ez-toc-section-end\"><\/span><\/h2>\n\n\n\n<p>Premi\u00e8rement, voici un exemple de script T-SQL pour cr\u00e9er une vue simple bas\u00e9e sur la table des ventes dont le code est disponible ci-dessus. Voici donc <a href=\"https:\/\/expert-only.com\/t-sql\/creer-vue-sql-server-avec-script\/\">comment cr\u00e9er une vue SQL Server<\/a> avec un script pour agr\u00e9ger et afficher les ventes mensuelles pour toutes les donn\u00e9es des clients de la table avec les ventes effectu\u00e9es.<\/p>\n\n\n\n<pre class=\"EnlighterJSRAW\" data-enlighter-language=\"mssql\" data-enlighter-theme=\"\" data-enlighter-highlight=\"\" data-enlighter-linenumbers=\"\" data-enlighter-lineoffset=\"\" data-enlighter-title=\"\" data-enlighter-group=\"\">CREATE VIEW [dbo].[V_VENTES]\nAS \n  SELECT \n    [NombreClients],\n    [NombreVentes],\n    [Montant_HT],\n    [Montant_TTC]\n  FROM [dbo].[VENTES];\n<\/pre>\n\n\n\n<h2 class=\"wp-block-heading\"><span class=\"ez-toc-section\" id=\"4-modifier-une-vue-avec-du-code-t-sql\"><\/span>4. Modifier une vue avec du code T-SQL<span class=\"ez-toc-section-end\"><\/span><\/h2>\n\n\n\n<p>Deuxi\u00e8mement, utiliser cet exemple de code pour modifier une vue avec la commande ALTER VIEW. Voici un <a href=\"https:\/\/expert-only.com\/transact-sql\/modifier-vue-sql-server\/\">exemple de code T-SQL pour modifier une vue<\/a>. V\u00e9rifier au pr\u00e9alable l&rsquo;existence de la vue pour \u00e9viter les erreurs d&rsquo;ex\u00e9cution du code SQL dans SSMS.<\/p>\n\n\n\n<pre class=\"EnlighterJSRAW\" data-enlighter-language=\"mssql\" data-enlighter-theme=\"\" data-enlighter-highlight=\"\" data-enlighter-linenumbers=\"\" data-enlighter-lineoffset=\"\" data-enlighter-title=\"\" data-enlighter-group=\"\">ALTER VIEW [dbo].[V_VENTES_E]\nWITH ENCRYPTION \nAS \n  SELECT \n    [NombreVentes], -- Suppression de la colonne [NombreClients]\n    [Montant_HT],\n    [Montant_TTC]\n  FROM [dbo].[VENTES];\n<\/pre>\n\n\n\n<figure class=\"wp-block-embed is-type-wp-embed is-provider-tutoriels-sql-et-it wp-block-embed-tutoriels-sql-et-it\"><div class=\"wp-block-embed__wrapper\">\n<blockquote class=\"wp-embedded-content\" data-secret=\"goDfwilvtd\"><a href=\"https:\/\/expert-only.com\/fr\/t-sql\/modifier-vue-sql-server\/\">Modifier une vue SQL Server (Alter View)<\/a><\/blockquote><iframe loading=\"lazy\" class=\"wp-embedded-content\" sandbox=\"allow-scripts\" security=\"restricted\" style=\"position: absolute; clip: rect(1px, 1px, 1px, 1px);\" title=\"\u00ab\u00a0Modifier une vue SQL Server (Alter View)\u00a0\u00bb &#8212; Tutoriels SQL et IT\" src=\"https:\/\/expert-only.com\/fr\/t-sql\/modifier-vue-sql-server\/embed\/#?secret=zAiblQRmhS#?secret=goDfwilvtd\" data-secret=\"goDfwilvtd\" width=\"500\" height=\"282\" frameborder=\"0\" marginwidth=\"0\" marginheight=\"0\" scrolling=\"no\"><\/iframe>\n<\/div><\/figure>\n\n\n\n<h2 class=\"wp-block-heading\" id=\"h-5-supprimer-une-vue-sql-server\"><span class=\"ez-toc-section\" id=\"5-supprimer-une-vue-sql-server\"><\/span>5. Supprimer une vue SQL Server<span class=\"ez-toc-section-end\"><\/span><\/h2>\n\n\n\n<p>Cependant, pour compl\u00e8tement <a href=\"https:\/\/expert-only.com\/transact-sql\/supprimer-une-vue-sql-server\/\">supprimer une vue utiliser alors la commande DROP VIEW<\/a>. En effet, si la vue n&rsquo;existe pas, alors l&rsquo;erreur <a href=\"https:\/\/expert-only.com\/erreur-sql-server\/impossible-de-trouver-l-objet-car-il-n-existe-pas\/\">Impossible de trouver l\u2019objet car il n\u2019existe pas<\/a> s&rsquo;affiche dans le Syst\u00e8me de Gestion de la Base de Donn\u00e9es (SGBD).<\/p>\n\n\n\n<pre class=\"EnlighterJSRAW\" data-enlighter-language=\"sql\" data-enlighter-theme=\"\" data-enlighter-highlight=\"\" data-enlighter-linenumbers=\"\" data-enlighter-lineoffset=\"\" data-enlighter-title=\"\" data-enlighter-group=\"\">DROP VIEW [dbo].[V_VENTES];\n<\/pre>\n\n\n\n<h2 class=\"wp-block-heading\" id=\"h-6-tester-si-une-vue-sql-existe-pour-la-supprimer-sans-erreur\"><span class=\"ez-toc-section\" id=\"6-tester-si-une-vue-sql-existe-pour-la-supprimer-sans-erreur\"><\/span>6. Tester si une vue SQL existe pour la supprimer sans erreur<span class=\"ez-toc-section-end\"><\/span><\/h2>\n\n\n\n<p>En effet, il est conseill\u00e9 de faire des tests pour \u00e9viter les erreurs durant la suppression d&rsquo;objets. Pour tester l&rsquo;existence des vues, <a href=\"https:\/\/expert-only.com\/transact-sql\/tester-supprimer-vue-sql-server-si-existe\/\">utiliser la commande IF EXISTS puis la commande DROP<\/a>.<\/p>\n\n\n\n<pre class=\"EnlighterJSRAW\" data-enlighter-language=\"mssql\" data-enlighter-theme=\"\" data-enlighter-highlight=\"\" data-enlighter-linenumbers=\"\" data-enlighter-lineoffset=\"\" data-enlighter-title=\"\" data-enlighter-group=\"\">IF EXISTS (\n  SELECT 1 FROM sys.objects\n  WHERE  object_id = object_id(N'[dbo].[V_VENTES]')\n    AND type in (N'V') )\nBEGIN \n  DROP VIEW [dbo].[V_VENTES];\nEND;\n<\/pre>\n\n\n\n<h2 class=\"wp-block-heading\" id=\"h-7-creer-une-vue-partitionnee-avec-union-all\"><span class=\"ez-toc-section\" id=\"7-creer-une-vue-partitionnee-avec-union-all\"><\/span>7. Cr\u00e9er une vue partitionn\u00e9e avec UNION ALL<span class=\"ez-toc-section-end\"><\/span><\/h2>\n\n\n\n<p>De m\u00eame, pour <a href=\"https:\/\/expert-only.com\/transact-sql\/vue-partitionnee-sql-server-plusieurs-tables\/\">regrouper les donn\u00e9es de plusieurs tables dans une seule vue partitionn\u00e9e<\/a>, utiliser cet exemple. En principe, avec une simple requ\u00eate select combin\u00e9e \u00e0 une union de donn\u00e9es. Noter que les trois s\u00e9lections sur les tables (ou vues) ont <strong><em>obligatoirement la m\u00eame structure<\/em><\/strong>. <\/p>\n\n\n\n<pre class=\"EnlighterJSRAW\" data-enlighter-language=\"sql\" data-enlighter-theme=\"\" data-enlighter-highlight=\"\" data-enlighter-linenumbers=\"\" data-enlighter-lineoffset=\"\" data-enlighter-title=\"\" data-enlighter-group=\"\">CREATE VIEW [dbo].[V_VENTES_P]\nAS \n  SELECT [NombreClients], [NombreVentes], [Montant_HT], [Montant_TTC]\n  FROM [dbo].[VENTES_01]\n\n  UNION ALL \n\n  SELECT [NombreClients], [NombreVentes], [Montant_HT], [Montant_TTC]\n  FROM [dbo].[VENTES_02]\n\n  UNION ALL \n\n  SELECT [NombreClients], [NombreVentes], [Montant_HT], [Montant_TTC]\n  FROM [dbo].[VENTES_03];<\/pre>\n\n\n\n<h2 class=\"wp-block-heading\" id=\"h-8-creer-une-vue-sql-avec-l-option-d-encryptage\"><span class=\"ez-toc-section\" id=\"8-creer-une-vue-sql-avec-loption-dencryptage\"><\/span>8. Cr\u00e9er une vue SQL avec l&rsquo;option d&rsquo;encryptage<span class=\"ez-toc-section-end\"><\/span><\/h2>\n\n\n\n<p>Ainsi <a href=\"https:\/\/expert-only.com\/t-sql\/creer-vue-sql-server-avec-encryptage\/\" target=\"_blank\" rel=\"noreferrer noopener\">l&rsquo;encryption d&rsquo;une vue masque simplement le code de la vue<\/a> dans la table syst\u00e8me&nbsp;<em>sys.comments<\/em>. Dans ce cas, si le syst\u00e8me utilise la r\u00e9plication Microsoft SQL, il ne publie pas la vue.<\/p>\n\n\n\n<p class=\"has-text-align-center\"><em><strong>L&rsquo;option d&rsquo;encryption ne masque pas les donn\u00e9es<\/strong>.<\/em><\/p>\n\n\n\n<pre class=\"EnlighterJSRAW\" data-enlighter-language=\"mssql\" data-enlighter-theme=\"\" data-enlighter-highlight=\"\" data-enlighter-linenumbers=\"\" data-enlighter-lineoffset=\"\" data-enlighter-title=\"\" data-enlighter-group=\"\">CREATE VIEW [dbo].[V_VENTES_E]\nWITH ENCRYPTION \nAS \n  SELECT \n    [NombreClients],\n    [NombreVentes],\n    [Montant_HT],\n    [Montant_TTC]\n  FROM [dbo].[VENTES];<\/pre>\n\n\n\n<figure class=\"wp-block-embed is-type-wp-embed is-provider-tutoriels-sql-et-it wp-block-embed-tutoriels-sql-et-it\"><div class=\"wp-block-embed__wrapper\">\n<blockquote class=\"wp-embedded-content\" data-secret=\"19oxLjoDAn\"><a href=\"https:\/\/expert-only.com\/fr\/t-sql\/creer-vue-sql-server-avec-encryptage\/\">Cr\u00e9er une vue SQL Server avec encryptage<\/a><\/blockquote><iframe loading=\"lazy\" class=\"wp-embedded-content\" sandbox=\"allow-scripts\" security=\"restricted\" style=\"position: absolute; clip: rect(1px, 1px, 1px, 1px);\" title=\"\u00ab\u00a0Cr\u00e9er une vue SQL Server avec encryptage\u00a0\u00bb &#8212; Tutoriels SQL et IT\" src=\"https:\/\/expert-only.com\/fr\/t-sql\/creer-vue-sql-server-avec-encryptage\/embed\/#?secret=pIS3B1ZhuR#?secret=19oxLjoDAn\" data-secret=\"19oxLjoDAn\" width=\"500\" height=\"282\" frameborder=\"0\" marginwidth=\"0\" marginheight=\"0\" scrolling=\"no\"><\/iframe>\n<\/div><\/figure>\n\n\n\n<p>Ce tutoriel SQL Server explique comment g\u00e9rer les vues avec des scripts T-SQL. Les vues offrent donc de nombreuses options et une grande flexibilit\u00e9. Il est donc utile de les utiliser de mani\u00e8re intensive mais utile dans les projets de d\u00e9veloppement SQL.<\/p>\n","protected":false},"excerpt":{"rendered":"<div class=\"mh-excerpt\"><p>Scripts pour g\u00e9rer les vues SQL Server : cr\u00e9er, appeler, modifier ou supprimer les vues. Les vues sont un outil puissant pour structurer et afficher les donn\u00e9es, mais comment g\u00e9rer les vues SQL Server avec des scripts ? Ici <a class=\"mh-excerpt-more\" href=\"https:\/\/expert-only.com\/fr\/gerer-les-vues-sql-server\/\" title=\"G\u00e9rer les vues SQL Server\">&#8230;<\/a><\/p>\n<\/div>","protected":false},"author":1,"featured_media":10707,"parent":0,"menu_order":0,"comment_status":"closed","ping_status":"closed","template":"","meta":{"footnotes":""},"class_list":["post-9596","page","type-page","status-publish","has-post-thumbnail"],"yoast_head":"<!-- This site is optimized with the Yoast SEO Premium plugin v21.7 (Yoast SEO v26.2) - https:\/\/yoast.com\/wordpress\/plugins\/seo\/ -->\n<title>G\u00e9rer les vues SQL Server - Tutoriels SQL et IT<\/title>\n<meta name=\"description\" content=\"Exemples pour g\u00e9rer les vues SQL Server avec des scripts, utiliser les pour cr\u00e9er, modifier ou supprimer les vues d&#039;une base de donn\u00e9es.\" \/>\n<meta name=\"robots\" content=\"index, follow, max-snippet:-1, max-image-preview:large, max-video-preview:-1\" \/>\n<link rel=\"canonical\" href=\"https:\/\/expert-only.com\/fr\/gerer-les-vues-sql-server\/\" \/>\n<meta property=\"og:locale\" content=\"fr_FR\" \/>\n<meta property=\"og:type\" content=\"article\" \/>\n<meta property=\"og:title\" content=\"G\u00e9rer les vues SQL Server\" \/>\n<meta property=\"og:description\" content=\"Exemples pour g\u00e9rer les vues SQL Server avec des scripts, utiliser les pour cr\u00e9er, modifier ou supprimer les vues d&#039;une base de donn\u00e9es.\" \/>\n<meta property=\"og:url\" content=\"https:\/\/expert-only.com\/fr\/gerer-les-vues-sql-server\/\" \/>\n<meta property=\"og:site_name\" content=\"Tutoriels SQL et IT\" \/>\n<meta property=\"article:publisher\" content=\"https:\/\/www.facebook.com\/ExpertOnlyCom\/\" \/>\n<meta property=\"article:modified_time\" content=\"2022-12-01T06:42:01+00:00\" \/>\n<meta property=\"og:image\" content=\"https:\/\/expert-only.com\/wp-content\/uploads\/2022\/09\/journal-and-coffee-7BF9C361150_1920x1080.jpg\" \/>\n\t<meta property=\"og:image:width\" content=\"1920\" \/>\n\t<meta property=\"og:image:height\" content=\"1080\" \/>\n\t<meta property=\"og:image:type\" content=\"image\/jpeg\" \/>\n<meta name=\"twitter:card\" content=\"summary_large_image\" \/>\n<meta name=\"twitter:site\" content=\"@expert_only\" \/>\n<meta name=\"twitter:label1\" content=\"Dur\u00e9e de lecture estim\u00e9e\" \/>\n\t<meta name=\"twitter:data1\" content=\"5 minutes\" \/>\n<script type=\"application\/ld+json\" class=\"yoast-schema-graph\">{\"@context\":\"https:\/\/schema.org\",\"@graph\":[{\"@type\":\"WebPage\",\"@id\":\"https:\/\/expert-only.com\/fr\/gerer-les-vues-sql-server\/\",\"url\":\"https:\/\/expert-only.com\/fr\/gerer-les-vues-sql-server\/\",\"name\":\"G\u00e9rer les vues SQL Server - Tutoriels SQL et IT\",\"isPartOf\":{\"@id\":\"https:\/\/expert-only.com\/fr\/#website\"},\"primaryImageOfPage\":{\"@id\":\"https:\/\/expert-only.com\/fr\/gerer-les-vues-sql-server\/#primaryimage\"},\"image\":{\"@id\":\"https:\/\/expert-only.com\/fr\/gerer-les-vues-sql-server\/#primaryimage\"},\"thumbnailUrl\":\"https:\/\/expert-only.com\/wp-content\/uploads\/2022\/09\/journal-and-coffee-7BF9C361150_1920x1080.jpg\",\"datePublished\":\"2022-08-16T11:03:02+00:00\",\"dateModified\":\"2022-12-01T06:42:01+00:00\",\"description\":\"Exemples pour g\u00e9rer les vues SQL Server avec des scripts, utiliser les pour cr\u00e9er, modifier ou supprimer les vues d'une base de donn\u00e9es.\",\"breadcrumb\":{\"@id\":\"https:\/\/expert-only.com\/fr\/gerer-les-vues-sql-server\/#breadcrumb\"},\"inLanguage\":\"fr-FR\",\"potentialAction\":[{\"@type\":\"ReadAction\",\"target\":[\"https:\/\/expert-only.com\/fr\/gerer-les-vues-sql-server\/\"]}]},{\"@type\":\"ImageObject\",\"inLanguage\":\"fr-FR\",\"@id\":\"https:\/\/expert-only.com\/fr\/gerer-les-vues-sql-server\/#primaryimage\",\"url\":\"https:\/\/expert-only.com\/wp-content\/uploads\/2022\/09\/journal-and-coffee-7BF9C361150_1920x1080.jpg\",\"contentUrl\":\"https:\/\/expert-only.com\/wp-content\/uploads\/2022\/09\/journal-and-coffee-7BF9C361150_1920x1080.jpg\",\"width\":1920,\"height\":1080},{\"@type\":\"BreadcrumbList\",\"@id\":\"https:\/\/expert-only.com\/fr\/gerer-les-vues-sql-server\/#breadcrumb\",\"itemListElement\":[{\"@type\":\"ListItem\",\"position\":1,\"name\":\"Accueil\",\"item\":\"https:\/\/expert-only.com\/fr\/\"},{\"@type\":\"ListItem\",\"position\":2,\"name\":\"G\u00e9rer les vues SQL Server\"}]},{\"@type\":\"WebSite\",\"@id\":\"https:\/\/expert-only.com\/fr\/#website\",\"url\":\"https:\/\/expert-only.com\/fr\/\",\"name\":\"Tutoriels SQL et IT\",\"description\":\"\",\"publisher\":{\"@id\":\"https:\/\/expert-only.com\/fr\/#organization\"},\"potentialAction\":[{\"@type\":\"SearchAction\",\"target\":{\"@type\":\"EntryPoint\",\"urlTemplate\":\"https:\/\/expert-only.com\/fr\/?s={search_term_string}\"},\"query-input\":{\"@type\":\"PropertyValueSpecification\",\"valueRequired\":true,\"valueName\":\"search_term_string\"}}],\"inLanguage\":\"fr-FR\"},{\"@type\":\"Organization\",\"@id\":\"https:\/\/expert-only.com\/fr\/#organization\",\"name\":\"Expert-Only\",\"url\":\"https:\/\/expert-only.com\/fr\/\",\"logo\":{\"@type\":\"ImageObject\",\"inLanguage\":\"fr-FR\",\"@id\":\"https:\/\/expert-only.com\/fr\/#\/schema\/logo\/image\/\",\"url\":\"https:\/\/expert-only.com\/wp-content\/uploads\/2017\/09\/cropped-logo_Expert-Only.jpg\",\"contentUrl\":\"https:\/\/expert-only.com\/wp-content\/uploads\/2017\/09\/cropped-logo_Expert-Only.jpg\",\"width\":381,\"height\":174,\"caption\":\"Expert-Only\"},\"image\":{\"@id\":\"https:\/\/expert-only.com\/fr\/#\/schema\/logo\/image\/\"},\"sameAs\":[\"https:\/\/www.facebook.com\/ExpertOnlyCom\/\",\"https:\/\/x.com\/expert_only\",\"https:\/\/www.youtube.com\/channel\/UCMS5sR_FwAetB0FmciNvUaA\"]}]}<\/script>\n<!-- \/ Yoast SEO Premium plugin. -->","yoast_head_json":{"title":"G\u00e9rer les vues SQL Server - Tutoriels SQL et IT","description":"Exemples pour g\u00e9rer les vues SQL Server avec des scripts, utiliser les pour cr\u00e9er, modifier ou supprimer les vues d'une base de donn\u00e9es.","robots":{"index":"index","follow":"follow","max-snippet":"max-snippet:-1","max-image-preview":"max-image-preview:large","max-video-preview":"max-video-preview:-1"},"canonical":"https:\/\/expert-only.com\/fr\/gerer-les-vues-sql-server\/","og_locale":"fr_FR","og_type":"article","og_title":"G\u00e9rer les vues SQL Server","og_description":"Exemples pour g\u00e9rer les vues SQL Server avec des scripts, utiliser les pour cr\u00e9er, modifier ou supprimer les vues d'une base de donn\u00e9es.","og_url":"https:\/\/expert-only.com\/fr\/gerer-les-vues-sql-server\/","og_site_name":"Tutoriels SQL et IT","article_publisher":"https:\/\/www.facebook.com\/ExpertOnlyCom\/","article_modified_time":"2022-12-01T06:42:01+00:00","og_image":[{"width":1920,"height":1080,"url":"https:\/\/expert-only.com\/wp-content\/uploads\/2022\/09\/journal-and-coffee-7BF9C361150_1920x1080.jpg","type":"image\/jpeg"}],"twitter_card":"summary_large_image","twitter_site":"@expert_only","twitter_misc":{"Dur\u00e9e de lecture estim\u00e9e":"5 minutes"},"schema":{"@context":"https:\/\/schema.org","@graph":[{"@type":"WebPage","@id":"https:\/\/expert-only.com\/fr\/gerer-les-vues-sql-server\/","url":"https:\/\/expert-only.com\/fr\/gerer-les-vues-sql-server\/","name":"G\u00e9rer les vues SQL Server - Tutoriels SQL et IT","isPartOf":{"@id":"https:\/\/expert-only.com\/fr\/#website"},"primaryImageOfPage":{"@id":"https:\/\/expert-only.com\/fr\/gerer-les-vues-sql-server\/#primaryimage"},"image":{"@id":"https:\/\/expert-only.com\/fr\/gerer-les-vues-sql-server\/#primaryimage"},"thumbnailUrl":"https:\/\/expert-only.com\/wp-content\/uploads\/2022\/09\/journal-and-coffee-7BF9C361150_1920x1080.jpg","datePublished":"2022-08-16T11:03:02+00:00","dateModified":"2022-12-01T06:42:01+00:00","description":"Exemples pour g\u00e9rer les vues SQL Server avec des scripts, utiliser les pour cr\u00e9er, modifier ou supprimer les vues d'une base de donn\u00e9es.","breadcrumb":{"@id":"https:\/\/expert-only.com\/fr\/gerer-les-vues-sql-server\/#breadcrumb"},"inLanguage":"fr-FR","potentialAction":[{"@type":"ReadAction","target":["https:\/\/expert-only.com\/fr\/gerer-les-vues-sql-server\/"]}]},{"@type":"ImageObject","inLanguage":"fr-FR","@id":"https:\/\/expert-only.com\/fr\/gerer-les-vues-sql-server\/#primaryimage","url":"https:\/\/expert-only.com\/wp-content\/uploads\/2022\/09\/journal-and-coffee-7BF9C361150_1920x1080.jpg","contentUrl":"https:\/\/expert-only.com\/wp-content\/uploads\/2022\/09\/journal-and-coffee-7BF9C361150_1920x1080.jpg","width":1920,"height":1080},{"@type":"BreadcrumbList","@id":"https:\/\/expert-only.com\/fr\/gerer-les-vues-sql-server\/#breadcrumb","itemListElement":[{"@type":"ListItem","position":1,"name":"Accueil","item":"https:\/\/expert-only.com\/fr\/"},{"@type":"ListItem","position":2,"name":"G\u00e9rer les vues SQL Server"}]},{"@type":"WebSite","@id":"https:\/\/expert-only.com\/fr\/#website","url":"https:\/\/expert-only.com\/fr\/","name":"Tutoriels SQL et IT","description":"","publisher":{"@id":"https:\/\/expert-only.com\/fr\/#organization"},"potentialAction":[{"@type":"SearchAction","target":{"@type":"EntryPoint","urlTemplate":"https:\/\/expert-only.com\/fr\/?s={search_term_string}"},"query-input":{"@type":"PropertyValueSpecification","valueRequired":true,"valueName":"search_term_string"}}],"inLanguage":"fr-FR"},{"@type":"Organization","@id":"https:\/\/expert-only.com\/fr\/#organization","name":"Expert-Only","url":"https:\/\/expert-only.com\/fr\/","logo":{"@type":"ImageObject","inLanguage":"fr-FR","@id":"https:\/\/expert-only.com\/fr\/#\/schema\/logo\/image\/","url":"https:\/\/expert-only.com\/wp-content\/uploads\/2017\/09\/cropped-logo_Expert-Only.jpg","contentUrl":"https:\/\/expert-only.com\/wp-content\/uploads\/2017\/09\/cropped-logo_Expert-Only.jpg","width":381,"height":174,"caption":"Expert-Only"},"image":{"@id":"https:\/\/expert-only.com\/fr\/#\/schema\/logo\/image\/"},"sameAs":["https:\/\/www.facebook.com\/ExpertOnlyCom\/","https:\/\/x.com\/expert_only","https:\/\/www.youtube.com\/channel\/UCMS5sR_FwAetB0FmciNvUaA"]}]}},"_links":{"self":[{"href":"https:\/\/expert-only.com\/fr\/wp-json\/wp\/v2\/pages\/9596","targetHints":{"allow":["GET"]}}],"collection":[{"href":"https:\/\/expert-only.com\/fr\/wp-json\/wp\/v2\/pages"}],"about":[{"href":"https:\/\/expert-only.com\/fr\/wp-json\/wp\/v2\/types\/page"}],"author":[{"embeddable":true,"href":"https:\/\/expert-only.com\/fr\/wp-json\/wp\/v2\/users\/1"}],"replies":[{"embeddable":true,"href":"https:\/\/expert-only.com\/fr\/wp-json\/wp\/v2\/comments?post=9596"}],"version-history":[{"count":0,"href":"https:\/\/expert-only.com\/fr\/wp-json\/wp\/v2\/pages\/9596\/revisions"}],"wp:featuredmedia":[{"embeddable":true,"href":"https:\/\/expert-only.com\/fr\/wp-json\/wp\/v2\/media\/10707"}],"wp:attachment":[{"href":"https:\/\/expert-only.com\/fr\/wp-json\/wp\/v2\/media?parent=9596"}],"curies":[{"name":"wp","href":"https:\/\/api.w.org\/{rel}","templated":true}]}}