{"id":23492,"date":"2018-06-05T10:08:39","date_gmt":"2018-06-05T08:08:39","guid":{"rendered":"https:\/\/expert-only.com\/?page_id=23492"},"modified":"2023-03-20T14:42:27","modified_gmt":"2023-03-20T13:42:27","slug":"quem-somos-nos-engenheiros-de-dados","status":"publish","type":"page","link":"https:\/\/expert-only.com\/pt-pt\/quem-somos-nos-engenheiros-de-dados\/","title":{"rendered":"Quem somos n\u00f3s? Engenheiros de dados"},"content":{"rendered":"\n<p>Sou um especialista em Microsoft Business Intelligence e trabalho com integra\u00e7\u00e3o e an\u00e1lise de dados desde 2009, al\u00e9m de trabalhar na \u00e1rea de TI desde 2004. Constru\u00ed ou mantive dezenas de projetos bem-sucedidos. Tenho trabalhado na Fran\u00e7a, Su\u00ed\u00e7a e M\u00f4naco, com equipes internacionais, principalmente em ambientes franc\u00f3fonos e angl\u00f3fonos, para PMEs e grandes empresas.<\/p>\n\n\n\n<h2 class=\"wp-block-heading\">Breve apresenta\u00e7\u00e3o da nossa experi\u00eancia em integra\u00e7\u00e3o e an\u00e1lise de dados<\/h2>\n\n\n\n<p>Meus projetos envolvem, entre outras coisas, data warehouses para vendas, contabilidade, RH, relat\u00f3rios regulat\u00f3rios, estoques e compras. Tamb\u00e9m incluem solu\u00e7\u00f5es de planejamento financeiro e or\u00e7ament\u00e1rio (or\u00e7amento versus realizado).<\/p>\n\n\n\n<p>Minha experi\u00eancia com as tecnologias Microsoft SQL Server inclui a su\u00edte completa, ou seja, <a href=\"https:\/\/expert-only.com\/pt-pt\/t-sql\/diferenca-entre-datas-com-sql-server\/\">T-SQL<\/a>, SSIS\/SSAS\/SSRS, design de DWH, desenvolvimento de fluxos ETL, constru\u00e7\u00e3o de cubos multidimensionais OLAP ou modelos tabulares e constru\u00e7\u00e3o de relat\u00f3rios Power BI.<\/p>\n\n\n\n<p>Tamb\u00e9m tenho experi\u00eancia s\u00f3lida em todas as etapas de um projeto de engenharia de dados, desde a coleta de requisitos de neg\u00f3cios at\u00e9 a implanta\u00e7\u00e3o de sistemas em produ\u00e7\u00e3o com suporte de aplicativos.<\/p>\n\n\n\n<h2 class=\"wp-block-heading\" id=\"h-solucoes-simples-para-problemas-recorrentes-de-ti\">Solu\u00e7\u00f5es simples para problemas recorrentes de TI<\/h2>\n\n\n\n<p>Este blog tem como objetivo oferecer solu\u00e7\u00f5es simples, pr\u00e1ticas e concisas para problemas t\u00e9cnicos do Microsoft SQL Server e mais amplamente de TI.<\/p>\n","protected":false},"excerpt":{"rendered":"<div class=\"mh-excerpt\"><p>Sou um especialista em Microsoft Business Intelligence e trabalho com integra\u00e7\u00e3o e an\u00e1lise de dados desde 2009, al\u00e9m de trabalhar na \u00e1rea de TI desde 2004. Constru\u00ed ou mantive dezenas de projetos bem-sucedidos. Tenho trabalhado na Fran\u00e7a, Su\u00ed\u00e7a e <a class=\"mh-excerpt-more\" href=\"https:\/\/expert-only.com\/pt-pt\/quem-somos-nos-engenheiros-de-dados\/\" title=\"Quem somos n\u00f3s? Engenheiros de dados\">&#8230;<\/a><\/p>\n<\/div>","protected":false},"author":1,"featured_media":10360,"parent":0,"menu_order":0,"comment_status":"closed","ping_status":"closed","template":"","meta":{"footnotes":""},"class_list":["post-23492","page","type-page","status-publish","has-post-thumbnail"],"yoast_head":"<!-- This site is optimized with the Yoast SEO Premium plugin v21.7 (Yoast SEO v26.2) - https:\/\/yoast.com\/wordpress\/plugins\/seo\/ -->\n<title>Quem somos n\u00f3s? Engenheiros de dados - Tutoriais SQL e TI<\/title>\n<meta name=\"description\" content=\"Temos experi\u00eancia na pilha Microsoft SQL Server BI, incluindo T-SQL, SSIS \/ SSAS \/ SSRS \/ Power BI, design de DWH e fluxos de trabalho ETL.\" \/>\n<meta name=\"robots\" content=\"index, follow, max-snippet:-1, max-image-preview:large, max-video-preview:-1\" \/>\n<link rel=\"canonical\" href=\"https:\/\/expert-only.com\/pt-pt\/quem-somos-nos-engenheiros-de-dados\/\" \/>\n<meta property=\"og:locale\" content=\"pt_PT\" \/>\n<meta property=\"og:type\" content=\"article\" \/>\n<meta property=\"og:title\" content=\"Quem somos n\u00f3s? Engenheiros de dados\" \/>\n<meta property=\"og:description\" content=\"Temos experi\u00eancia na pilha Microsoft SQL Server BI, incluindo T-SQL, SSIS \/ SSAS \/ SSRS \/ Power BI, design de DWH e fluxos de trabalho ETL.\" \/>\n<meta property=\"og:url\" content=\"https:\/\/expert-only.com\/pt-pt\/quem-somos-nos-engenheiros-de-dados\/\" \/>\n<meta property=\"og:site_name\" content=\"Tutoriais SQL e TI\" \/>\n<meta property=\"article:publisher\" content=\"https:\/\/www.facebook.com\/ExpertOnlyCom\/\" \/>\n<meta property=\"article:modified_time\" content=\"2023-03-20T13:42:27+00:00\" \/>\n<meta property=\"og:image\" content=\"https:\/\/expert-only.com\/wp-content\/uploads\/2022\/09\/buildings-1867726_1920x1080.jpg\" \/>\n\t<meta property=\"og:image:width\" content=\"1920\" \/>\n\t<meta property=\"og:image:height\" content=\"1080\" \/>\n\t<meta property=\"og:image:type\" content=\"image\/jpeg\" \/>\n<meta name=\"twitter:card\" content=\"summary_large_image\" \/>\n<meta name=\"twitter:site\" content=\"@expert_only\" \/>\n<meta name=\"twitter:label1\" content=\"Tempo estimado de leitura\" \/>\n\t<meta name=\"twitter:data1\" content=\"1 minuto\" \/>\n<script type=\"application\/ld+json\" class=\"yoast-schema-graph\">{\"@context\":\"https:\/\/schema.org\",\"@graph\":[{\"@type\":\"WebPage\",\"@id\":\"https:\/\/expert-only.com\/pt-pt\/quem-somos-nos-engenheiros-de-dados\/\",\"url\":\"https:\/\/expert-only.com\/pt-pt\/quem-somos-nos-engenheiros-de-dados\/\",\"name\":\"Quem somos n\u00f3s? Engenheiros de dados - Tutoriais SQL e TI\",\"isPartOf\":{\"@id\":\"https:\/\/expert-only.com\/pt-pt\/#website\"},\"primaryImageOfPage\":{\"@id\":\"https:\/\/expert-only.com\/pt-pt\/quem-somos-nos-engenheiros-de-dados\/#primaryimage\"},\"image\":{\"@id\":\"https:\/\/expert-only.com\/pt-pt\/quem-somos-nos-engenheiros-de-dados\/#primaryimage\"},\"thumbnailUrl\":\"https:\/\/expert-only.com\/wp-content\/uploads\/2022\/09\/buildings-1867726_1920x1080.jpg\",\"datePublished\":\"2018-06-05T08:08:39+00:00\",\"dateModified\":\"2023-03-20T13:42:27+00:00\",\"description\":\"Temos experi\u00eancia na pilha Microsoft SQL Server BI, incluindo T-SQL, SSIS \/ SSAS \/ SSRS \/ Power BI, design de DWH e fluxos de trabalho ETL.\",\"breadcrumb\":{\"@id\":\"https:\/\/expert-only.com\/pt-pt\/quem-somos-nos-engenheiros-de-dados\/#breadcrumb\"},\"inLanguage\":\"pt-PT\",\"potentialAction\":[{\"@type\":\"ReadAction\",\"target\":[\"https:\/\/expert-only.com\/pt-pt\/quem-somos-nos-engenheiros-de-dados\/\"]}]},{\"@type\":\"ImageObject\",\"inLanguage\":\"pt-PT\",\"@id\":\"https:\/\/expert-only.com\/pt-pt\/quem-somos-nos-engenheiros-de-dados\/#primaryimage\",\"url\":\"https:\/\/expert-only.com\/wp-content\/uploads\/2022\/09\/buildings-1867726_1920x1080.jpg\",\"contentUrl\":\"https:\/\/expert-only.com\/wp-content\/uploads\/2022\/09\/buildings-1867726_1920x1080.jpg\",\"width\":1920,\"height\":1080},{\"@type\":\"BreadcrumbList\",\"@id\":\"https:\/\/expert-only.com\/pt-pt\/quem-somos-nos-engenheiros-de-dados\/#breadcrumb\",\"itemListElement\":[{\"@type\":\"ListItem\",\"position\":1,\"name\":\"pt\",\"item\":\"https:\/\/expert-only.com\/pt-pt\/\"},{\"@type\":\"ListItem\",\"position\":2,\"name\":\"Quem somos n\u00f3s? Engenheiros de dados\"}]},{\"@type\":\"WebSite\",\"@id\":\"https:\/\/expert-only.com\/pt-pt\/#website\",\"url\":\"https:\/\/expert-only.com\/pt-pt\/\",\"name\":\"Tutoriais SQL e TI\",\"description\":\"\",\"publisher\":{\"@id\":\"https:\/\/expert-only.com\/pt-pt\/#organization\"},\"potentialAction\":[{\"@type\":\"SearchAction\",\"target\":{\"@type\":\"EntryPoint\",\"urlTemplate\":\"https:\/\/expert-only.com\/pt-pt\/?s={search_term_string}\"},\"query-input\":{\"@type\":\"PropertyValueSpecification\",\"valueRequired\":true,\"valueName\":\"search_term_string\"}}],\"inLanguage\":\"pt-PT\"},{\"@type\":\"Organization\",\"@id\":\"https:\/\/expert-only.com\/pt-pt\/#organization\",\"name\":\"Expert-Only\",\"url\":\"https:\/\/expert-only.com\/pt-pt\/\",\"logo\":{\"@type\":\"ImageObject\",\"inLanguage\":\"pt-PT\",\"@id\":\"https:\/\/expert-only.com\/pt-pt\/#\/schema\/logo\/image\/\",\"url\":\"https:\/\/expert-only.com\/wp-content\/uploads\/2017\/09\/cropped-logo_Expert-Only.jpg\",\"contentUrl\":\"https:\/\/expert-only.com\/wp-content\/uploads\/2017\/09\/cropped-logo_Expert-Only.jpg\",\"width\":381,\"height\":174,\"caption\":\"Expert-Only\"},\"image\":{\"@id\":\"https:\/\/expert-only.com\/pt-pt\/#\/schema\/logo\/image\/\"},\"sameAs\":[\"https:\/\/www.facebook.com\/ExpertOnlyCom\/\",\"https:\/\/x.com\/expert_only\",\"https:\/\/www.youtube.com\/channel\/UCMS5sR_FwAetB0FmciNvUaA\"]}]}<\/script>\n<!-- \/ Yoast SEO Premium plugin. -->","yoast_head_json":{"title":"Quem somos n\u00f3s? Engenheiros de dados - Tutoriais SQL e TI","description":"Temos experi\u00eancia na pilha Microsoft SQL Server BI, incluindo T-SQL, SSIS \/ SSAS \/ SSRS \/ Power BI, design de DWH e fluxos de trabalho ETL.","robots":{"index":"index","follow":"follow","max-snippet":"max-snippet:-1","max-image-preview":"max-image-preview:large","max-video-preview":"max-video-preview:-1"},"canonical":"https:\/\/expert-only.com\/pt-pt\/quem-somos-nos-engenheiros-de-dados\/","og_locale":"pt_PT","og_type":"article","og_title":"Quem somos n\u00f3s? Engenheiros de dados","og_description":"Temos experi\u00eancia na pilha Microsoft SQL Server BI, incluindo T-SQL, SSIS \/ SSAS \/ SSRS \/ Power BI, design de DWH e fluxos de trabalho ETL.","og_url":"https:\/\/expert-only.com\/pt-pt\/quem-somos-nos-engenheiros-de-dados\/","og_site_name":"Tutoriais SQL e TI","article_publisher":"https:\/\/www.facebook.com\/ExpertOnlyCom\/","article_modified_time":"2023-03-20T13:42:27+00:00","og_image":[{"width":1920,"height":1080,"url":"https:\/\/expert-only.com\/wp-content\/uploads\/2022\/09\/buildings-1867726_1920x1080.jpg","type":"image\/jpeg"}],"twitter_card":"summary_large_image","twitter_site":"@expert_only","twitter_misc":{"Tempo estimado de leitura":"1 minuto"},"schema":{"@context":"https:\/\/schema.org","@graph":[{"@type":"WebPage","@id":"https:\/\/expert-only.com\/pt-pt\/quem-somos-nos-engenheiros-de-dados\/","url":"https:\/\/expert-only.com\/pt-pt\/quem-somos-nos-engenheiros-de-dados\/","name":"Quem somos n\u00f3s? Engenheiros de dados - Tutoriais SQL e TI","isPartOf":{"@id":"https:\/\/expert-only.com\/pt-pt\/#website"},"primaryImageOfPage":{"@id":"https:\/\/expert-only.com\/pt-pt\/quem-somos-nos-engenheiros-de-dados\/#primaryimage"},"image":{"@id":"https:\/\/expert-only.com\/pt-pt\/quem-somos-nos-engenheiros-de-dados\/#primaryimage"},"thumbnailUrl":"https:\/\/expert-only.com\/wp-content\/uploads\/2022\/09\/buildings-1867726_1920x1080.jpg","datePublished":"2018-06-05T08:08:39+00:00","dateModified":"2023-03-20T13:42:27+00:00","description":"Temos experi\u00eancia na pilha Microsoft SQL Server BI, incluindo T-SQL, SSIS \/ SSAS \/ SSRS \/ Power BI, design de DWH e fluxos de trabalho ETL.","breadcrumb":{"@id":"https:\/\/expert-only.com\/pt-pt\/quem-somos-nos-engenheiros-de-dados\/#breadcrumb"},"inLanguage":"pt-PT","potentialAction":[{"@type":"ReadAction","target":["https:\/\/expert-only.com\/pt-pt\/quem-somos-nos-engenheiros-de-dados\/"]}]},{"@type":"ImageObject","inLanguage":"pt-PT","@id":"https:\/\/expert-only.com\/pt-pt\/quem-somos-nos-engenheiros-de-dados\/#primaryimage","url":"https:\/\/expert-only.com\/wp-content\/uploads\/2022\/09\/buildings-1867726_1920x1080.jpg","contentUrl":"https:\/\/expert-only.com\/wp-content\/uploads\/2022\/09\/buildings-1867726_1920x1080.jpg","width":1920,"height":1080},{"@type":"BreadcrumbList","@id":"https:\/\/expert-only.com\/pt-pt\/quem-somos-nos-engenheiros-de-dados\/#breadcrumb","itemListElement":[{"@type":"ListItem","position":1,"name":"pt","item":"https:\/\/expert-only.com\/pt-pt\/"},{"@type":"ListItem","position":2,"name":"Quem somos n\u00f3s? Engenheiros de dados"}]},{"@type":"WebSite","@id":"https:\/\/expert-only.com\/pt-pt\/#website","url":"https:\/\/expert-only.com\/pt-pt\/","name":"Tutoriais SQL e TI","description":"","publisher":{"@id":"https:\/\/expert-only.com\/pt-pt\/#organization"},"potentialAction":[{"@type":"SearchAction","target":{"@type":"EntryPoint","urlTemplate":"https:\/\/expert-only.com\/pt-pt\/?s={search_term_string}"},"query-input":{"@type":"PropertyValueSpecification","valueRequired":true,"valueName":"search_term_string"}}],"inLanguage":"pt-PT"},{"@type":"Organization","@id":"https:\/\/expert-only.com\/pt-pt\/#organization","name":"Expert-Only","url":"https:\/\/expert-only.com\/pt-pt\/","logo":{"@type":"ImageObject","inLanguage":"pt-PT","@id":"https:\/\/expert-only.com\/pt-pt\/#\/schema\/logo\/image\/","url":"https:\/\/expert-only.com\/wp-content\/uploads\/2017\/09\/cropped-logo_Expert-Only.jpg","contentUrl":"https:\/\/expert-only.com\/wp-content\/uploads\/2017\/09\/cropped-logo_Expert-Only.jpg","width":381,"height":174,"caption":"Expert-Only"},"image":{"@id":"https:\/\/expert-only.com\/pt-pt\/#\/schema\/logo\/image\/"},"sameAs":["https:\/\/www.facebook.com\/ExpertOnlyCom\/","https:\/\/x.com\/expert_only","https:\/\/www.youtube.com\/channel\/UCMS5sR_FwAetB0FmciNvUaA"]}]}},"_links":{"self":[{"href":"https:\/\/expert-only.com\/pt-pt\/wp-json\/wp\/v2\/pages\/23492","targetHints":{"allow":["GET"]}}],"collection":[{"href":"https:\/\/expert-only.com\/pt-pt\/wp-json\/wp\/v2\/pages"}],"about":[{"href":"https:\/\/expert-only.com\/pt-pt\/wp-json\/wp\/v2\/types\/page"}],"author":[{"embeddable":true,"href":"https:\/\/expert-only.com\/pt-pt\/wp-json\/wp\/v2\/users\/1"}],"replies":[{"embeddable":true,"href":"https:\/\/expert-only.com\/pt-pt\/wp-json\/wp\/v2\/comments?post=23492"}],"version-history":[{"count":0,"href":"https:\/\/expert-only.com\/pt-pt\/wp-json\/wp\/v2\/pages\/23492\/revisions"}],"wp:featuredmedia":[{"embeddable":true,"href":"https:\/\/expert-only.com\/pt-pt\/wp-json\/wp\/v2\/media\/10360"}],"wp:attachment":[{"href":"https:\/\/expert-only.com\/pt-pt\/wp-json\/wp\/v2\/media?parent=23492"}],"curies":[{"name":"wp","href":"https:\/\/api.w.org\/{rel}","templated":true}]}}