{"id":27582,"date":"2022-04-18T12:46:39","date_gmt":"2022-04-18T10:46:39","guid":{"rendered":"https:\/\/expert-only.com\/?page_id=27582"},"modified":"2023-10-20T16:24:25","modified_gmt":"2023-10-20T14:24:25","slug":"home-pt-pt","status":"publish","type":"page","link":"https:\/\/expert-only.com\/pt-pt\/","title":{"rendered":"Aprender SQL Server e programa\u00e7\u00e3o T-SQL"},"content":{"rendered":"\n<div class=\"wp-block-uagb-container uagb-block-e724e705 alignfull uagb-is-root-container\"><div class=\"uagb-container-inner-blocks-wrap\">\n<h1 class=\"wp-block-heading\" id=\"h-aprender-os-servicos-de-integracao-do-sql-server-e-a-programacao-t-sql\">Aprender os Servi\u00e7os de Integra\u00e7\u00e3o do SQL Server e a programa\u00e7\u00e3o T-SQL<\/h1>\n\n\n\n<p><em><strong>Inscreva-se hoje para aprender SSIS e Transact-SQL e mergulhe profundamente no mundo das ferramentas de integra\u00e7\u00e3o e base de dados do SQL Server com as nossas sess\u00f5es de forma\u00e7\u00e3o premium.<\/strong><\/em><\/p>\n<\/div><\/div>\n\n\n\n<div class=\"wp-block-uagb-container uagb-block-d1a8cc07 alignfull uagb-is-root-container\"><div class=\"uagb-container-inner-blocks-wrap\">\n<h2 class=\"wp-block-heading\" id=\"h-os-nossos-tutoriais-sql-mais-recentes\">Os nossos tutoriais SQL mais recentes<\/h2>\n\n\n<\/div><\/div>\n\n\n\n<div class=\"wp-block-uagb-container uagb-block-c2400e67 alignfull uagb-is-root-container\"><div class=\"uagb-container-inner-blocks-wrap\">\n<h2 class=\"wp-block-heading\" id=\"h-maximize-o-seu-potencial-de-carreira-em-ti\">Maximize o seu potencial de carreira em TI<\/h2>\n\n\n\n<p>Quer seja um entusiasta de dados ansioso por se aprofundar ou um profissional de TI experiente que procura progredir no dom\u00ednio dos dados, a nossa forma\u00e7\u00e3o dota-o das compet\u00eancias mais procuradas no sector. Amplie as suas perspectivas de carreira, participe em projectos mais complexos e torne-se um ativo indispens\u00e1vel para a sua organiza\u00e7\u00e3o.<\/p>\n\n\n\n<h2 class=\"wp-block-heading\" id=\"h-integrar-e-transformar-dados-com-ssis-e-t-sql\">Integrar e transformar dados com SSIS e T-SQL<\/h2>\n\n\n\n<p>As vagas s\u00e3o limitadas, garantindo sess\u00f5es focadas e personalizadas. Registe-se agora e embarque numa viagem transformadora nos dom\u00ednios do SSIS e do <a href=\"https:\/\/expert-only.com\/pt-pt\/t-sql\/funcoes-json-do-sql-server\/\">T-SQL<\/a>. N\u00e3o se limite a aprender &#8211; melhore com a nossa forma\u00e7\u00e3o especializada em SSIS e T-SQL!<\/p>\n<\/div><\/div>\n\n\n\n<div style=\"height:100px\" aria-hidden=\"true\" class=\"wp-block-spacer\"><\/div>\n\n\n\n<div class=\"wp-block-uagb-container uagb-block-16302683 alignfull uagb-is-root-container\"><div class=\"uagb-container-inner-blocks-wrap\">\n<h2 class=\"wp-block-heading has-text-align-center\" id=\"h-como-e-que-funciona\">Como \u00e9 que funciona?<\/h2>\n\n\n\n<p class=\"has-text-align-center\"><strong>Seleccione um t\u00f3pico e uma subscri\u00e7\u00e3o e comece a aprender a integra\u00e7\u00e3o de dados online.<\/strong><\/p>\n<\/div><\/div>\n\n\n\n<div class=\"wp-block-uagb-container uagb-block-ee8c93d0 alignfull uagb-is-root-container\"><div class=\"uagb-container-inner-blocks-wrap\">\n<div class=\"wp-block-uagb-container uagb-block-5d9fb824\">\n<div class=\"wp-block-uagb-container uagb-block-16e3c2eb\">\n<div class=\"wp-block-uagb-advanced-heading uagb-block-56901238\"><h3 class=\"uagb-heading-text\">Aprenda uma nova compet\u00eancia inform\u00e1tica em linha, em qualquer lugar e a qualquer hora<\/h3><p class=\"uagb-desc-text\">Liberte o seu potencial com a nossa gama diversificada de cursos online ministrados por especialistas, abrangendo o Microsoft SSIS e T-SQL, concebidos para o capacitar com compet\u00eancias de TI a pedido, no conforto da sua pr\u00f3pria casa, ao seu pr\u00f3prio ritmo!<\/p><\/div>\n\n\n\n<div class=\"wp-block-uagb-info-box uagb-block-6e493191 uagb-infobox__content-wrap  uagb-infobox-icon-left uagb-infobox-left uagb-infobox-image-valign-top\"><div class=\"uagb-ifb-icon-wrap\"><svg xmlns=\"https:\/\/www.w3.org\/2000\/svg\" viewBox=\"0 0 384 512\"><path d=\"M374.6 310.6l-160 160C208.4 476.9 200.2 480 192 480s-16.38-3.125-22.62-9.375l-160-160c-12.5-12.5-12.5-32.75 0-45.25s32.75-12.5 45.25 0L160 370.8V64c0-17.69 14.33-31.1 31.1-31.1S224 46.31 224 64v306.8l105.4-105.4c12.5-12.5 32.75-12.5 45.25 0S387.1 298.1 374.6 310.6z\"><\/path><\/svg><\/div><div class=\"uagb-ifb-content\"><div class=\"uagb-ifb-title-wrap\"><h3 class=\"uagb-ifb-title\">Aprendizagem personalizada<\/h3><\/div><p class=\"uagb-ifb-desc\">Experimente um crescimento personalizado com os nossos cursos online, centrados na Microsoft e em ferramentas de integra\u00e7\u00e3o de dados, que lhe permitem desenvolver compet\u00eancias inform\u00e1ticas essenciais de acordo com as suas pr\u00f3prias necessidades e hor\u00e1rios.<\/p><\/div><\/div>\n\n\n\n<div class=\"wp-block-uagb-info-box uagb-block-9146f131 uagb-infobox__content-wrap  uagb-infobox-icon-left uagb-infobox-left uagb-infobox-image-valign-top\"><div class=\"uagb-ifb-icon-wrap\"><svg xmlns=\"https:\/\/www.w3.org\/2000\/svg\" viewBox=\"0 0 384 512\"><path d=\"M374.6 310.6l-160 160C208.4 476.9 200.2 480 192 480s-16.38-3.125-22.62-9.375l-160-160c-12.5-12.5-12.5-32.75 0-45.25s32.75-12.5 45.25 0L160 370.8V64c0-17.69 14.33-31.1 31.1-31.1S224 46.31 224 64v306.8l105.4-105.4c12.5-12.5 32.75-12.5 45.25 0S387.1 298.1 374.6 310.6z\"><\/path><\/svg><\/div><div class=\"uagb-ifb-content\"><div class=\"uagb-ifb-title-wrap\"><h3 class=\"uagb-ifb-title\">Obter ajuda especializada<\/h3><\/div><p class=\"uagb-ifb-desc\">Aceda \u00e0 nossa equipa dedicada de profissionais para obter assist\u00eancia a pedido ao longo do seu percurso de aprendizagem, garantindo que tem o apoio de que necessita para dominar com confian\u00e7a as ferramentas da Microsoft e de integra\u00e7\u00e3o de dados<\/p><\/div><\/div>\n\n\n\n<div class=\"wp-block-uagb-info-box uagb-block-aa17cb82 uagb-infobox__content-wrap  uagb-infobox-icon-left uagb-infobox-left uagb-infobox-image-valign-top\"><div class=\"uagb-ifb-icon-wrap\"><svg xmlns=\"https:\/\/www.w3.org\/2000\/svg\" viewBox=\"0 0 384 512\"><path d=\"M374.6 310.6l-160 160C208.4 476.9 200.2 480 192 480s-16.38-3.125-22.62-9.375l-160-160c-12.5-12.5-12.5-32.75 0-45.25s32.75-12.5 45.25 0L160 370.8V64c0-17.69 14.33-31.1 31.1-31.1S224 46.31 224 64v306.8l105.4-105.4c12.5-12.5 32.75-12.5 45.25 0S387.1 298.1 374.6 310.6z\"><\/path><\/svg><\/div><div class=\"uagb-ifb-content\"><div class=\"uagb-ifb-title-wrap\"><h3 class=\"uagb-ifb-title\">Aprenda em qualquer altura e em qualquer lugar<\/h3><\/div><p class=\"uagb-ifb-desc\">Descubra a liberdade de aprender SQL Server e programa\u00e7\u00e3o de bases de dados ao seu pr\u00f3prio ritmo, com os nossos cursos online flex\u00edveis e acess\u00edveis a partir de qualquer local, permitindo-lhe desenvolver compet\u00eancias inform\u00e1ticas essenciais quando e onde melhor lhe convier.<\/p><\/div><\/div>\n<\/div>\n\n\n\n<div class=\"wp-block-uagb-container uagb-block-92ecb25b\">\n<div class=\"wp-block-uagb-advanced-heading uagb-block-9f6c0cb7\"><h2 class=\"uagb-heading-text\">Preparamo-lo para dominar o SSIS e o T-SQL passo a passo.<\/h2><\/div>\n\n\n\n<div class=\"wp-block-uagb-info-box uagb-block-ffa4c936 uagb-infobox__content-wrap  uagb-infobox-icon-above-title uagb-infobox-image-valign-top\"><div class=\"uagb-ifb-content\"><div class=\"uagb-ifb-title-wrap\"><p class=\"uagb-ifb-title\">Embarque numa viagem de aprendizagem guiada atrav\u00e9s dos nossos cursos passo-a-passo meticulosamente elaborados, concebidos para o equipar com os conhecimentos e compet\u00eancias necess\u00e1rios para se destacar na Microsoft e nas ferramentas de integra\u00e7\u00e3o de dados, ajudando-o, em \u00faltima an\u00e1lise, a alcan\u00e7ar as suas aspira\u00e7\u00f5es de carreira em TI.<\/p><\/div><\/div><\/div>\n<\/div>\n<\/div>\n<\/div><\/div>\n\n\n\n<div class=\"wp-block-uagb-container uagb-block-46ae8906 alignfull uagb-is-root-container\"><div class=\"uagb-container-inner-blocks-wrap\">\n<p><strong><em>No mundo din\u00e2mico dos dados e das TI, o dom\u00ednio de ferramentas como o SSIS e o T-SQL pode diferenci\u00e1-lo.<\/em><\/strong><\/p>\n\n\n\n<p>A nossa forma\u00e7\u00e3o n\u00e3o s\u00f3 melhora a sua profici\u00eancia t\u00e9cnica, como tamb\u00e9m o capacita para conduzir processos de tomada de decis\u00e3o baseados em dados, simplificar opera\u00e7\u00f5es e contribuir significativamente para o crescimento do neg\u00f3cio. Uma vez que os dados continuam a ser o ativo mais valioso de uma organiza\u00e7\u00e3o, os especialistas na sua gest\u00e3o e manipula\u00e7\u00e3o continuam a ser muito procurados.<\/p>\n\n\n\n<p>N\u00e3o perca esta oportunidade de elevar a sua carreira e de se tornar um especialista reconhecido na \u00e1rea. Para tal, basta come\u00e7ar e aprender SQL Server e programa\u00e7\u00e3o T-SQL. E torne-se um especialista.<\/p>\n<\/div><\/div>\n","protected":false},"excerpt":{"rendered":"<div class=\"mh-excerpt\"><\/div>","protected":false},"author":1,"featured_media":0,"parent":0,"menu_order":0,"comment_status":"closed","ping_status":"closed","template":"template-homepage.php","meta":{"footnotes":""},"class_list":["post-27582","page","type-page","status-publish"],"yoast_head":"<!-- This site is optimized with the Yoast SEO Premium plugin v21.7 (Yoast SEO v26.2) - https:\/\/yoast.com\/wordpress\/plugins\/seo\/ -->\n<title>Aprender SQL Server e programa\u00e7\u00e3o T-SQL - Tutoriais SQL e TI<\/title>\n<meta name=\"description\" content=\"Aprenda SQL Server e programa\u00e7\u00e3o com os nossos tutoriais sobre SSIS, T-SQL, MS-DOS, PowerShell, Power BI, Python e muito mais.\" \/>\n<meta name=\"robots\" content=\"index, follow, max-snippet:-1, max-image-preview:large, max-video-preview:-1\" \/>\n<link rel=\"canonical\" href=\"https:\/\/expert-only.com\/pt-pt\/\" \/>\n<meta property=\"og:locale\" content=\"pt_PT\" \/>\n<meta property=\"og:type\" content=\"article\" \/>\n<meta property=\"og:title\" content=\"Aprender SQL Server e programa\u00e7\u00e3o T-SQL\" \/>\n<meta property=\"og:description\" content=\"Aprenda SQL Server e programa\u00e7\u00e3o com os nossos tutoriais sobre SSIS, T-SQL, MS-DOS, PowerShell, Power BI, Python e muito mais.\" \/>\n<meta property=\"og:url\" content=\"https:\/\/expert-only.com\/pt-pt\/\" \/>\n<meta property=\"og:site_name\" content=\"Tutoriais SQL e TI\" \/>\n<meta property=\"article:publisher\" content=\"https:\/\/www.facebook.com\/ExpertOnlyCom\/\" \/>\n<meta property=\"article:modified_time\" content=\"2023-10-20T14:24:25+00:00\" \/>\n<meta name=\"twitter:card\" content=\"summary_large_image\" \/>\n<meta name=\"twitter:site\" content=\"@expert_only\" \/>\n<meta name=\"twitter:label1\" content=\"Tempo estimado de leitura\" \/>\n\t<meta name=\"twitter:data1\" content=\"3 minutos\" \/>\n<script type=\"application\/ld+json\" class=\"yoast-schema-graph\">{\"@context\":\"https:\/\/schema.org\",\"@graph\":[{\"@type\":\"WebPage\",\"@id\":\"https:\/\/expert-only.com\/pt-pt\/\",\"url\":\"https:\/\/expert-only.com\/pt-pt\/\",\"name\":\"Aprender SQL Server e programa\u00e7\u00e3o T-SQL - Tutoriais SQL e TI\",\"isPartOf\":{\"@id\":\"https:\/\/expert-only.com\/pt-pt\/#website\"},\"datePublished\":\"2022-04-18T10:46:39+00:00\",\"dateModified\":\"2023-10-20T14:24:25+00:00\",\"description\":\"Aprenda SQL Server e programa\u00e7\u00e3o com os nossos tutoriais sobre SSIS, T-SQL, MS-DOS, PowerShell, Power BI, Python e muito mais.\",\"breadcrumb\":{\"@id\":\"https:\/\/expert-only.com\/pt-pt\/#breadcrumb\"},\"inLanguage\":\"pt-PT\",\"potentialAction\":[{\"@type\":\"ReadAction\",\"target\":[\"https:\/\/expert-only.com\/pt-pt\/\"]}]},{\"@type\":\"BreadcrumbList\",\"@id\":\"https:\/\/expert-only.com\/pt-pt\/#breadcrumb\",\"itemListElement\":[{\"@type\":\"ListItem\",\"position\":1,\"name\":\"pt\",\"item\":\"https:\/\/expert-only.com\/pt-pt\/\"},{\"@type\":\"ListItem\",\"position\":2,\"name\":\"Aprender SQL Server e programa\u00e7\u00e3o T-SQL\"}]},{\"@type\":\"WebSite\",\"@id\":\"https:\/\/expert-only.com\/pt-pt\/#website\",\"url\":\"https:\/\/expert-only.com\/pt-pt\/\",\"name\":\"Tutoriais SQL e TI\",\"description\":\"\",\"publisher\":{\"@id\":\"https:\/\/expert-only.com\/pt-pt\/#organization\"},\"potentialAction\":[{\"@type\":\"SearchAction\",\"target\":{\"@type\":\"EntryPoint\",\"urlTemplate\":\"https:\/\/expert-only.com\/pt-pt\/?s={search_term_string}\"},\"query-input\":{\"@type\":\"PropertyValueSpecification\",\"valueRequired\":true,\"valueName\":\"search_term_string\"}}],\"inLanguage\":\"pt-PT\"},{\"@type\":\"Organization\",\"@id\":\"https:\/\/expert-only.com\/pt-pt\/#organization\",\"name\":\"Expert-Only\",\"url\":\"https:\/\/expert-only.com\/pt-pt\/\",\"logo\":{\"@type\":\"ImageObject\",\"inLanguage\":\"pt-PT\",\"@id\":\"https:\/\/expert-only.com\/pt-pt\/#\/schema\/logo\/image\/\",\"url\":\"https:\/\/expert-only.com\/wp-content\/uploads\/2017\/09\/cropped-logo_Expert-Only.jpg\",\"contentUrl\":\"https:\/\/expert-only.com\/wp-content\/uploads\/2017\/09\/cropped-logo_Expert-Only.jpg\",\"width\":381,\"height\":174,\"caption\":\"Expert-Only\"},\"image\":{\"@id\":\"https:\/\/expert-only.com\/pt-pt\/#\/schema\/logo\/image\/\"},\"sameAs\":[\"https:\/\/www.facebook.com\/ExpertOnlyCom\/\",\"https:\/\/x.com\/expert_only\",\"https:\/\/www.youtube.com\/channel\/UCMS5sR_FwAetB0FmciNvUaA\"]}]}<\/script>\n<!-- \/ Yoast SEO Premium plugin. -->","yoast_head_json":{"title":"Aprender SQL Server e programa\u00e7\u00e3o T-SQL - Tutoriais SQL e TI","description":"Aprenda SQL Server e programa\u00e7\u00e3o com os nossos tutoriais sobre SSIS, T-SQL, MS-DOS, PowerShell, Power BI, Python e muito mais.","robots":{"index":"index","follow":"follow","max-snippet":"max-snippet:-1","max-image-preview":"max-image-preview:large","max-video-preview":"max-video-preview:-1"},"canonical":"https:\/\/expert-only.com\/pt-pt\/","og_locale":"pt_PT","og_type":"article","og_title":"Aprender SQL Server e programa\u00e7\u00e3o T-SQL","og_description":"Aprenda SQL Server e programa\u00e7\u00e3o com os nossos tutoriais sobre SSIS, T-SQL, MS-DOS, PowerShell, Power BI, Python e muito mais.","og_url":"https:\/\/expert-only.com\/pt-pt\/","og_site_name":"Tutoriais SQL e TI","article_publisher":"https:\/\/www.facebook.com\/ExpertOnlyCom\/","article_modified_time":"2023-10-20T14:24:25+00:00","twitter_card":"summary_large_image","twitter_site":"@expert_only","twitter_misc":{"Tempo estimado de leitura":"3 minutos"},"schema":{"@context":"https:\/\/schema.org","@graph":[{"@type":"WebPage","@id":"https:\/\/expert-only.com\/pt-pt\/","url":"https:\/\/expert-only.com\/pt-pt\/","name":"Aprender SQL Server e programa\u00e7\u00e3o T-SQL - Tutoriais SQL e TI","isPartOf":{"@id":"https:\/\/expert-only.com\/pt-pt\/#website"},"datePublished":"2022-04-18T10:46:39+00:00","dateModified":"2023-10-20T14:24:25+00:00","description":"Aprenda SQL Server e programa\u00e7\u00e3o com os nossos tutoriais sobre SSIS, T-SQL, MS-DOS, PowerShell, Power BI, Python e muito mais.","breadcrumb":{"@id":"https:\/\/expert-only.com\/pt-pt\/#breadcrumb"},"inLanguage":"pt-PT","potentialAction":[{"@type":"ReadAction","target":["https:\/\/expert-only.com\/pt-pt\/"]}]},{"@type":"BreadcrumbList","@id":"https:\/\/expert-only.com\/pt-pt\/#breadcrumb","itemListElement":[{"@type":"ListItem","position":1,"name":"pt","item":"https:\/\/expert-only.com\/pt-pt\/"},{"@type":"ListItem","position":2,"name":"Aprender SQL Server e programa\u00e7\u00e3o T-SQL"}]},{"@type":"WebSite","@id":"https:\/\/expert-only.com\/pt-pt\/#website","url":"https:\/\/expert-only.com\/pt-pt\/","name":"Tutoriais SQL e TI","description":"","publisher":{"@id":"https:\/\/expert-only.com\/pt-pt\/#organization"},"potentialAction":[{"@type":"SearchAction","target":{"@type":"EntryPoint","urlTemplate":"https:\/\/expert-only.com\/pt-pt\/?s={search_term_string}"},"query-input":{"@type":"PropertyValueSpecification","valueRequired":true,"valueName":"search_term_string"}}],"inLanguage":"pt-PT"},{"@type":"Organization","@id":"https:\/\/expert-only.com\/pt-pt\/#organization","name":"Expert-Only","url":"https:\/\/expert-only.com\/pt-pt\/","logo":{"@type":"ImageObject","inLanguage":"pt-PT","@id":"https:\/\/expert-only.com\/pt-pt\/#\/schema\/logo\/image\/","url":"https:\/\/expert-only.com\/wp-content\/uploads\/2017\/09\/cropped-logo_Expert-Only.jpg","contentUrl":"https:\/\/expert-only.com\/wp-content\/uploads\/2017\/09\/cropped-logo_Expert-Only.jpg","width":381,"height":174,"caption":"Expert-Only"},"image":{"@id":"https:\/\/expert-only.com\/pt-pt\/#\/schema\/logo\/image\/"},"sameAs":["https:\/\/www.facebook.com\/ExpertOnlyCom\/","https:\/\/x.com\/expert_only","https:\/\/www.youtube.com\/channel\/UCMS5sR_FwAetB0FmciNvUaA"]}]}},"_links":{"self":[{"href":"https:\/\/expert-only.com\/pt-pt\/wp-json\/wp\/v2\/pages\/27582","targetHints":{"allow":["GET"]}}],"collection":[{"href":"https:\/\/expert-only.com\/pt-pt\/wp-json\/wp\/v2\/pages"}],"about":[{"href":"https:\/\/expert-only.com\/pt-pt\/wp-json\/wp\/v2\/types\/page"}],"author":[{"embeddable":true,"href":"https:\/\/expert-only.com\/pt-pt\/wp-json\/wp\/v2\/users\/1"}],"replies":[{"embeddable":true,"href":"https:\/\/expert-only.com\/pt-pt\/wp-json\/wp\/v2\/comments?post=27582"}],"version-history":[{"count":3,"href":"https:\/\/expert-only.com\/pt-pt\/wp-json\/wp\/v2\/pages\/27582\/revisions"}],"predecessor-version":[{"id":27585,"href":"https:\/\/expert-only.com\/pt-pt\/wp-json\/wp\/v2\/pages\/27582\/revisions\/27585"}],"wp:attachment":[{"href":"https:\/\/expert-only.com\/pt-pt\/wp-json\/wp\/v2\/media?parent=27582"}],"curies":[{"name":"wp","href":"https:\/\/api.w.org\/{rel}","templated":true}]}}